{"id":3913,"date":"2021-10-29T14:08:27","date_gmt":"2021-10-29T14:08:27","guid":{"rendered":"https:\/\/dancingcuba.com\/?page_id=3913"},"modified":"2021-10-29T14:08:39","modified_gmt":"2021-10-29T14:08:39","slug":"privacy-policy","status":"publish","type":"page","link":"https:\/\/dancingcuba.com\/es\/privacy-policy\/","title":{"rendered":"Pol\u00edtica de privacidad"},"content":{"rendered":"<p>tipo =\u201d4_4\u2033][et_pb_text _builder_version=\u201d4.10.7\u2033 _module_preset=\u201ddefault\u201d hover_enabled=\u201d0\u2033 sticky_enabled=\u201d0\u2033 text_font=\u201d||||||||\u201d text_font_size=\u201d16px\u201d]<\/p>\n<h1><strong>Pol\u00edtica de privacidad<\/strong><\/h1>\n<p><strong><\/strong><\/p>\n<p>\u00daltima actualizaci\u00f3n el 28-oct-2021<\/p>\n<p>Fecha de vigencia 28-oct-2021<\/p>\n<p>&nbsp;<\/p>\n<p>Esta Pol\u00edtica de privacidad describe las pol\u00edticas de Dancing Cuba, Vapor 156, La Habana 10500, Cuba, correo electr\u00f3nico: info@dancingcuba.com, tel\u00e9fono: +5378778453 sobre la recopilaci\u00f3n, uso y divulgaci\u00f3n de su informaci\u00f3n que recopilamos cuando utiliza nuestro sitio web ( https:\/\/dancingcuba.com). (el servicio&quot;). Al acceder o utilizar el Servicio, usted acepta la recopilaci\u00f3n, el uso y la divulgaci\u00f3n de su informaci\u00f3n de acuerdo con esta Pol\u00edtica de privacidad. Si no da su consentimiento para lo mismo, no acceda ni utilice el Servicio.<\/p>\n<p>Podemos modificar esta Pol\u00edtica de privacidad en cualquier momento sin previo aviso y publicaremos la Pol\u00edtica de privacidad revisada en el Servicio. La Pol\u00edtica revisada entrar\u00e1 en vigencia 180 d\u00edas despu\u00e9s de que la Pol\u00edtica revisada se publique en el Servicio y su acceso o uso continuo del Servicio despu\u00e9s de ese tiempo constituir\u00e1 su aceptaci\u00f3n de la Pol\u00edtica de privacidad revisada. Por lo tanto, le recomendamos que revise peri\u00f3dicamente esta p\u00e1gina.<\/p>\n<p>&nbsp;<\/p>\n<p>Informaci\u00f3n que recopilamos:<\/p>\n<p>Recopilaremos y procesaremos la siguiente informaci\u00f3n personal sobre usted:<\/p>\n<p>&nbsp;<\/p>\n<p>Nombre<\/p>\n<p>Correo electr\u00f3nico<\/p>\n<p>M\u00f3vil<\/p>\n<p>Direcci\u00f3n<\/p>\n<p>Informaci\u00f3n de pago<\/p>\n<p>&nbsp;<\/p>\n<p>C\u00f3mo usamos su informaci\u00f3n:<\/p>\n<p>Usaremos la informaci\u00f3n que recopilamos sobre usted para los siguientes prop\u00f3sitos:<\/p>\n<p>&nbsp;<\/p>\n<p>Marketing \/ Promocional<\/p>\n<p>Creando cuenta de usuario<\/p>\n<p>Testimonios<\/p>\n<p>Recopilaci\u00f3n de comentarios de los clientes<\/p>\n<p>Procesando el pago<\/p>\n<p>Apoyo<\/p>\n<p>Administrar el pedido del cliente<\/p>\n<p>Resoluci\u00f3n de conflictos<\/p>\n<p>Administrar cuenta de usuario<\/p>\n<p>Si queremos usar su informaci\u00f3n para cualquier otro prop\u00f3sito, le pediremos su consentimiento y usaremos su informaci\u00f3n solo al recibir su consentimiento y luego, solo para el (los) prop\u00f3sito (s) para los cuales otorgue el consentimiento, a menos que estemos obligados a hacer lo contrario por ley.<\/p>\n<p>&nbsp;<\/p>\n<p>Conservaci\u00f3n de su informaci\u00f3n:<\/p>\n<p>Conservaremos su informaci\u00f3n personal con nosotros durante 90 d\u00edas a 2 a\u00f1os despu\u00e9s de que los usuarios cancelen sus cuentas o durante el tiempo que la necesitemos para cumplir con los fines para los que se recopil\u00f3, como se detalla en esta Pol\u00edtica de privacidad. Es posible que necesitemos retener cierta informaci\u00f3n durante per\u00edodos m\u00e1s largos, como el mantenimiento de registros \/ informes de acuerdo con la ley aplicable o por otras razones leg\u00edtimas como la aplicaci\u00f3n de derechos legales, prevenci\u00f3n de fraude, etc. Informaci\u00f3n an\u00f3nima residual e informaci\u00f3n agregada, ninguna de las cuales lo identifica a usted (directa o indirectamente), pueden almacenarse indefinidamente.<\/p>\n<p>&nbsp;<\/p>\n<p>Tus derechos:<\/p>\n<p>Dependiendo de la ley que se aplique, puede tener derecho a acceder y rectificar o borrar sus datos personales o recibir una copia de sus datos personales, restringir u oponerse al procesamiento activo de sus datos, pedirnos que compartamos (portar) sus datos personales. informaci\u00f3n a otra entidad, retirar cualquier consentimiento que nos haya brindado para procesar sus datos, el derecho a presentar una queja ante una autoridad legal y otros derechos que puedan ser relevantes seg\u00fan las leyes aplicables. Para ejercitar estos derechos, puede escribirnos a info@dancingcuba.com. Responderemos a su solicitud de acuerdo con la ley aplicable.<\/p>\n<p>Puede optar por no recibir comunicaciones de marketing directo o la elaboraci\u00f3n de perfiles que realizamos con fines de marketing escribi\u00e9ndonos a info@dancingcuba.com.<\/p>\n<p>Tenga en cuenta que si no nos permite recopilar o procesar la informaci\u00f3n personal requerida o retirar el consentimiento para procesar la misma para los fines requeridos, es posible que no pueda acceder o utilizar los servicios para los que se solicit\u00f3 su informaci\u00f3n.<\/p>\n<p>&nbsp;<\/p>\n<p>Cookies, etc.<\/p>\n<p>Para obtener m\u00e1s informaci\u00f3n sobre c\u00f3mo usamos estas y sus opciones en relaci\u00f3n con estas tecnolog\u00edas de seguimiento, consulte nuestra Pol\u00edtica de cookies.<\/p>\n<p>&nbsp;<\/p>\n<p>Seguridad:<\/p>\n<p>La seguridad de su informaci\u00f3n es importante para nosotros y usaremos medidas de seguridad razonables para evitar la p\u00e9rdida, mal uso o alteraci\u00f3n no autorizada de su informaci\u00f3n bajo nuestro control. Sin embargo, dados los riesgos inherentes, no podemos garantizar una seguridad absoluta y, en consecuencia, no podemos garantizar ni garantizar la seguridad de ninguna informaci\u00f3n que nos transmita y lo hace bajo su propio riesgo.<\/p>\n<p>&nbsp;<\/p>\n<p>Enlaces de terceros y uso de su informaci\u00f3n:<\/p>\n<p>Nuestro Servicio puede contener enlaces a otros sitios web que no son operados por nosotros. Esta Pol\u00edtica de privacidad no aborda la pol\u00edtica de privacidad y otras pr\u00e1cticas de terceros, incluido cualquier tercero que opere cualquier sitio web o servicio al que se pueda acceder a trav\u00e9s de un enlace en el Servicio. Le recomendamos encarecidamente que revise la pol\u00edtica de privacidad de cada sitio que visite. No tenemos control ni asumimos ninguna responsabilidad por el contenido, las pol\u00edticas de privacidad o las pr\u00e1cticas de sitios o servicios de terceros.<\/p>\n<p>&nbsp;<\/p>\n<p>Delegado de protecci\u00f3n de datos:<\/p>\n<p>Si tiene alguna consulta o inquietud sobre el procesamiento de su informaci\u00f3n que est\u00e1 disponible con nosotros, puede enviar un correo electr\u00f3nico a nuestro Oficial de Protecci\u00f3n de Datos en Dancing Cuba, Vapor 156, La Habana, Cuba al correo electr\u00f3nico: info@dancingcuba.com. Atenderemos sus inquietudes de acuerdo con la ley aplicable.<\/p>\n<p>&nbsp;<\/p>\n<p>[\/et_pb_text][\/et_pb_column][\/et_pb_row][\/et_pb_section]<\/p>","protected":false},"excerpt":{"rendered":"<p>Pol\u00edtica de privacidad actualizada por \u00faltima vez el 28-oct-2021 Fecha de vigencia 28-oct-2021 Esta Pol\u00edtica de privacidad describe las pol\u00edticas de Dancing Cuba, Vapor 156, La Habana 10500, Cuba, correo electr\u00f3nico: info@dancingcuba.com, tel\u00e9fono: +5378778453 en el recopilaci\u00f3n, uso y divulgaci\u00f3n de su informaci\u00f3n que recopilamos cuando utiliza nuestro sitio web ( https:\/\/dancingcuba.com ). (el servicio&quot;). Al acceder o utilizar [\u2026]<\/p>","protected":false},"author":3,"featured_media":0,"parent":0,"menu_order":0,"comment_status":"closed","ping_status":"closed","template":"","meta":{"_et_pb_use_builder":"on","_et_pb_old_content":"","_et_gb_content_width":"","_monsterinsights_skip_tracking":false,"_monsterinsights_sitenote_active":false,"_monsterinsights_sitenote_note":"","_monsterinsights_sitenote_category":0,"footnotes":""},"aioseo_notices":[],"_links":{"self":[{"href":"https:\/\/dancingcuba.com\/es\/wp-json\/wp\/v2\/pages\/3913"}],"collection":[{"href":"https:\/\/dancingcuba.com\/es\/wp-json\/wp\/v2\/pages"}],"about":[{"href":"https:\/\/dancingcuba.com\/es\/wp-json\/wp\/v2\/types\/page"}],"author":[{"embeddable":true,"href":"https:\/\/dancingcuba.com\/es\/wp-json\/wp\/v2\/users\/3"}],"replies":[{"embeddable":true,"href":"https:\/\/dancingcuba.com\/es\/wp-json\/wp\/v2\/comments?post=3913"}],"version-history":[{"count":2,"href":"https:\/\/dancingcuba.com\/es\/wp-json\/wp\/v2\/pages\/3913\/revisions"}],"predecessor-version":[{"id":3915,"href":"https:\/\/dancingcuba.com\/es\/wp-json\/wp\/v2\/pages\/3913\/revisions\/3915"}],"wp:attachment":[{"href":"https:\/\/dancingcuba.com\/es\/wp-json\/wp\/v2\/media?parent=3913"}],"curies":[{"name":"wp","href":"https:\/\/api.w.org\/{rel}","templated":true}]}}