{"id":3659,"date":"2021-09-05T16:56:20","date_gmt":"2021-09-05T16:56:20","guid":{"rendered":"https:\/\/dev.dancingcuba.com\/?page_id=3659"},"modified":"2021-09-08T13:47:05","modified_gmt":"2021-09-08T13:47:05","slug":"terms-and-conditions","status":"publish","type":"page","link":"https:\/\/dancingcuba.com\/es\/terms-and-conditions\/","title":{"rendered":"T\u00e9rminos y condiciones"},"content":{"rendered":"<p>[et_pb_section fb_built=&#8221;1&#8243; _builder_version=&#8221;4.10.5&#8243; _module_preset=&#8221;default&#8221; global_colors_info=&#8221;{}&#8221;][et_pb_row _builder_version=&#8221;4.10.5&#8243; _module_preset=&#8221;default&#8221; global_colors_info=&#8221;{}&#8221;][et_pb_column type=&#8221;4_4&#8243; _builder_version=&#8221;4.10.5&#8243; _module_preset=&#8221;default&#8221; global_colors_info=&#8221;{}&#8221;][et_pb_text _builder_version=&#8221;4.10.5&#8243; _module_preset=&#8221;default&#8221; hover_enabled=&#8221;0&#8243; global_colors_info=&#8221;{}&#8221; sticky_enabled=&#8221;0&#8243;]<\/p>\n<h2 style=\"text-align: left; text-transform: uppercase;\">T\u00e9rminos y condiciones<\/h2>\n<p>&nbsp;<\/p>\n<p style=\"text-align: justify;\"><strong>POL\u00cdTICA DE CANCELACI\u00d3N<\/strong><\/p>\n<ul style=\"text-align: justify;\">\n<li>En el momento de la reserva, su tarjeta de cr\u00e9dito ser\u00e1 cargada completamente si su check-in es dentro de las 4 semanas. De lo contrario, el cargo ser\u00e1 25% del cargo total. En caso de cancelaci\u00f3n o no llegada, el importe NO ES REEMBOLSABLE.<\/li>\n<li>Si no llega dentro de las 4 semanas, deber\u00e1 pagar el saldo restante mediante tarjeta de cr\u00e9dito. 4 semanas antes del check-in. Puede hacerlo utilizando la funci\u00f3n de revisi\u00f3n de su reserva. Si no paga el saldo restante a tiempo, la reserva no se mantendr\u00e1 y no se reembolsar\u00e1 el dinero depositado.<\/li>\n<li>Para cancelar, cambiar o modificar su reserva (sujeto a disponibilidad), puede utilizar la funci\u00f3n &quot;Verifique su reserva&quot; en nuestro sitio web o p\u00f3ngase en contacto con nosotros por correo electr\u00f3nico.<\/li>\n<\/ul>\n<p style=\"text-align: justify;\"><strong>INFORMACI\u00d3N ADICIONAL<\/strong><\/p>\n<ul>\n<li style=\"text-align: justify;\">No se permiten invitados no registrados en las instalaciones durante la noche. Sin excepciones.<\/li>\n<li style=\"text-align: justify;\">El registro es a las 2 pm. Si llega antes de las 2 pm y la habitaci\u00f3n est\u00e1 disponible, con gusto lo registraremos antes. (sujeto a disponibilidad).<\/li>\n<li style=\"text-align: justify;\">La salida es a las 12 m, sin embargo, si tiene un vuelo m\u00e1s tarde en el d\u00eda, puede quedarse en el albergue, guardaremos su equipaje hasta su salida.<\/li>\n<li style=\"text-align: justify;\">Las clases de baile comienzan a las 11 de la ma\u00f1ana y a las 2 de la tarde. Sin embargo, se pueden organizar diferentes horarios dependiendo de la disponibilidad.<\/li>\n<li style=\"text-align: justify;\">No se permiten mascotas<\/li>\n<\/ul>\n<p>[\/et_pb_text][\/et_pb_column][\/et_pb_row][\/et_pb_section]<\/p>","protected":false},"excerpt":{"rendered":"<p>Terms and Conditions &nbsp; CANCELLATION POLICY At the time of booking, your credit card will be fully charged if your check-in is within 4 weeks. Otherwise the charge will be 25% off the total charge. In case of cancellation or non-arrival, the amount is NOT REFUNDABLE. If your arrival is not within 4weeks you need [&hellip;]<\/p>","protected":false},"author":3,"featured_media":0,"parent":0,"menu_order":0,"comment_status":"closed","ping_status":"closed","template":"","meta":{"_et_pb_use_builder":"on","_et_pb_old_content":"","_et_gb_content_width":"","_monsterinsights_skip_tracking":false,"_monsterinsights_sitenote_active":false,"_monsterinsights_sitenote_note":"","_monsterinsights_sitenote_category":0,"footnotes":""},"aioseo_notices":[],"_links":{"self":[{"href":"https:\/\/dancingcuba.com\/es\/wp-json\/wp\/v2\/pages\/3659"}],"collection":[{"href":"https:\/\/dancingcuba.com\/es\/wp-json\/wp\/v2\/pages"}],"about":[{"href":"https:\/\/dancingcuba.com\/es\/wp-json\/wp\/v2\/types\/page"}],"author":[{"embeddable":true,"href":"https:\/\/dancingcuba.com\/es\/wp-json\/wp\/v2\/users\/3"}],"replies":[{"embeddable":true,"href":"https:\/\/dancingcuba.com\/es\/wp-json\/wp\/v2\/comments?post=3659"}],"version-history":[{"count":0,"href":"https:\/\/dancingcuba.com\/es\/wp-json\/wp\/v2\/pages\/3659\/revisions"}],"wp:attachment":[{"href":"https:\/\/dancingcuba.com\/es\/wp-json\/wp\/v2\/media?parent=3659"}],"curies":[{"name":"wp","href":"https:\/\/api.w.org\/{rel}","templated":true}]}}