{"id":3637,"date":"2021-09-03T18:04:34","date_gmt":"2021-09-03T18:04:34","guid":{"rendered":"https:\/\/dev.dancingcuba.com\/?page_id=3637"},"modified":"2021-09-09T13:59:06","modified_gmt":"2021-09-09T13:59:06","slug":"booking","status":"publish","type":"page","link":"https:\/\/dancingcuba.com\/es\/booking\/","title":{"rendered":"reserva"},"content":{"rendered":"<p>[et_pb_section fb_built=&#8221;1&#8243; _builder_version=&#8221;4.10.5&#8243; _module_preset=&#8221;default&#8221; background_color=&#8221;#fe0000&#8243; global_colors_info=&#8221;{}&#8221;][et_pb_row column_structure=&#8221;1_5,3_5,1_5&#8243; _builder_version=&#8221;4.10.5&#8243; _module_preset=&#8221;default&#8221; custom_margin=&#8221;||-30px||false|false&#8221; custom_margin_tablet=&#8221;&#8221; custom_margin_phone=&#8221;&#8221; custom_margin_last_edited=&#8221;on|desktop&#8221; global_colors_info=&#8221;{}&#8221;][et_pb_column type=&#8221;1_5&#8243; _builder_version=&#8221;4.10.5&#8243; _module_preset=&#8221;default&#8221; global_colors_info=&#8221;{}&#8221;][\/et_pb_column][et_pb_column type=&#8221;3_5&#8243; _builder_version=&#8221;4.10.5&#8243; _module_preset=&#8221;default&#8221; global_colors_info=&#8221;{}&#8221;][et_pb_text _builder_version=&#8221;4.10.5&#8243; _module_preset=&#8221;default&#8221; text_font=&#8221;Lato||||||||&#8221; text_text_color=&#8221;#FFFFFF&#8221; text_font_size=&#8221;16px&#8221; global_colors_info=&#8221;{}&#8221;]<\/p>\n<p style=\"text-align: center;\">Cons\u00edguelo todo en un solo paquete eligiendo nuestras ofertas de viaje combinadas con un poco de todo para brindarte la oportunidad \u00fanica de probarlo todo mientras te encuentras en Cuba. El baile, la m\u00fasica, el turismo, la aventura y la diversi\u00f3n est\u00e1n totalmente garantizados.<\/p>\n<p style=\"text-align: center;\">Si est\u00e1s interesado en que te ayudemos a planificar y organizar tus experiencias de baile en Cuba, tambi\u00e9n puedes solicitarlo. Estaremos encantados de atenderte en tus proyectos y nuestro equipo de expertos trabajar\u00e1 junto a ti en toda la log\u00edstica para cumplir tus objetivos.<\/p>\n<p style=\"text-align: center;\">Para obtener m\u00e1s informaci\u00f3n y asistencia sobre c\u00f3mo conectarte con experiencias de baile, bailarines, artistas y colaboradores cubanos, no dudes en contactarnos en <span><a href=\"mailto:info@dancingcuba.com\"><u style=\"color: white\">info@dancingcuba.com<\/u><\/a><\/span><\/p>\n<p>[\/et_pb_text][\/et_pb_column][et_pb_column type=&#8221;1_5&#8243; _builder_version=&#8221;4.10.5&#8243; _module_preset=&#8221;default&#8221; global_colors_info=&#8221;{}&#8221;][\/et_pb_column][\/et_pb_row][\/et_pb_section][et_pb_section fb_built=&#8221;1&#8243; _builder_version=&#8221;4.10.5&#8243; _module_preset=&#8221;default&#8221; background_color=&#8221;#fe0000&#8243; global_colors_info=&#8221;{}&#8221;][et_pb_row column_structure=&#8221;1_5,3_5,1_5&#8243; _builder_version=&#8221;4.10.5&#8243; _module_preset=&#8221;default&#8221; custom_margin=&#8221;-30px||||false|false&#8221; custom_margin_tablet=&#8221;&#8221; custom_margin_phone=&#8221;&#8221; custom_margin_last_edited=&#8221;on|desktop&#8221; global_colors_info=&#8221;{}&#8221;][et_pb_column type=&#8221;1_5&#8243; _builder_version=&#8221;4.10.5&#8243; _module_preset=&#8221;default&#8221; global_colors_info=&#8221;{}&#8221;][\/et_pb_column][et_pb_column type=&#8221;3_5&#8243; _builder_version=&#8221;4.10.5&#8243; _module_preset=&#8221;default&#8221; global_colors_info=&#8221;{}&#8221;][et_pb_code _builder_version=&#8221;4.10.5&#8243; _module_preset=&#8221;default&#8221; global_colors_info=&#8221;{}&#8221;]<script async src=\"https:\/\/secured.sirvoy.com\/widget\/sirvoy.js\" data-form-id=\"904cc20dd38d516c\" data-wp-plugin-version=\"4.0\"><\/script>[\/et_pb_code][\/et_pb_column][et_pb_column type=&#8221;1_5&#8243; _builder_version=&#8221;4.10.5&#8243; _module_preset=&#8221;default&#8221; global_colors_info=&#8221;{}&#8221;][\/et_pb_column][\/et_pb_row][\/et_pb_section][et_pb_section fb_built=&#8221;1&#8243; disabled_on=&#8221;off|off|off&#8221; admin_label=&#8221;Footer&#8221; _builder_version=&#8221;4.9.2&#8243; background_color=&#8221;#fe0000&#8243; background_color_gradient_direction=&#8221;131deg&#8221; max_width=&#8221;100%&#8221; max_width_tablet=&#8221;&#8221; max_width_phone=&#8221;&#8221; max_width_last_edited=&#8221;on|phone&#8221; module_alignment=&#8221;center&#8221; custom_padding=&#8221;|0px||0px|false|false&#8221; animation_direction=&#8221;bottom&#8221; saved_tabs=&#8221;all&#8221; locked=&#8221;off&#8221; global_colors_info=&#8221;{}&#8221;][et_pb_row column_structure=&#8221;1_3,1_3,1_3&#8243; make_equal=&#8221;on&#8221; _builder_version=&#8221;4.9.2&#8243; background_color_gradient_direction=&#8221;38deg&#8221; width=&#8221;100%&#8221; max_width=&#8221;85%&#8221; module_alignment=&#8221;center&#8221; custom_margin=&#8221;0px||-20px||false|false&#8221; custom_margin_tablet=&#8221;-50px||-50px||false|false&#8221; custom_margin_phone=&#8221;0px||||false|false&#8221; custom_margin_last_edited=&#8221;on|phone&#8221; custom_padding=&#8221;0px||0px||false|false&#8221; module_alignment_tablet=&#8221;&#8221; module_alignment_phone=&#8221;center&#8221; module_alignment_last_edited=&#8221;on|phone&#8221; locked=&#8221;off&#8221; global_colors_info=&#8221;{}&#8221;][et_pb_column type=&#8221;1_3&#8243; _builder_version=&#8221;3.25&#8243; custom_padding=&#8221;|||&#8221; global_colors_info=&#8221;{}&#8221; custom_padding__hover=&#8221;|||&#8221;][et_pb_text content_tablet=&#8221;<\/p>\n<h6> SERVICIOS <\/h6>\n<p><\/p>\n<p>LECCIONES DE BAILE<\/p>\n<p>TOUR DE BAILE<\/p>\n<p>HOTEL<\/p>\n<p>VIAJE \u201dcontent_phone =\u201d<\/p>\n<h4 style=\"%22text-align:\" center;%22>Servicios<\/h4>\n<p>\u201dContent_last_edited =\u201d off | phone \u201d_builder_version =\u201d 4.9.2 \u2033 text_font = \u201dLato | 300 |||||||\u201d text_text_color = \u201d#FFFFFF\u201d text_font_size = \u201d16px\u201d text_line_height = \u201d1.8em\u201d header_font = \u201dLato |||||||||\u201d header_line_height = \u201d0em\u201d header_4_font = \u201dLato ||| en |||||\u201d header_4_font_size = \u201d20px\u201d header_4_letter_spacing = \u201d1px\u201d header_4_line_height = \u201d1.5em\u201d header_6_font = \u201dLato ||||||||\u201d header_6_font_size = \u201d20px\u201d header_6_line_height = \u201d0px\u201d background_layout = \u201ddark\u201d custom_margin = \u201d150px |||| false | false\u201d custom_margin_tablet = \u201d\u201d custom_margin_phone = \u201d30px || 10px || false | false\u201d custom_margin_last_edited = \u201den | tel\u00e9fono \u201dHeader_4_font_size_tablet =\u201d \u201dheader_4_font_size_phone =\u201d 15px \u201dheader_4_font_size_last_edited =\u201d en | tel\u00e9fono \u201dbloqueado =\u201d apagado \u201dglobal_colors_info =\u201d {} \u201d]<\/p>\n<h4 style=\"text-align: center;\">INFORMACI\u00d3N<\/h4>\n<p>[\/ et_pb_text] [et_pb_text content_phone = \u201d<\/p>\n<h5 style=\"%22text-align:\" center;%22>LECCIONES DE BAILE<\/h5>\n<p>\u201dContent_last_edited =\u201d off | phone \u201d_builder_version =\u201d 4.9.2 \u2033 text_font = \u201dPoppins ||||||||\u201d text_text_color = \u201drgba (0,0,0,0.5)\u201d text_font_size = \u201d16px\u201d text_line_height = \u201d1.9em\u201d header_font = \u201d|||||||||\u201d header_4_font = \u201d| 700 || en |||||\u201d header_4_font_size = \u201d16px\u201d header_4_letter_spacing = \u201d1px\u201d header_4_line_height = \u201d1.5em\u201d header_5_font = \u201dRoboto | 300 |||||||\u201d background_layout = \u201doscuro\u201d custom_margin = \u201d0px || 20px || falso | falso\u201d custom_margin_tablet = \u201d\u201d custom_margin_phone = \u201d0px || 10px || falso | falso\u201d custom_margin_last_edited = \u201den | tel\u00e9fono\u201d custom_padding = \u201d0px |||| falso | falso \u201dlink_option_url =\u201d mailto: info@vapor156.com \u201dheader_5_font_size_tablet =\u201d \u201dheader_5_font_size_phone =\u201d 14px \u201dheader_5_font_size_last_edited =\u201d en | tel\u00e9fono \u201dbloqueado =\u201d apagado \u201dglobal_colors_info =\u201d {} \u201d]<\/p>\n<h5 style=\"text-align: center;\">CORREO ELECTR\u00d3NICO: info@dancingcuba.com<\/h5>\n<p>[\/et_pb_text][\/et_pb_column][et_pb_column type=&#8221;1_3&#8243; _builder_version=&#8221;3.25&#8243; custom_padding=&#8221;|||&#8221; global_colors_info=&#8221;{}&#8221; custom_padding__hover=&#8221;|||&#8221;][et_pb_image src=&#8221;https:\/\/dev.dancingcuba.com\/wp-content\/uploads\/2021\/08\/logoSmall.png&#8221; title_text=&#8221;logoSmall&#8221; _builder_version=&#8221;4.9.2&#8243; _module_preset=&#8221;default&#8221; custom_margin_tablet=&#8221;&#8221; custom_margin_phone=&#8221;0px||0px||false|false&#8221; custom_margin_last_edited=&#8221;on|phone&#8221; custom_padding_tablet=&#8221;&#8221; custom_padding_phone=&#8221;0px||0px||false|false&#8221; custom_padding_last_edited=&#8221;on|phone&#8221; global_colors_info=&#8221;{}&#8221;][\/et_pb_image][\/et_pb_column][et_pb_column type=&#8221;1_3&#8243; _builder_version=&#8221;3.25&#8243; custom_padding=&#8221;|||&#8221; global_colors_info=&#8221;{}&#8221; custom_padding__hover=&#8221;|||&#8221;][et_pb_text content_tablet=&#8221;<\/p>\n<h6> SERVICIOS <\/h6>\n<p><\/p>\n<p>LECCIONES DE BAILE<\/p>\n<p>TOUR DE BAILE<\/p>\n<p>HOTEL<\/p>\n<p>VIAJE \u201dcontent_phone =\u201d<\/p>\n<h4 style=\"%22text-align:\" center;%22>Servicios<\/h4>\n<p>\u201dContent_last_edited =\u201d off | phone \u201d_builder_version =\u201d 4.9.2 \u2033 text_font = \u201dLato | 300 |||||||\u201d text_text_color = \u201d#FFFFFF\u201d text_font_size = \u201d16px\u201d text_line_height = \u201d1.8em\u201d header_font = \u201dLato |||||||||\u201d header_line_height = \u201d0em\u201d header_4_font = \u201dLato ||| en |||||\u201d header_4_font_size = \u201d20px\u201d header_4_letter_spacing = \u201d1px\u201d header_4_line_height = \u201d1.5em\u201d header_6_font = \u201dLato ||||||||\u201d header_6_font_size = \u201d20px\u201d header_6_line_height = \u201d0px\u201d background_layout = \u201ddark\u201d custom_margin = \u201d150px |||| false | false\u201d custom_margin_tablet = \u201d\u201d custom_margin_phone = \u201d0px || 10px || false | false\u201d custom_margin_last_edited = \u201den | tel\u00e9fono \u201dHeader_4_font_size_tablet =\u201d \u201dheader_4_font_size_phone =\u201d 15px \u201dheader_4_font_size_last_edited =\u201d en | tel\u00e9fono \u201dbloqueado =\u201d apagado \u201dglobal_colors_info =\u201d {} \u201d]<\/p>\n<h4 style=\"text-align: center;\">SOBRE NOSOTROS<\/h4>\n<p>[\/ et_pb_text] [et_pb_text content_phone = \u201d<\/p>\n<h5 style=\"%22text-align:\" center;%22>LECCIONES DE BAILE<\/h5>\n<p>&#8221; content_last_edited=&#8221;off|phone&#8221; _builder_version=&#8221;4.9.2&#8243; text_font=&#8221;Poppins||||||||&#8221; text_text_color=&#8221;rgba(0,0,0,0.5)&#8221; text_font_size=&#8221;16px&#8221; text_line_height=&#8221;1.9em&#8221; header_font=&#8221;||||||||&#8221; header_4_font=&#8221;|700||on|||||&#8221; header_4_font_size=&#8221;16px&#8221; header_4_letter_spacing=&#8221;1px&#8221; header_4_line_height=&#8221;1.5em&#8221; header_5_font=&#8221;Roboto|300|||||||&#8221; background_layout=&#8221;dark&#8221; custom_margin=&#8221;0px||20px||false|false&#8221; custom_margin_tablet=&#8221;&#8221; custom_margin_phone=&#8221;0px||10px||false|false&#8221; custom_margin_last_edited=&#8221;on|phone&#8221; custom_padding=&#8221;0px||||false|false&#8221; link_option_url=&#8221;https:\/\/dev.dancingcuba.com\/contact-us-new\/&#8221; header_5_font_size_tablet=&#8221;&#8221; header_5_font_size_phone=&#8221;14px&#8221; header_5_font_size_last_edited=&#8221;on|phone&#8221; locked=&#8221;off&#8221; global_colors_info=&#8221;{}&#8221;]<\/p>\n<h5 style=\"text-align: center;\">QUIENES SOMOS <\/h5>\n<p>[\/ et_pb_text] [et_pb_text content_phone = \u201d<\/p>\n<h5 style=\"%22text-align:\" center;%22>LECCIONES DE BAILE<\/h5>\n<p>\u201dContent_last_edited =\u201d off | phone \u201d_builder_version =\u201d 4.9.2 \u2033 text_font = \u201dPoppins ||||||||\u201d text_text_color = \u201drgba (0,0,0,0.5)\u201d text_font_size = \u201d16px\u201d text_line_height = \u201d1.9em\u201d header_font = \u201d|||||||||\u201d header_4_font = \u201d| 700 || en |||||\u201d header_4_font_size = \u201d16px\u201d header_4_letter_spacing = \u201d1px\u201d header_4_line_height = \u201d1.5em\u201d header_5_font = \u201dRoboto | 300 |||||||\u201d background_layout = \u201doscuro\u201d custom_margin = \u201d0px || 20px || falso | falso\u201d custom_margin_tablet = \u201d\u201d custom_margin_phone = \u201d0px || 10px || falso | falso\u201d custom_margin_last_edited = \u201den | tel\u00e9fono\u201d custom_padding = \u201d0px |||| false | false \u201dlink_option_url =\u201d https:\/\/vapor156.com \u201dheader_5_font_size_tablet =\u201d \u201dheader_5_font_size_phone =\u201d 14px \u201dheader_5_font_size_last_edited =\u201d en | tel\u00e9fono \u201dbloqueado =\u201d off \u201dglobal_colors_info =\u201d {} \u201d]<\/p>\n<h5 style=\"text-align: center;\">HOTEL BOUTIQUE VAPOR 156<\/h5>\n<p>[\/ et_pb_text] [\/ et_pb_column] [\/ et_pb_row] [et_pb_row column_structure = \u201d1_3,1_3,1_3 \u2033 _builder_version =\u201d 4.9.2 \u2033 _module_preset = \u201ddefault\u201d custom_margin = \u201d50px |||| falso | falso\u201d custom_margin_tablet \u201dCustom_margin_phone =\u201d \u201dcustom_margin_last_edited =\u201d en | escritorio \u201dglobal_colors_info =\u201d {} \u201d] [et_pb_column type =\u201d 1_3 \u2033 _builder_version = \u201d4.9.2 \u2033 _module_preset =\u201d default \u201dglobal_colors_info =\u201d {} \u201d] [et_pb_divider color #FFFFFF \u201ddivider_weight =\u201d 2px \u201d_builder_version =\u201d 4.9.2 \u2033 _module_preset = \u201dpredeterminado\u201d bloqueado = \u201ddesactivado\u201d global_colors_info = \u201d{}\u201d] [\/ et_pb_divider] [\/ et_pb_column] [et_pb_column type = \u201d1_3 \u2033 _builder .2 \u2033 _module_preset = \u201dpredeterminado\u201d global_colors_info = \u201d{}\u201d] [et_pb_social_media_follow icon_color = \u201d#FFFFFF\u201d use_icon_font_size = \u201den\u201d icon_font_size = \u201d40px\u201d icon_font_size_tablet = \u201d\u201d icon_font_size \u201d_phone | \u201d4.9.2 \u2033 _module_preset =\u201d default \u201dtext_orientation =\u201d centro \u201dcustom_margin =\u201d - 50px || 0px || falso | falso \u201dcustom_margin_tablet =\u201d 0px |||| falso | falso \u201dcus tom_margin_phone = \u201d- 25px |||| false | false\u201d custom_margin_last_edited = \u201den | escritorio\u201d custom_padding = \u201d0px || 0px || false | false\u201d bloqueado = \u201ddesactivado\u201d global_colors_info = \u201d{}\u201d] [et_pb_social_media_follow_network social_network = \u201d facebook \u201durl =\u201d https:\/\/www.facebook.com\/DancingCuba.Info\/ \u201dicon_color =\u201d #FFFFFF \u201d_builder_version =\u201d 4.9.2 \u2033 _module_preset = \u201dpredeterminado\u201d background_enable_color = \u201doff\u201d global_colors_info = \u201d{}\u201d follow_button = \u201dOff\u201d url_new_window = \u201den\u201d] facebook [\/ et_pb_social_media_follow_network] [et_pb_social_media_follow_network social_network = \u201dinstagram\u201d url = \u201dhttps:\/\/instagram.com\/dancingcuba?utm_medium=copy_link\u201d _builder_version = \u201d4.9.2 \u2033 default_module\u201d background_enable_color = \u201doff\u201d global_colors_info = \u201d{}\u201d follow_button = \u201doff\u201d url_new_window = \u201den\u201d] instagram [\/ et_pb_social_media_follow_network] [et_pb_social_media_follow_network social_network = \u201dtwitter\u201d url = \u201dhttps:\/\/twitterba.com\u201d 4.9.2 \u2033 _module_preset = \u201dpredeterminado\u201d background_enable_color = \u201doff\u201d global_colors_info = \u201d{}\u201d follow_b utton = \u201doff\u201d url_new_window = \u201don\u201d] twitter [\/ et_pb_social_media_follow_network] [\/ et_pb_social_media_follow] [\/ et_pb_column] [et_pb_column type = \u201d1_3 \u2033 _builder_version =\u201d 4.9.2 \u2033 _colors_info} \u201d [et_pb_divider color = \u201d#FFFFFF\u201d divider_weight = \u201d2px\u201d _builder_version = \u201d4.9.2 \u2033 _module_preset =\u201d predeterminado \u201dglobal_colors_info =\u201d {} \u201d] [\/ et_pb_divider] [\/ et_pb_column] [\/ et_pb_rowb] [\/ et_pb_pb_section<\/p>","protected":false},"excerpt":{"rendered":"<p>Get it all in one package by choosing our travel offers combined with a bit of everything to give you the unique opportunity to try it all while you are in Cuba. Dancing, music, sightseeing, adventure and fun are fully guaranteed. If you are interested in letting us help you planning and organizing your dancing [&hellip;]<\/p>","protected":false},"author":3,"featured_media":0,"parent":0,"menu_order":0,"comment_status":"closed","ping_status":"closed","template":"","meta":{"_et_pb_use_builder":"on","_et_pb_old_content":"","_et_gb_content_width":"","_monsterinsights_skip_tracking":false,"_monsterinsights_sitenote_active":false,"_monsterinsights_sitenote_note":"","_monsterinsights_sitenote_category":0,"footnotes":""},"aioseo_notices":[],"_links":{"self":[{"href":"https:\/\/dancingcuba.com\/es\/wp-json\/wp\/v2\/pages\/3637"}],"collection":[{"href":"https:\/\/dancingcuba.com\/es\/wp-json\/wp\/v2\/pages"}],"about":[{"href":"https:\/\/dancingcuba.com\/es\/wp-json\/wp\/v2\/types\/page"}],"author":[{"embeddable":true,"href":"https:\/\/dancingcuba.com\/es\/wp-json\/wp\/v2\/users\/3"}],"replies":[{"embeddable":true,"href":"https:\/\/dancingcuba.com\/es\/wp-json\/wp\/v2\/comments?post=3637"}],"version-history":[{"count":0,"href":"https:\/\/dancingcuba.com\/es\/wp-json\/wp\/v2\/pages\/3637\/revisions"}],"wp:attachment":[{"href":"https:\/\/dancingcuba.com\/es\/wp-json\/wp\/v2\/media?parent=3637"}],"curies":[{"name":"wp","href":"https:\/\/api.w.org\/{rel}","templated":true}]}}