{"id":30,"date":"2020-06-21T16:38:56","date_gmt":"2020-06-21T16:38:56","guid":{"rendered":"https:\/\/dancingcuba.info\/?page_id=30"},"modified":"2020-07-13T17:28:17","modified_gmt":"2020-07-13T17:28:17","slug":"mambo","status":"publish","type":"page","link":"https:\/\/dancingcuba.com\/es\/mambo\/","title":{"rendered":"El Mambo"},"content":{"rendered":"<p>El mambo fue otro g\u00e9nero musical bailable que tuvo sus ra\u00edces en el llamado nuevo ritmo difundido comercialmente. Tuvo como uno de sus m\u00e1ximos exponentes el Danz\u00f3n Mambo de Orestes L\u00f3pez, compuesto en el a\u00f1o 1938. Tambi\u00e9n se realizaron otros aportes o arreglos por parte de la orquesta Jazz band a mediados de la d\u00e9cada de 1940, donde Bebo Vald\u00e9s y Ren\u00e9 Hern\u00e1ndez hicieron el modo sincopado de el mambo independiente de la estructura del danz\u00f3n. El pianista y compositor cubano D\u00e1maso P\u00e9rez Prado (1916) tom\u00f3 todos estos elementos, experiment\u00f3 con melod\u00edas, armon\u00edas y ritmos, los enriqueci\u00f3 y cre\u00f3 el mambo que inaugur\u00f3 el g\u00e9nero a nivel mundial. Rico Mambo en 1951 fue el primero en popularizarse. Luego surgieron toda una serie de temas que se hicieron mundialmente famosos como: Mambo No. 5, Pianola, Black Horse, Roulette Man, Mambo in Sax, Mambo No.8 y The taxi. El mambo tambi\u00e9n tuvo influencias del jazz, y M\u00e9xico fue el pa\u00eds que mayor difusi\u00f3n le dio al g\u00e9nero cubano.<\/p>\n\n\n\n<figure class=\"wp-block-embed-youtube aligncenter wp-block-embed is-type-video is-provider-youtube wp-embed-aspect-4-3 wp-has-aspect-ratio wp-embed-aspect-16-9\"><div class=\"wp-block-embed__wrapper\">\n<iframe loading=\"lazy\" title=\"Mambo Cubano con Baila Habana\" width=\"1080\" height=\"608\" src=\"https:\/\/www.youtube.com\/embed\/E0ux-wCs6n4?feature=oembed\"  allow=\"accelerometer; autoplay; clipboard-write; encrypted-media; gyroscope; picture-in-picture\" allowfullscreen><\/iframe>\n<\/div><\/figure>\n\n\n\n<p>Es muy caracter\u00edstico en este g\u00e9nero que su creador grite algunas s\u00edlabas que trascendieron. Sobre estos, Helio Orovio, destacado music\u00f3logo y periodista cubano, se\u00f1ala: <em>\u201c\u2026 de fondo sale la voz ronca del \u201cRey del Mambo\u201d<\/em>emitiendo sonidos imprecisos, bautizados por alguien como \u201csemi gru\u00f1ido\u201d o \u201csemi grito\u201d. Este ritmo cubano fue llevado y dado a conocer en todas partes por D\u00e1maso P\u00e9rez Prado, por eso se le nombra El Rey del Mambo.<\/p>\n\n\n\n<p>Coreogr\u00e1ficamente Mambo no es una creaci\u00f3n popular. Distintas parejas de baile que actuaban en cabarets y discotecas creaban pasos y figuras que luego la gente imitaba y hac\u00eda propias. Recientes investigaciones del profesor Ramiro Guerra, a partir de entrevistas realizadas a exintegrantes de un grupo de j\u00f3venes cantoras y bailarinas de la \u00e9poca, \u201cLas Mulatas de Fuego\u201d, afirman que fueron ellas quienes crearon los pasos y figuras del mambo, con el objetivo de crear coreograf\u00edas para la m\u00fasica de P\u00e9rez Prado. Despu\u00e9s de mostrar los pasos de otros bailes folcl\u00f3ricos o populares que aprendieron aqu\u00ed y all\u00e1, Roderico Neyra, (m\u00e1s conocido como \u201cRodney\u201d, core\u00f3grafo del Tropicana Cabaret) sol\u00eda estilizarlos y adaptarlos a la escena.<\/p>\n\n\n\n<p>Posteriormente estas parejas de baile aparecieron en televisi\u00f3n, lo que produjo una difusi\u00f3n masiva del baile en todo el pa\u00eds. En un reportaje que le hizo a Neyra en la revista cubana Bohemia de este per\u00edodo, se ilustraron y nombraron algunos de los pasos del mambo: motoneta, tembleque, paseo, la puntillita, la palmada, el jelengue, arriba y abajo y el mambeo. Ninguno de estos nombres ha trascendido hasta el presente. Sin embargo, la mayor\u00eda de ellos se pueden reconocer en los que se reproducen hoy en compa\u00f1\u00edas profesionales de danza  y salones de baile. Entre las parejas m\u00e1s famosas de la d\u00e9cada de 1950 se encontraban Ana Gloria y Rolando.<\/p>\n\n\n\n<p>El mambo se baila en parejas sueltas de forma individual o colectiva. Tiene un paso b\u00e1sico que consiste en mover alternativamente los pies tocando el piso con la punta del pie. El movimiento fundamental que identifica a este baile se ubica en la pelvis, de ah\u00ed su car\u00e1cter er\u00f3tico y sensual. Tambi\u00e9n se compone de otras variantes b\u00e1sicas de pasos y figuras al estilo cabaret como: la cajita, flexi\u00f3n y estiramiento con elevaci\u00f3n de piernas, pasos de inclinaci\u00f3n hacia atr\u00e1s y adelante con palmadas y saltos, el valseado y otros de gran creatividad. S\u00ed lo comparamos con otros g\u00e9neros m\u00fasico danzarios, el mambo no pas\u00f3 de ser una moda de vida ef\u00edmera.<\/p>\n\n\n\n<p><\/p>","protected":false},"excerpt":{"rendered":"<p>Mambo was another danceable musical genre that had its roots in the so called commercially diffused new rhythm. It had as one of its greatest exponents the Danz\u00f3n Mambo by Orestes L\u00f3pez, composed in the year 1938. Also other contributions or arrangements were made by the Jazz band orchestra in the mid-1940s, where Bebo Vald\u00e9s [&hellip;]<\/p>","protected":false},"author":1,"featured_media":144,"parent":0,"menu_order":0,"comment_status":"closed","ping_status":"closed","template":"page-templates\/right-sidebar.php","meta":{"_et_pb_use_builder":"","_et_pb_old_content":"","_et_gb_content_width":"","_monsterinsights_skip_tracking":false,"_monsterinsights_sitenote_active":false,"_monsterinsights_sitenote_note":"","_monsterinsights_sitenote_category":0,"footnotes":""},"aioseo_notices":[],"_links":{"self":[{"href":"https:\/\/dancingcuba.com\/es\/wp-json\/wp\/v2\/pages\/30"}],"collection":[{"href":"https:\/\/dancingcuba.com\/es\/wp-json\/wp\/v2\/pages"}],"about":[{"href":"https:\/\/dancingcuba.com\/es\/wp-json\/wp\/v2\/types\/page"}],"author":[{"embeddable":true,"href":"https:\/\/dancingcuba.com\/es\/wp-json\/wp\/v2\/users\/1"}],"replies":[{"embeddable":true,"href":"https:\/\/dancingcuba.com\/es\/wp-json\/wp\/v2\/comments?post=30"}],"version-history":[{"count":0,"href":"https:\/\/dancingcuba.com\/es\/wp-json\/wp\/v2\/pages\/30\/revisions"}],"wp:featuredmedia":[{"embeddable":true,"href":"https:\/\/dancingcuba.com\/es\/wp-json\/wp\/v2\/media\/144"}],"wp:attachment":[{"href":"https:\/\/dancingcuba.com\/es\/wp-json\/wp\/v2\/media?parent=30"}],"curies":[{"name":"wp","href":"https:\/\/api.w.org\/{rel}","templated":true}]}}