{"id":2922,"date":"2021-08-17T13:33:15","date_gmt":"2021-08-17T13:33:15","guid":{"rendered":"https:\/\/dev.dancingcuba.com\/?page_id=2922"},"modified":"2021-08-25T17:23:42","modified_gmt":"2021-08-25T17:23:42","slug":"hamel-alley","status":"publish","type":"page","link":"https:\/\/dancingcuba.com\/es\/hamel-alley\/","title":{"rendered":"Callej\u00f3n de Hamel"},"content":{"rendered":"<p>[et_pb_section fb_built=&#8221;1&#8243; fullwidth=&#8221;on&#8221; _builder_version=&#8221;4.9.2&#8243; _module_preset=&#8221;default&#8221;][et_pb_fullwidth_image src=&#8221;https:\/\/dev.dancingcuba.com\/wp-content\/uploads\/2021\/08\/hamel.jpg&#8221; title_text=&#8221;hamel&#8221; _builder_version=&#8221;4.9.2&#8243; _module_preset=&#8221;default&#8221; height_tablet=&#8221;&#8221; height_phone=&#8221;&#8221; height_last_edited=&#8221;on|phone&#8221; custom_margin=&#8221;||||false|false&#8221; custom_padding=&#8221;||||false|false&#8221;][\/et_pb_fullwidth_image][\/et_pb_section][et_pb_section fb_built=&#8221;1&#8243; _builder_version=&#8221;4.9.2&#8243; _module_preset=&#8221;default&#8221;][et_pb_row _builder_version=&#8221;4.9.2&#8243; _module_preset=&#8221;default&#8221; width=&#8221;85%&#8221; max_width=&#8221;85%&#8221;][et_pb_column type=&#8221;4_4&#8243; _builder_version=&#8221;4.9.2&#8243; _module_preset=&#8221;default&#8221;][et_pb_text _builder_version=&#8221;4.9.2&#8243; _module_preset=&#8221;default&#8221; text_font=&#8221;Tangerine|700|||||||&#8221; text_text_color=&#8221;#ff6b07&#8243; text_font_size=&#8221;130px&#8221; text_font_size_tablet=&#8221;&#8221; text_font_size_phone=&#8221;60px&#8221; text_font_size_last_edited=&#8221;on|desktop&#8221;]Hamel Alley[\/et_pb_text][\/et_pb_column][\/et_pb_row][et_pb_row column_structure=&#8221;2_3,1_3&#8243; _builder_version=&#8221;4.9.2&#8243; _module_preset=&#8221;default&#8221; custom_margin=&#8221;||-55px||false|false&#8221; custom_margin_tablet=&#8221;&#8221; custom_margin_phone=&#8221;&#8221; custom_margin_last_edited=&#8221;on|desktop&#8221;][et_pb_column type=&#8221;2_3&#8243; _builder_version=&#8221;4.9.2&#8243; _module_preset=&#8221;default&#8221;][et_pb_text _builder_version=&#8221;4.9.2&#8243; _module_preset=&#8221;default&#8221; text_font=&#8221;Lato|300|||||||&#8221; text_font_size=&#8221;16px&#8221; header_6_font=&#8221;||||||||&#8221; header_6_text_color=&#8221;#f99c07&#8243; custom_margin=&#8221;|50px||50px|false|false&#8221; custom_margin_tablet=&#8221;&#8221; custom_margin_phone=&#8221;|10px||10px|false|false&#8221; custom_margin_last_edited=&#8221;on|desktop&#8221; custom_padding_tablet=&#8221;&#8221; custom_padding_phone=&#8221;|0px||0px|false|false&#8221; custom_padding_last_edited=&#8221;on|phone&#8221; text_font_size_tablet=&#8221;&#8221; text_font_size_phone=&#8221;15px&#8221; text_font_size_last_edited=&#8221;on|desktop&#8221;]<\/p>\n<h6>CALLEJ\u00d3N HAMEL. CENTRO HABANA<\/h6>\n<p>Esta corta calle se ubica entre las calles Aramburu y Hospital en el popular barrio de Centro Habana y es una especie de santuario dedicado a las divinidades afrocubanas. Debe su nombre a Fernando Hamel, traficante de armas en su juventud, que se instal\u00f3 en esta calle y construy\u00f3 all\u00ed una fundici\u00f3n y viviendas para sus trabajadores. Pero la calle no fue destacada hasta que un artista ingenuo, Salvador Gonz\u00e1lez, comenz\u00f3 a pintar coloridos murales que representaban deidades africanas. Dio rienda suelta a su imaginaci\u00f3n y adem\u00e1s de los murales, cre\u00f3 esculturas y todo tipo de objetos coloreados, siempre con la idea de describir las diferentes tendencias de las religiones africanas. Se considera el primer mural al aire libre en la v\u00eda p\u00fablica dedicado a la cultura afrocubana.<br \/>\n Tambi\u00e9n se ha hecho popular por las actuaciones de los domingos de grupos que vienen a tocar m\u00fasica o hacer exhibiciones de rumba, una oportunidad \u00fanica para ver o bailar. Es un lugar lleno de color y vida.<br \/>\nIn the alley, tribute is paid to Afro-Cuban culture; some works are made from the remains of old bicycles or abandoned bathtubs, now gleaming after taking color.\u00a0In addition, there is a\u00a0Nganga\u00a0, a sacred place for the celebration of rites from the\u00a0Palo Monte\u00a0religion. The attraction of this alley lies in the colorful murals that adorn all its walls representing like no other the religious and cultural syncretism of the island.\u00a0The drawings reproduce different gods and\u00a0orishas\u00a0, spiritual symbols and animals, with poems or legends written on them, about life, love, dignity, etc. Its main goal is to bring creative art to the people, revitalizing a street forgotten by time and by the city, with an Art Gallery, where the neighborhood itself would be an indissoluble part of a unique creation of its kind, in the country and in the world, always within the reach of children, the elderly, workers and professionals. In this place, in addition, visitors can find products that are associated with Afro-Cuban jobs and rites.\u00a0This alley is also a space where art and community interact;\u00a0where festivals are held in which children and residents of the area participate.[\/et_pb_text][\/et_pb_column][et_pb_column type=&#8221;1_3&#8243; _builder_version=&#8221;4.9.2&#8243; _module_preset=&#8221;default&#8221;][\/et_pb_column][\/et_pb_row][\/et_pb_section][et_pb_section fb_built=&#8221;1&#8243; _builder_version=&#8221;4.9.2&#8243; _module_preset=&#8221;default&#8221; use_background_color_gradient=&#8221;on&#8221; background_color_gradient_start=&#8221;#ffffff&#8221; background_color_gradient_end=&#8221;#ffbf24&#8243; background_color_gradient_start_position=&#8221;40%&#8221; background_color_gradient_end_position=&#8221;40%&#8221;][et_pb_row column_structure=&#8221;1_4,3_4&#8243; _builder_version=&#8221;4.9.2&#8243; _module_preset=&#8221;default&#8221; custom_margin=&#8221;-55px||||false|false&#8221; custom_margin_tablet=&#8221;&#8221; custom_margin_phone=&#8221;&#8221; custom_margin_last_edited=&#8221;on|desktop&#8221;][et_pb_column type=&#8221;1_4&#8243; _builder_version=&#8221;4.9.2&#8243; _module_preset=&#8221;default&#8221;][\/et_pb_column][et_pb_column type=&#8221;3_4&#8243; _builder_version=&#8221;4.9.2&#8243; _module_preset=&#8221;default&#8221;][et_pb_image src=&#8221;https:\/\/dev.dancingcuba.com\/wp-content\/uploads\/2021\/08\/callejon-hamel-habana-cuba.jpg&#8221; title_text=&#8221;callejon-hamel-habana-cuba&#8221; align=&#8221;center&#8221; _builder_version=&#8221;4.9.2&#8243; _module_preset=&#8221;default&#8221;][\/et_pb_image][\/et_pb_column][\/et_pb_row][et_pb_row column_structure=&#8221;1_2,1_2&#8243; _builder_version=&#8221;4.9.2&#8243; _module_preset=&#8221;default&#8221;][et_pb_column type=&#8221;1_2&#8243; _builder_version=&#8221;4.9.2&#8243; _module_preset=&#8221;default&#8221;][\/et_pb_column][et_pb_column type=&#8221;1_2&#8243; _builder_version=&#8221;4.9.2&#8243; _module_preset=&#8221;default&#8221;][et_pb_text _builder_version=&#8221;4.9.2&#8243; _module_preset=&#8221;default&#8221; text_font=&#8221;Lato||||||||&#8221; text_text_color=&#8221;#FFFFFF&#8221; text_font_size=&#8221;16px&#8221; text_font_size_tablet=&#8221;&#8221; text_font_size_phone=&#8221;&#8221; text_font_size_last_edited=&#8221;on|desktop&#8221;]It began as a simple street demonstration of Afro-Cuban art and culture becoming a benchmark and a kind of sanctuary for all those Cubans who feel that their roots are still alive and are not willing to deny them.\u00a0<br \/>\nMany matinees are organized, which are like small concerts where people sing, dance and drink, generally at noon or late in the afternoon. From the first day of its foundation, shows and performances were held with important groups and prominent figures but\u00a0it is not until\u00a01993, that systematic activities of all kinds began to be carried out for all ages with the aim of enriching the cultural heritage of the town and making it known to all who visit them.[\/et_pb_text][\/et_pb_column][\/et_pb_row][\/et_pb_section][et_pb_section fb_built=&#8221;1&#8243; fullwidth=&#8221;on&#8221; _builder_version=&#8221;4.9.2&#8243; _module_preset=&#8221;default&#8221;][et_pb_fullwidth_image src=&#8221;https:\/\/dev.dancingcuba.com\/wp-content\/uploads\/2021\/08\/37201_pinturas-callejon-de-hamel.jpg&#8221; title_text=&#8221;37201_pinturas-callejon-de-hamel&#8221; _builder_version=&#8221;4.9.2&#8243; _module_preset=&#8221;default&#8221;][\/et_pb_fullwidth_image][\/et_pb_section][et_pb_section fb_built=&#8221;1&#8243; disabled_on=&#8221;off|off|off&#8221; admin_label=&#8221;Footer&#8221; _builder_version=&#8221;4.9.2&#8243; background_color=&#8221;#fe0000&#8243; background_color_gradient_direction=&#8221;131deg&#8221; max_width=&#8221;100%&#8221; max_width_tablet=&#8221;&#8221; max_width_phone=&#8221;&#8221; max_width_last_edited=&#8221;on|phone&#8221; module_alignment=&#8221;center&#8221; custom_padding=&#8221;|0px||0px|false|false&#8221; animation_direction=&#8221;bottom&#8221; saved_tabs=&#8221;all&#8221; locked=&#8221;off&#8221;][et_pb_row column_structure=&#8221;1_3,1_3,1_3&#8243; make_equal=&#8221;on&#8221; _builder_version=&#8221;4.9.2&#8243; background_color_gradient_direction=&#8221;38deg&#8221; width=&#8221;100%&#8221; max_width=&#8221;85%&#8221; module_alignment=&#8221;center&#8221; custom_margin=&#8221;0px||-20px||false|false&#8221; custom_margin_tablet=&#8221;-50px||-50px||false|false&#8221; custom_margin_phone=&#8221;0px||||false|false&#8221; custom_margin_last_edited=&#8221;on|phone&#8221; custom_padding=&#8221;0px||0px||false|false&#8221; module_alignment_tablet=&#8221;&#8221; module_alignment_phone=&#8221;center&#8221; module_alignment_last_edited=&#8221;on|phone&#8221; locked=&#8221;off&#8221;][et_pb_column type=&#8221;1_3&#8243; _builder_version=&#8221;3.25&#8243; custom_padding=&#8221;|||&#8221; custom_padding__hover=&#8221;|||&#8221;][et_pb_text content_tablet=&#8221;<\/p>\n<h6> SERVICIOS <\/h6>\n<p><\/p>\n<p>LECCIONES DE BAILE<\/p>\n<p>TOUR DE BAILE<\/p>\n<p>HOTEL<\/p>\n<p>VIAJE \u201dcontent_phone =\u201d<\/p>\n<h4 style=\"%22text-align:\" center;%22>Servicios<\/h4>\n<p>\u201d content_last_edited=\u201doff|phone\u201d _builder_version=\u201d4.9.2\u2033 text_font=\u201dLato|300|||||||\u201d text_text_color=\u201d#FFFFFF\u201d text_font_size=\u201d16px\u201d text_line_height=\u201d1.8em\u201d header_font=\u201dLato||||||||\u201d header_line_height=\u201d0em\u201d header_4_font=\u201dLato|||on|||||\u201d header_4_font_size=\u201d20px\u201d header_4_letter_spacing=\u201d1px\u201d header_4_line_height=\u201d1.5em\u201d header_6_font=\u201dLato||||||||\u201d header_6_font_size=\u201d20px\u201d header_6_line_height=\u201d0px\u201d background_layout=\u201doscuro\u201d custom_margin=\u201d150px||||false|false\u201d custom_margin_tablet=\u201d\u201d custom_margin_phone=\u201d30px||10px||false|false\u201d custom_margin_last_edited=\u201don|phone \u201d header_4_font_size_tablet=\u201d\u201d header_4_font_size_phone=\u201d15px\u201d header_4_font_size_last_edited=\u201dencendido|tel\u00e9fono\u201d bloqueado=\u201dapagado\u201d]<\/p>\n<h4 style=\"text-align: center;\">INFORMACI\u00d3N<\/h4>\n<p>[\/ et_pb_text] [et_pb_text content_phone = \u201d<\/p>\n<h5 style=\"%22text-align:\" center;%22>LECCIONES DE BAILE<\/h5>\n<p>\u201d content_last_edited=\u201doff|phone\u201d _builder_version=\u201d4.9.2\u2033 text_font=\u201dPoppins||||||||\u201d text_text_color=\u201drgba(0,0,0,0.5)\u201d text_font_size=\u201d16px\u201d text_line_height=\u201d1.9em\u201d header_font=\u201d||||||||\u201d header_4_font=\u201d|700||en|||||\u201d header_4_font_size=\u201d16px\u201d header_4_letter_spacing=\u201d1px\u201d header_4_line_height=\u201d1.5em\u201d header_5_font=\u201dRoboto|300|||||||\u201d background_layout=\u201doscuro\u201d custom_margin=\u201d0px||20px||false|false\u201d custom_margin_tablet=\u201d\u201d custom_margin_phone=\u201d0px||10px||false|false\u201d custom_margin_last_edited=\u201den|tel\u00e9fono\u201d custom_padding=\u201d0px|||| falso|falso\u201d link_option_url=\u201dmailto:info@vapor156.com\u201d header_5_font_size_tablet=\u201d\u201d header_5_font_size_phone=\u201d14px\u201d header_5_font_size_last_edited=\u201den|tel\u00e9fono\u201d bloqueado=\u201dapagado\u201d]<\/p>\n<h5 style=\"text-align: center;\">CORREO ELECTR\u00d3NICO: info@dancingcuba.com<\/h5>\n<p>[\/et_pb_text][\/et_pb_column][et_pb_column type=\u201d1_3\u2033 _builder_version=\u201d3.25\u2033 custom_padding=\u201d|||\u201d custom_padding__hover=\u201d|||\u201d][et_pb_image src=\u201dhttps:\/\/dev.dancingcuba.com\/wp-content\/uploads\/2021\/08\/logoSmall.png\u201d title_text=\u201dlogoSmall\u201d _builder_version=\u201d4.9.2\u2033 _module_preset =\u201dpredeterminado\u201d custom_margin_tablet=\u201d\u201d custom_margin_phone=\u201d0px||0px||false|false\u201d custom_margin_last_edited=\u201don|phone\u201d custom_padding_tablet=\u201d\u201d custom_padding_phone=\u201d0px||0px||false|false\u201d custom_padding_last_edited=\u201don| tel\u00e9fono\u201d][\/et_pb_image][\/et_pb_column][et_pb_column type=\u201d1_3\u2033 _builder_version=\u201d3.25\u2033 custom_padding=\u201d|||\u201d custom_padding__hover=\u201d|||\u201d][et_pb_text content_tablet=\u201d<\/p>\n<h6> SERVICIOS <\/h6>\n<p><\/p>\n<p>LECCIONES DE BAILE<\/p>\n<p>TOUR DE BAILE<\/p>\n<p>HOTEL<\/p>\n<p>VIAJE \u201dcontent_phone =\u201d<\/p>\n<h4 style=\"%22text-align:\" center;%22>Servicios<\/h4>\n<p>\u201d content_last_edited=\u201doff|phone\u201d _builder_version=\u201d4.9.2\u2033 text_font=\u201dLato|300|||||||\u201d text_text_color=\u201d#FFFFFF\u201d text_font_size=\u201d16px\u201d text_line_height=\u201d1.8em\u201d header_font=\u201dLato||||||||\u201d header_line_height=\u201d0em\u201d header_4_font=\u201dLato|||on|||||\u201d header_4_font_size=\u201d20px\u201d header_4_letter_spacing=\u201d1px\u201d header_4_line_height=\u201d1.5em\u201d header_6_font=\u201dLato||||||||\u201d header_6_font_size=\u201d20px\u201d header_6_line_height=\u201d0px\u201d background_layout=\u201doscuro\u201d custom_margin=\u201d150px||||false|false\u201d custom_margin_tablet=\u201d\u201d custom_margin_phone=\u201d0px||10px||false|false\u201d custom_margin_last_edited=\u201don|phone \u201d header_4_font_size_tablet=\u201d\u201d header_4_font_size_phone=\u201d15px\u201d header_4_font_size_last_edited=\u201dencendido|tel\u00e9fono\u201d bloqueado=\u201dapagado\u201d]<\/p>\n<h4 style=\"text-align: center;\">SOBRE NOSOTROS<\/h4>\n<p>[\/ et_pb_text] [et_pb_text content_phone = \u201d<\/p>\n<h5 style=\"%22text-align:\" center;%22>LECCIONES DE BAILE<\/h5>\n<p>\u201d content_last_edited=\u201doff|phone\u201d _builder_version=\u201d4.9.2\u2033 text_font=\u201dPoppins||||||||\u201d text_text_color=\u201drgba(0,0,0,0.5)\u201d text_font_size=\u201d16px\u201d text_line_height=\u201d1.9em\u201d header_font=\u201d||||||||\u201d header_4_font=\u201d|700||en|||||\u201d header_4_font_size=\u201d16px\u201d header_4_letter_spacing=\u201d1px\u201d header_4_line_height=\u201d1.5em\u201d header_5_font=\u201dRoboto|300|||||||\u201d background_layout=\u201doscuro\u201d custom_margin=\u201d0px||20px||false|false\u201d custom_margin_tablet=\u201d\u201d custom_margin_phone=\u201d0px||10px||false|false\u201d custom_margin_last_edited=\u201den|tel\u00e9fono\u201d custom_padding=\u201d0px|||| false|false\u201d hover_enabled=\u201d0\u2033 header_5_font_size_tablet=\u201d\u201d header_5_font_size_phone=\u201d14px\u201d header_5_font_size_last_edited=\u201don|phone\u201d closed=\u201doff\u201d link_option_url=\u201dhttps:\/\/dev.dancingcuba.com\/contact-us-new\/\u201d sticky_enabled=\u201d0\u2033]<\/p>\n<h5 style=\"text-align: center;\">QUIENES SOMOS <\/h5>\n<p>[\/ et_pb_text] [et_pb_text content_phone = \u201d<\/p>\n<h5 style=\"%22text-align:\" center;%22>LECCIONES DE BAILE<\/h5>\n<p>\u201d content_last_edited=\u201doff|phone\u201d _builder_version=\u201d4.9.2\u2033 text_font=\u201dPoppins||||||||\u201d text_text_color=\u201drgba(0,0,0,0.5)\u201d text_font_size=\u201d16px\u201d text_line_height=\u201d1.9em\u201d header_font=\u201d||||||||\u201d header_4_font=\u201d|700||en|||||\u201d header_4_font_size=\u201d16px\u201d header_4_letter_spacing=\u201d1px\u201d header_4_line_height=\u201d1.5em\u201d header_5_font=\u201dRoboto|300|||||||\u201d background_layout=\u201doscuro\u201d custom_margin=\u201d0px||20px||false|false\u201d custom_margin_tablet=\u201d\u201d custom_margin_phone=\u201d0px||10px||false|false\u201d custom_margin_last_edited=\u201den|tel\u00e9fono\u201d custom_padding=\u201d0px|||| false|false\u201d link_option_url=\u201dhttps:\/\/vapor156.com\u201d header_5_font_size_tablet=\u201d\u201d header_5_font_size_phone=\u201d14px\u201d header_5_font_size_last_edited=\u201den|tel\u00e9fono\u201d bloqueado=\u201dapagado\u201d]<\/p>\n<h5 style=\"text-align: center;\">HOTEL BOUTIQUE VAPOR 156<\/h5>\n<p>[\/et_pb_text][\/et_pb_column][\/et_pb_row][et_pb_row column_structure=\u201d1_3,1_3,1_3\u2033 _builder_version=\u201d4.9.2\u2033 _module_preset=\u201ddefault\u201d custom_margin=\u201d50px||||false|false\u201d custom_margin_tablet=\u201d \u201d custom_margin_phone=\u201d\u201d custom_margin_last_edited=\u201don|desktop\u201d][et_pb_column type=\u201d1_3\u2033 _builder_version=\u201d4.9.2\u2033 _module_preset=\u201ddefault\u201d][et_pb_divider color=\u201d#FFFFFF\u201d divider_weight=\u201d2px\u201d _builder_version=\u201d4.9. 2\u2033 _module_preset=\u201dpredeterminado\u201d bloqueado=\u201ddesactivado\u201d][\/et_pb_divider][\/et_pb_column][et_pb_column type=\u201d1_3\u2033 _builder_version=\u201d4.9.2\u2033 _module_preset=\u201dpredeterminado\u201d][et_pb_social_media_follow icon_color=\u201d#FFFFFF\u201d use_icon_font_size= \u201don\u201d icon_font_size=\u201d40px\u201d icon_font_size_tablet=\u201d\u201d icon_font_size_phone=\u201d30px\u201d icon_font_size_last_edited=\u201don|phone\u201d _builder_version=\u201d4.9.2\u2033 _module_preset=\u201ddefault\u201d text_orientation=\u201dcenter\u201d custom_margin=\u201d-50px||0px| |falso|falso\u201d custom_margin_tablet=\u201d0px||||falso|falso\u201d custom_margin_phone=\u201d-25px||||falso|falso\u201d custom_margin_last_edited=\u201den|escritorio\u201d custom_padding=\u201d0 px||0px||falso|falso\u201d bloqueado=\u201dapagado\u201d][et_pb_social_media_follow_network social_network=\u201dfacebook\u201d url=\u201dhttps:\/\/www.facebook.com\/DancingCuba.Info\/\u201d icon_color=\u201d#FFFFFF\u201d _builder_version=\u201d4.9 .2\u2033 _module_preset=\u201ddefault\u201d background_enable_color=\u201doff\u201d follow_button=\u201doff\u201d url_new_window=\u201don\u201d]facebook[\/et_pb_social_media_follow_network][et_pb_social_media_follow_network social_network=\u201dinstagram\u201d url=\u201dhttps:\/\/instagram.com\/dancingcuba?utm_medium =copy_link\u201d _builder_version=\u201d4.9.2\u2033 _module_preset=\u201ddefault\u201d background_enable_color=\u201doff\u201d follow_button=\u201doff\u201d url_new_window=\u201don\u201d]instagram[\/et_pb_social_media_follow_network][et_pb_social_media_follow_network social_network=\u201dtwitter\u201d url=\u201dhttps:\/\/ twitter.com\/DancingCuba\u201d _builder_version=\u201d4.9.2\u2033 _module_preset=\u201ddefault\u201d background_enable_color=\u201doff\u201d follow_button=\u201doff\u201d url_new_window=\u201don\u201d]twitter[\/et_pb_social_media_follow_network][\/et_pb_social_media_follow][\/et_pb_column][et_pb_column type =\u201d1_3\u2033 _builder_version=\u201d4.9.2\u2033 _module_preset=\u201dpredeterminado\u201d ][et_pb_divider color=\u201d#FFFFFF\u201d divider_weight=\u201d2px\u201d _builder_version=\u201d4.9.2\u2033 _module_preset=\u201ddefault\u201d][\/et_pb_divider][\/et_pb_column][\/et_pb_row][\/et_pb_section]<\/p>","protected":false},"excerpt":{"rendered":"<p>Hamel AlleyHAMEL ALLEY. CENTRO HABANA This short street is located between Aramburu and Hospital streets in the popular district of Centro Habana and it is a kind of sanctuary dedicated to Afro-Cuban divinities. It owes its name to Fernando Hamel, an arms dealer at a young age, who settled in this street and built a [&hellip;]<\/p>","protected":false},"author":3,"featured_media":0,"parent":0,"menu_order":0,"comment_status":"closed","ping_status":"closed","template":"","meta":{"_et_pb_use_builder":"on","_et_pb_old_content":"","_et_gb_content_width":"","_monsterinsights_skip_tracking":false,"_monsterinsights_sitenote_active":false,"_monsterinsights_sitenote_note":"","_monsterinsights_sitenote_category":0,"footnotes":""},"aioseo_notices":[],"_links":{"self":[{"href":"https:\/\/dancingcuba.com\/es\/wp-json\/wp\/v2\/pages\/2922"}],"collection":[{"href":"https:\/\/dancingcuba.com\/es\/wp-json\/wp\/v2\/pages"}],"about":[{"href":"https:\/\/dancingcuba.com\/es\/wp-json\/wp\/v2\/types\/page"}],"author":[{"embeddable":true,"href":"https:\/\/dancingcuba.com\/es\/wp-json\/wp\/v2\/users\/3"}],"replies":[{"embeddable":true,"href":"https:\/\/dancingcuba.com\/es\/wp-json\/wp\/v2\/comments?post=2922"}],"version-history":[{"count":0,"href":"https:\/\/dancingcuba.com\/es\/wp-json\/wp\/v2\/pages\/2922\/revisions"}],"wp:attachment":[{"href":"https:\/\/dancingcuba.com\/es\/wp-json\/wp\/v2\/media?parent=2922"}],"curies":[{"name":"wp","href":"https:\/\/api.w.org\/{rel}","templated":true}]}}