{"id":2868,"date":"2021-08-16T14:34:59","date_gmt":"2021-08-16T14:34:59","guid":{"rendered":"https:\/\/dev.dancingcuba.com\/?page_id=2868"},"modified":"2021-08-25T17:22:59","modified_gmt":"2021-08-25T17:22:59","slug":"salon-rosado-de-la-tropical","status":"publish","type":"page","link":"https:\/\/dancingcuba.com\/es\/salon-rosado-de-la-tropical\/","title":{"rendered":"Sal\u00f3n Rosado de La Tropical"},"content":{"rendered":"<p>[et_pb_section fb_built=\u201d1\u2033 fullwidth=\u201don\u201d _builder_version=\u201d4.9.2\u2033 _module_preset=\u201ddefault\u201d][et_pb_fullwidth_image src=\u201dhttps:\/\/dev.dancingcuba.com\/wp-content\/uploads\/2021\/08\/ 1000pxtropical.jpg\u201d title_text=\u201d1000pxtropical\u201d _builder_version=\u201d4.9.2\u2033 _module_preset=\u201ddefault\u201d height_tablet=\u201d\u201d height_phone=\u201d\u201d height_last_edited=\u201don|phone\u201d custom_margin=\u201d||||false|false\u201d custom_padding=\u201d ||||falso|falso\u201d][\/et_pb_fullwidth_image][\/et_pb_section][et_pb_section fb_built=\u201d1\u2033 _builder_version=\u201d4.9.2\u2033 _module_preset=\u201ddefault\u201d][et_pb_row _builder_version=\u201d4.9.2\u2033 _module_preset=\u201ddefault \u201d width=\u201d85%\u201d max_width=\u201d85%\u201d][et_pb_column type=\u201d4_4\u2033 _builder_version=\u201d4.9.2\u2033 _module_preset=\u201ddefault\u201d][et_pb_text _builder_version=\u201d4.9.2\u2033 _module_preset=\u201ddefault\u201d text_font=\u201dTangerine |700|||||||\u201d text_text_color=\u201d#ff6b07\u2033 text_font_size=\u201d130px\u201d text_line_height=\u201d1em\u201d text_font_size_tablet=\u201d\u201d text_font_size_phone=\u201d60px\u201d text_font_size_last_edited=\u201den|escritorio\u201d]<\/p>\n<p>Sal\u00f3n Rosa \u201cBenny Mor\u00e9\u201d, en La Tropical<\/p>\n<p>[\/et_pb_text][\/et_pb_column][\/et_pb_row][et_pb_row column_structure=\u201d2_3,1_3\u2033 _builder_version=\u201d4.9.2\u2033 _module_preset=\u201ddefault\u201d custom_margin=\u201d||-55px||false|false\u201d custom_margin_tablet=\u201d\u201d custom_margin_phone=\u201d\u201d custom_margin_last_edited=\u201don|desktop\u201d][et_pb_column type=\u201d2_3\u2033 _builder_version=\u201d4.9.2\u2033 _module_preset=\u201ddefault\u201d][et_pb_text _builder_version=\u201d4.9.2\u2033 _module_preset=\u201ddefault\u201d text_font=\u201dLato |300|||||||\u201d text_font_size=\u201d16px\u201d header_6_font=\u201d||||||||\u201d header_6_text_color=\u201d#f99c07\u2033 custom_margin=\u201d|50px||50px|false|false\u201d custom_margin_tablet=\u201d\u201d custom_margin_phone=\u201d|10px||10px|false|false\u201d custom_margin_last_edited=\u201den|escritorio\u201d custom_padding_tablet=\u201d\u201d custom_padding_phone=\u201d| 0px||0px|falso|falso\u201d custom_padding_last_edited=\u201den|tel\u00e9fono\u201d text_font_size_tablet=\u201d\u201d text_font_size_phone=\u201d\u201d text_font_size_last_edited=\u201den|escritorio\u201d]<\/p>\n<h6>AVENIDA 41. marianao<\/h6>\n<p>El Sal\u00f3n Rosa \u201cBenny Mor\u00e9\u201d, de La Tropical, destaca en La Habana porque es un escenario completamente diferente. Es simplemente excepcional. Un gran local al aire libre en el distrito de Marianao, est\u00e1 lleno de j\u00f3venes cubanos que bailan locamente casino y salsa de Los Van Van, Pupi y los que Son Son y las bandas de salsa cubanas m\u00e1s famosas.<br \/>\nMuchos lo consideran la Meca de las bandas de salsa y casino m\u00e1s famosas. Este es el lugar para ir si quieres experimentar la danza y la m\u00fasica en todo su esplendor.<br \/>\nEl palacio de la bailarina est\u00e1 ubicado en el municipio Playa. Este lugar es considerado de indiscutible supremac\u00eda entre las preferencias de los amantes de la m\u00fasica cubana, el cual es antecedido por su lema: \u201cEl sal\u00f3n m\u00e1s musical de Am\u00e9rica Latina\u201d. Oficialmente le pusieron el nombre de \u201cBenny Mor\u00e9\u201d, en honor a este gran m\u00fasico cubano. \u00a0<br \/>\nA lo largo de su historia, cantar y tocar all\u00ed se ha considerado una prueba de fuego que anuncia, seg\u00fan la reacci\u00f3n de los bailarines, el \u00e9xito o el fracaso del int\u00e9rprete y su banda.\u00a0<br \/>\nEn este lugar tambi\u00e9n se pueden encontrar chats sobre exposiciones de arte, fotograf\u00eda y artes visuales, as\u00ed como ventas de discos. ) 40%\u201d background_color_gradient_end_position=\u201d40%\u201d][et_pb_row column_structure=\u201d1_4,3_4\u2033 _builder_version=\u201d4.9.2\u2033 _module_preset=\u201ddefault\u201d custom_margin=\u201d-55px||||false|false\u201d custom_margin_tablet=\u201d\u201d custom_margin_phone=\u201d\u201d custom_margin_last_edited=\u201den|escritorio\u201d][et_pb_column type=\u201d1_4\u2033 _builder_version=\u201d4.9.2\u2033 _module_preset=\u201ddefault\u201d][\/et_pb_column][et_pb_column type=\u201d3_4\u2033 _builder_version=\u201d4.9.2\u2033 _module_preset=\u201ddefault \u201d][et_pb_image src=\u201dhttps:\/\/dev.dancingcuba.com\/wp-content\/uplo ads\/2021\/08\/salon-rosado-1024\u00d7676-1.jpg\u201d title_text=\u201dsalon-rosado-1024\u00d7676\u2033 align=\u201dcenter\u201d _builder_version=\u201d4.9.2\u2033 _module_preset=\u201ddefault\u201d][\/et_pb_image ][\/et_pb_column][\/et_pb_row][et_pb_row column_structure=\u201d1_2,1_2\u2033 _builder_version=\u201d4.9.2\u2033 _module_preset=\u201ddefault\u201d][et_pb_column type=\u201d1_2\u2033 _builder_version=\u201d4.9.2\u2033 _module_preset=\u201ddefault\u201d ][\/et_pb_column][et_pb_column type=\u201d1_2\u2033 _builder_version=\u201d4.9.2\u2033 _module_preset=\u201ddefault\u201d][et_pb_text _builder_version=\u201d4.9.2\u2033 _module_preset=\u201ddefault\u201d text_font=\u201dLato||||||| |\u201d text_text_color=\u201d#FFFFFF\u201d text_font_size=\u201d16px\u201d text_font_size_tablet=\u201d\u201d text_font_size_phone=\u201d\u201d text_font_size_last_edited=\u201don|desktop\u201d]Es un gran espacio abierto al cielo, con un bar. En 2010 fue completamente remodelado con un excelente sistema de audio e iluminaci\u00f3n, dise\u00f1ado para brindar una experiencia impactante.<br \/>\nLa sala abre todos los fines de semana, de viernes a s\u00e1bado a las 20:00 horas y cierra a las 2:00 horas. Los domingos ofrece matin\u00e9s de 16:00 a 21:00 horas. Si bien este es el \u00e1mbito de la m\u00fasica popular bailable, tambi\u00e9n se interpretan otros g\u00e9neros musicales tradicionales y contempor\u00e1neos, como rumba, trova, hip-hop, reggaeton, rock, m\u00fasica electr\u00f3nica, entre otros estilos.[\/et_pb_text][\/et_pb_column][\/ et_pb_row][\/et_pb_section][et_pb_section fb_built=\u201d1\u2033 fullwidth=\u201don\u201d _builder_version=\u201d4.9.2\u2033 _module_preset=\u201ddefault\u201d][et_pb_fullwidth_image src=\u201dhttps:\/\/dev.dancingcuba.com\/wp-content\/ uploads\/2021\/08\/rodado3.jpg\u201d title_text=\u201drodado3\u2033 _builder_version=\u201d4.9.2\u2033 _module_preset=\u201ddefault\u201d][\/et_pb_fullwidth_image][\/et_pb_section][et_pb_section fb_built=\u201d1\u2033 disabled_on=\u201doff|off| off\u201d admin_label=\u201dPie de p\u00e1gina\u201d _builder_version=\u201d4.9.2\u2033 background_color=\u201d#fe0000\u2033 background_color_gradient_direction=\u201d131deg\u201d max_width=\u201d100%\u201d max_width_tablet=\u201d\u201d max_width_phone=\u201d\u201d max_width_last_edited=\u201don|phone\u201d module_alignment=\u201dcenter\u201d custom_padding =\u201d|0px||0px|false|false\u201d animation_direction=\u201dbottom\u201d Saved_tabs=\u201dall\u201d lock=\u201doff\u201d][et_pb_row column_structure=\u201d1_3,1_3,1_3\u2033 make_equ al=\u201don\u201d _builder_version=\u201d4.9.2\u2033 background_color_gradient_direction=\u201d38deg\u201d width=\u201d100%\u201d max_width=\u201d85%\u201d module_alignment=\u201dcenter\u201d custom_margin=\u201d0px||-20px||false|false\u201d custom_margin_tablet=\u201d- 50px||-50px||falso|falso\u201d custom_margin_phone=\u201d0px||||falso|falso\u201d custom_margin_last_edited=\u201den|tel\u00e9fono\u201d custom_padding=\u201d0px||0px||falso|falso\u201d module_alignment_tablet=\u201d\u201d module_alignment_phone=\u201d centro\u201d module_alignment_last_edited=\u201don|phone\u201d bloqueado=\u201doff\u201d][et_pb_column type=\u201d1_3\u2033 _builder_version=\u201d3.25\u2033 custom_padding=\u201d|||\u201d custom_padding__hover=\u201d|||\u201d][et_pb_text content_tablet=\u201d<\/p>\n<h6> SERVICIOS <\/h6>\n<p><\/p>\n<p>LECCIONES DE BAILE<\/p>\n<p>TOUR DE BAILE<\/p>\n<p>HOTEL<\/p>\n<p>VIAJE \u201dcontent_phone =\u201d<\/p>\n<h4 style=\"%22text-align:\" center;%22>Servicios<\/h4>\n<p>\u201d content_last_edited=\u201doff|phone\u201d _builder_version=\u201d4.9.2\u2033 text_font=\u201dLato|300|||||||\u201d text_text_color=\u201d#FFFFFF\u201d text_font_size=\u201d16px\u201d text_line_height=\u201d1.8em\u201d header_font=\u201dLato||||||||\u201d header_line_height=\u201d0em\u201d header_4_font=\u201dLato|||on|||||\u201d header_4_font_size=\u201d20px\u201d header_4_letter_spacing=\u201d1px\u201d header_4_line_height=\u201d1.5em\u201d header_6_font=\u201dLato||||||||\u201d header_6_font_size=\u201d20px\u201d header_6_line_height=\u201d0px\u201d background_layout=\u201doscuro\u201d custom_margin=\u201d150px||||false|false\u201d custom_margin_tablet=\u201d\u201d custom_margin_phone=\u201d30px||10px||false|false\u201d custom_margin_last_edited=\u201don|phone \u201d header_4_font_size_tablet=\u201d\u201d header_4_font_size_phone=\u201d15px\u201d header_4_font_size_last_edited=\u201dencendido|tel\u00e9fono\u201d bloqueado=\u201dapagado\u201d]<\/p>\n<h4 style=\"text-align: center;\">INFORMACI\u00d3N<\/h4>\n<p>[\/ et_pb_text] [et_pb_text content_phone = \u201d<\/p>\n<h5 style=\"%22text-align:\" center;%22>LECCIONES DE BAILE<\/h5>\n<p>\u201d content_last_edited=\u201doff|phone\u201d _builder_version=\u201d4.9.2\u2033 text_font=\u201dPoppins||||||||\u201d text_text_color=\u201drgba(0,0,0,0.5)\u201d text_font_size=\u201d16px\u201d text_line_height=\u201d1.9em\u201d header_font=\u201d||||||||\u201d header_4_font=\u201d|700||en|||||\u201d header_4_font_size=\u201d16px\u201d header_4_letter_spacing=\u201d1px\u201d header_4_line_height=\u201d1.5em\u201d header_5_font=\u201dRoboto|300|||||||\u201d background_layout=\u201doscuro\u201d custom_margin=\u201d0px||20px||false|false\u201d custom_margin_tablet=\u201d\u201d custom_margin_phone=\u201d0px||10px||false|false\u201d custom_margin_last_edited=\u201den|tel\u00e9fono\u201d custom_padding=\u201d0px|||| falso|falso\u201d link_option_url=\u201dmailto:info@vapor156.com\u201d header_5_font_size_tablet=\u201d\u201d header_5_font_size_phone=\u201d14px\u201d header_5_font_size_last_edited=\u201den|tel\u00e9fono\u201d bloqueado=\u201dapagado\u201d]<\/p>\n<h5 style=\"text-align: center;\">CORREO ELECTR\u00d3NICO: info@dancingcuba.com<\/h5>\n<p>[\/et_pb_text][\/et_pb_column][et_pb_column type=\u201d1_3\u2033 _builder_version=\u201d3.25\u2033 custom_padding=\u201d|||\u201d custom_padding__hover=\u201d|||\u201d][et_pb_image src=\u201dhttps:\/\/dev.dancingcuba.com\/wp-content\/uploads\/2021\/08\/logoSmall.png\u201d title_text=\u201dlogoSmall\u201d _builder_version=\u201d4.9.2\u2033 _module_preset =\u201dpredeterminado\u201d custom_margin_tablet=\u201d\u201d custom_margin_phone=\u201d0px||0px||false|false\u201d custom_margin_last_edited=\u201don|phone\u201d custom_padding_tablet=\u201d\u201d custom_padding_phone=\u201d0px||0px||false|false\u201d custom_padding_last_edited=\u201don| tel\u00e9fono\u201d][\/et_pb_image][\/et_pb_column][et_pb_column type=\u201d1_3\u2033 _builder_version=\u201d3.25\u2033 custom_padding=\u201d|||\u201d custom_padding__hover=\u201d|||\u201d][et_pb_text content_tablet=\u201d<\/p>\n<h6> SERVICIOS <\/h6>\n<p><\/p>\n<p>LECCIONES DE BAILE<\/p>\n<p>TOUR DE BAILE<\/p>\n<p>HOTEL<\/p>\n<p>VIAJE \u201dcontent_phone =\u201d<\/p>\n<h4 style=\"%22text-align:\" center;%22>Servicios<\/h4>\n<p>\u201d content_last_edited=\u201doff|phone\u201d _builder_version=\u201d4.9.2\u2033 text_font=\u201dLato|300|||||||\u201d text_text_color=\u201d#FFFFFF\u201d text_font_size=\u201d16px\u201d text_line_height=\u201d1.8em\u201d header_font=\u201dLato||||||||\u201d header_line_height=\u201d0em\u201d header_4_font=\u201dLato|||on|||||\u201d header_4_font_size=\u201d20px\u201d header_4_letter_spacing=\u201d1px\u201d header_4_line_height=\u201d1.5em\u201d header_6_font=\u201dLato||||||||\u201d header_6_font_size=\u201d20px\u201d header_6_line_height=\u201d0px\u201d background_layout=\u201doscuro\u201d custom_margin=\u201d150px||||false|false\u201d custom_margin_tablet=\u201d\u201d custom_margin_phone=\u201d0px||10px||false|false\u201d custom_margin_last_edited=\u201don|phone \u201d header_4_font_size_tablet=\u201d\u201d header_4_font_size_phone=\u201d15px\u201d header_4_font_size_last_edited=\u201dencendido|tel\u00e9fono\u201d bloqueado=\u201dapagado\u201d]<\/p>\n<h4 style=\"text-align: center;\">SOBRE NOSOTROS<\/h4>\n<p>[\/ et_pb_text] [et_pb_text content_phone = \u201d<\/p>\n<h5 style=\"%22text-align:\" center;%22>LECCIONES DE BAILE<\/h5>\n<p>\u201d content_last_edited=\u201doff|phone\u201d _builder_version=\u201d4.9.2\u2033 text_font=\u201dPoppins||||||||\u201d text_text_color=\u201drgba(0,0,0,0.5)\u201d text_font_size=\u201d16px\u201d text_line_height=\u201d1.9em\u201d header_font=\u201d||||||||\u201d header_4_font=\u201d|700||en|||||\u201d header_4_font_size=\u201d16px\u201d header_4_letter_spacing=\u201d1px\u201d header_4_line_height=\u201d1.5em\u201d header_5_font=\u201dRoboto|300|||||||\u201d background_layout=\u201doscuro\u201d custom_margin=\u201d0px||20px||false|false\u201d custom_margin_tablet=\u201d\u201d custom_margin_phone=\u201d0px||10px||false|false\u201d custom_margin_last_edited=\u201den|tel\u00e9fono\u201d custom_padding=\u201d0px|||| false|false\u201d hover_enabled=\u201d0\u2033 header_5_font_size_tablet=\u201d\u201d header_5_font_size_phone=\u201d14px\u201d header_5_font_size_last_edited=\u201don|phone\u201d closed=\u201doff\u201d link_option_url=\u201dhttps:\/\/dev.dancingcuba.com\/contact-us-new\/\u201d sticky_enabled=\u201d0\u2033]<\/p>\n<h5 style=\"text-align: center;\">QUIENES SOMOS <\/h5>\n<p>[\/ et_pb_text] [et_pb_text content_phone = \u201d<\/p>\n<h5 style=\"%22text-align:\" center;%22>LECCIONES DE BAILE<\/h5>\n<p>\u201d content_last_edited=\u201doff|phone\u201d _builder_version=\u201d4.9.2\u2033 text_font=\u201dPoppins||||||||\u201d text_text_color=\u201drgba(0,0,0,0.5)\u201d text_font_size=\u201d16px\u201d text_line_height=\u201d1.9em\u201d header_font=\u201d||||||||\u201d header_4_font=\u201d|700||en|||||\u201d header_4_font_size=\u201d16px\u201d header_4_letter_spacing=\u201d1px\u201d header_4_line_height=\u201d1.5em\u201d header_5_font=\u201dRoboto|300|||||||\u201d background_layout=\u201doscuro\u201d custom_margin=\u201d0px||20px||false|false\u201d custom_margin_tablet=\u201d\u201d custom_margin_phone=\u201d0px||10px||false|false\u201d custom_margin_last_edited=\u201den|tel\u00e9fono\u201d custom_padding=\u201d0px|||| false|false\u201d link_option_url=\u201dhttps:\/\/vapor156.com\u201d header_5_font_size_tablet=\u201d\u201d header_5_font_size_phone=\u201d14px\u201d header_5_font_size_last_edited=\u201den|tel\u00e9fono\u201d bloqueado=\u201dapagado\u201d]<\/p>\n<h5 style=\"text-align: center;\">HOTEL BOUTIQUE VAPOR 156<\/h5>\n<p>[\/et_pb_text][\/et_pb_column][\/et_pb_row][et_pb_row column_structure=\u201d1_3,1_3,1_3\u2033 _builder_version=\u201d4.9.2\u2033 _module_preset=\u201ddefault\u201d custom_margin=\u201d50px||||false|false\u201d custom_margin_tablet=\u201d \u201d custom_margin_phone=\u201d\u201d custom_margin_last_edited=\u201don|desktop\u201d][et_pb_column type=\u201d1_3\u2033 _builder_version=\u201d4.9.2\u2033 _module_preset=\u201ddefault\u201d][et_pb_divider color=\u201d#FFFFFF\u201d divider_weight=\u201d2px\u201d _builder_version=\u201d4.9. 2\u2033 _module_preset=\u201dpredeterminado\u201d bloqueado=\u201ddesactivado\u201d][\/et_pb_divider][\/et_pb_column][et_pb_column type=\u201d1_3\u2033 _builder_version=\u201d4.9.2\u2033 _module_preset=\u201dpredeterminado\u201d][et_pb_social_media_follow icon_color=\u201d#FFFFFF\u201d use_icon_font_size= \u201don\u201d icon_font_size=\u201d40px\u201d icon_font_size_tablet=\u201d\u201d icon_font_size_phone=\u201d30px\u201d icon_font_size_last_edited=\u201don|phone\u201d _builder_version=\u201d4.9.2\u2033 _module_preset=\u201ddefault\u201d text_orientation=\u201dcenter\u201d custom_margin=\u201d-50px||0px| |falso|falso\u201d custom_margin_tablet=\u201d0px||||falso|falso\u201d custom_margin_phone=\u201d-25px||||falso|falso\u201d custom_margin_last_edited=\u201den|escritorio\u201d custom_padding=\u201d0 px||0px||falso|falso\u201d bloqueado=\u201dapagado\u201d][et_pb_social_media_follow_network social_network=\u201dfacebook\u201d url=\u201dhttps:\/\/www.facebook.com\/DancingCuba.Info\/\u201d icon_color=\u201d#FFFFFF\u201d _builder_version=\u201d4.9 .2\u2033 _module_preset=\u201ddefault\u201d background_enable_color=\u201doff\u201d follow_button=\u201doff\u201d url_new_window=\u201don\u201d]facebook[\/et_pb_social_media_follow_network][et_pb_social_media_follow_network social_network=\u201dinstagram\u201d url=\u201dhttps:\/\/instagram.com\/dancingcuba?utm_medium =copy_link\u201d _builder_version=\u201d4.9.2\u2033 _module_preset=\u201ddefault\u201d background_enable_color=\u201doff\u201d follow_button=\u201doff\u201d url_new_window=\u201don\u201d]instagram[\/et_pb_social_media_follow_network][et_pb_social_media_follow_network social_network=\u201dtwitter\u201d url=\u201dhttps:\/\/ twitter.com\/DancingCuba\u201d _builder_version=\u201d4.9.2\u2033 _module_preset=\u201ddefault\u201d background_enable_color=\u201doff\u201d follow_button=\u201doff\u201d url_new_window=\u201don\u201d]twitter[\/et_pb_social_media_follow_network][\/et_pb_social_media_follow][\/et_pb_column][et_pb_column type =\u201d1_3\u2033 _builder_version=\u201d4.9.2\u2033 _module_preset=\u201dpredeterminado\u201d ][et_pb_divider color=\u201d#FFFFFF\u201d divider_weight=\u201d2px\u201d _builder_version=\u201d4.9.2\u2033 _module_preset=\u201ddefault\u201d][\/et_pb_divider][\/et_pb_column][\/et_pb_row][\/et_pb_section]<\/p>","protected":false},"excerpt":{"rendered":"<p>Sal\u00f3n Rosa \u201cBenny Mor\u00e9\u201d, en la AVENIDA La Tropical 41. MARIANAO El Sal\u00f3n Rosa \u201cBenny Mor\u00e9\u201d, de La Tropical, destaca en La Habana porque es un escenario completamente diferente. Es simplemente excepcional. Un gran local al aire libre en el distrito de Marianao, est\u00e1 lleno de j\u00f3venes cubanos que bailan locamente casino y salsa de Los Van Van, Pupi y los que Son [\u2026]<\/p>","protected":false},"author":3,"featured_media":0,"parent":0,"menu_order":0,"comment_status":"closed","ping_status":"closed","template":"","meta":{"_et_pb_use_builder":"on","_et_pb_old_content":"","_et_gb_content_width":"","_monsterinsights_skip_tracking":false,"_monsterinsights_sitenote_active":false,"_monsterinsights_sitenote_note":"","_monsterinsights_sitenote_category":0,"footnotes":""},"aioseo_notices":[],"_links":{"self":[{"href":"https:\/\/dancingcuba.com\/es\/wp-json\/wp\/v2\/pages\/2868"}],"collection":[{"href":"https:\/\/dancingcuba.com\/es\/wp-json\/wp\/v2\/pages"}],"about":[{"href":"https:\/\/dancingcuba.com\/es\/wp-json\/wp\/v2\/types\/page"}],"author":[{"embeddable":true,"href":"https:\/\/dancingcuba.com\/es\/wp-json\/wp\/v2\/users\/3"}],"replies":[{"embeddable":true,"href":"https:\/\/dancingcuba.com\/es\/wp-json\/wp\/v2\/comments?post=2868"}],"version-history":[{"count":0,"href":"https:\/\/dancingcuba.com\/es\/wp-json\/wp\/v2\/pages\/2868\/revisions"}],"wp:attachment":[{"href":"https:\/\/dancingcuba.com\/es\/wp-json\/wp\/v2\/media?parent=2868"}],"curies":[{"name":"wp","href":"https:\/\/api.w.org\/{rel}","templated":true}]}}