{"id":2823,"date":"2021-08-14T19:37:48","date_gmt":"2021-08-14T19:37:48","guid":{"rendered":"https:\/\/dev.dancingcuba.com\/?page_id=2823"},"modified":"2021-08-25T17:32:01","modified_gmt":"2021-08-25T17:32:01","slug":"buena-vista-social-night-club","status":"publish","type":"page","link":"https:\/\/dancingcuba.com\/es\/buena-vista-social-night-club\/","title":{"rendered":"Buena Vista Social Night Club"},"content":{"rendered":"<p>[et_pb_section fb_built=&#8221;1&#8243; fullwidth=&#8221;on&#8221; _builder_version=&#8221;4.9.2&#8243; _module_preset=&#8221;default&#8221;][et_pb_fullwidth_image src=&#8221;https:\/\/dev.dancingcuba.com\/wp-content\/uploads\/2021\/08\/socialclub2.webp&#8221; title_text=&#8221;socialclub2&#8243; _builder_version=&#8221;4.9.2&#8243; _module_preset=&#8221;default&#8221; height_tablet=&#8221;&#8221; height_phone=&#8221;&#8221; height_last_edited=&#8221;on|phone&#8221; custom_margin=&#8221;||||false|false&#8221; custom_padding=&#8221;||||false|false&#8221;][\/et_pb_fullwidth_image][\/et_pb_section][et_pb_section fb_built=&#8221;1&#8243; _builder_version=&#8221;4.9.2&#8243; _module_preset=&#8221;default&#8221;][et_pb_row column_structure=&#8221;3_4,1_4&#8243; _builder_version=&#8221;4.9.2&#8243; _module_preset=&#8221;default&#8221; width=&#8221;85%&#8221; max_width=&#8221;85%&#8221;][et_pb_column type=&#8221;3_4&#8243; _builder_version=&#8221;4.9.2&#8243; _module_preset=&#8221;default&#8221;][et_pb_text _builder_version=&#8221;4.9.2&#8243; _module_preset=&#8221;default&#8221; text_font=&#8221;Tangerine|700|||||||&#8221; text_text_color=&#8221;#ff6b07&#8243; text_font_size=&#8221;130px&#8221; text_line_height=&#8221;0.9em&#8221; text_font_size_tablet=&#8221;&#8221; text_font_size_phone=&#8221;60px&#8221; text_font_size_last_edited=&#8221;on|desktop&#8221;]<\/p>\n<p>Buena Vista Social Night Club<\/p>\n<p>[\/et_pb_text][\/et_pb_column][et_pb_column type=&#8221;1_4&#8243; _builder_version=&#8221;4.9.2&#8243; _module_preset=&#8221;default&#8221;][\/et_pb_column][\/et_pb_row][et_pb_row column_structure=&#8221;2_3,1_3&#8243; _builder_version=&#8221;4.9.2&#8243; _module_preset=&#8221;default&#8221; custom_margin=&#8221;||-55px||false|false&#8221; custom_margin_tablet=&#8221;&#8221; custom_margin_phone=&#8221;&#8221; custom_margin_last_edited=&#8221;on|desktop&#8221;][et_pb_column type=&#8221;2_3&#8243; _builder_version=&#8221;4.9.2&#8243; _module_preset=&#8221;default&#8221;][et_pb_text _builder_version=&#8221;4.9.2&#8243; _module_preset=&#8221;default&#8221; text_font=&#8221;Lato|300|||||||&#8221; text_font_size=&#8221;16px&#8221; header_6_font=&#8221;||||||||&#8221; header_6_text_color=&#8221;#f99c07&#8243; custom_margin=&#8221;|50px||50px|false|false&#8221; custom_margin_tablet=&#8221;&#8221; custom_margin_phone=&#8221;|10px||10px|false|false&#8221; custom_margin_last_edited=&#8221;on|desktop&#8221; custom_padding_tablet=&#8221;&#8221; custom_padding_phone=&#8221;|0px||0px|false|false&#8221; custom_padding_last_edited=&#8221;on|phone&#8221; text_font_size_tablet=&#8221;&#8221; text_font_size_phone=&#8221;&#8221; text_font_size_last_edited=&#8221;on|desktop&#8221;]<\/p>\n<h6>ZULUETA 658. HABANA VIEJA<\/h6>\n<p>El Buena Vista Social Club fue un club social que estaba ubicado en el populoso barrio de Marianao en la ciudad de La Habana que reun\u00eda a un grupo de socios que practicaban actividades relacionadas con la m\u00fasica y la danza y que gozaba de gran popularidad en Cuba. Se convirti\u00f3 en un lugar de encuentro obligado para los m\u00fasicos de la \u00e9poca. Importantes m\u00fasicos como el bajista Cachao L\u00f3pez, Arsenio Rodr\u00edguez y Rub\u00e9n Gonz\u00e1lez tocaron en el club durante las d\u00e9cadas de 1930 y 1940.<\/p>\n<p>En 1996, un grupo de legendarios m\u00fasicos cubanos, muchos de ellos ex integrantes de ese club, donde actuaron cuando su popularidad estaba en su apogeo, entre ellos Ibrahim Ferrer (fallecido en 2005 a los 78 a\u00f1os), el cantante, Compay Segundo ( fallecido en 2003 a los 95 a\u00f1os) y Eliades Ochoa, (guitarrista\/cantante), el pianista Rub\u00e9n Gonz\u00e1lez Fontanills (fallecido en 2003 a los 84 a\u00f1os), Omara Portuondo, entre otros, fueron convocados por el m\u00fasico cubano Juan de Marcos Gonz\u00e1lez y el guitarrista norteamericano Ry Cooder para grabar en los Estudios EGREM.<\/p>\n<p>Este \u00e1lbum fue comercialmente muy exitoso y cr\u00edticamente inesperado, ganando un Grammy y convirti\u00e9ndose en el trabajo m\u00e1s vendido de la larga carrera de Cooder. En 1998 Cooder regresa a La Habana con su hijo Joaquim, percusionista, para grabar un LP en solitario con Ferrer. Las sesiones fueron capturadas en la pel\u00edcula por el cineasta alem\u00e1n Wim Wenders, quien tambi\u00e9n document\u00f3 las taquilleras presentaciones en vivo del Buena Vista Social Club en Amsterdam y Nueva York en 1998. El documental tambi\u00e9n incluye entrevistas con los m\u00fasicos realizadas en La Habana. La pel\u00edcula de Wenders, tambi\u00e9n titulada Buena Vista Social Club, gan\u00f3 una nominaci\u00f3n al Oscar en 2000 y el Premio al Mejor Documental en los European Film Awards.<\/p>\n<p>&nbsp;<\/p>\n<p>[\/et_pb_text][\/et_pb_column][et_pb_column type=&#8221;1_3&#8243; _builder_version=&#8221;4.9.2&#8243; _module_preset=&#8221;default&#8221;][\/et_pb_column][\/et_pb_row][\/et_pb_section][et_pb_section fb_built=&#8221;1&#8243; _builder_version=&#8221;4.9.2&#8243; _module_preset=&#8221;default&#8221; use_background_color_gradient=&#8221;on&#8221; background_color_gradient_start=&#8221;#ffffff&#8221; background_color_gradient_end=&#8221;#ffbf24&#8243; background_color_gradient_start_position=&#8221;40%&#8221; background_color_gradient_end_position=&#8221;40%&#8221;][et_pb_row column_structure=&#8221;1_4,3_4&#8243; _builder_version=&#8221;4.9.2&#8243; _module_preset=&#8221;default&#8221; custom_margin=&#8221;-55px||||false|false&#8221; custom_margin_tablet=&#8221;&#8221; custom_margin_phone=&#8221;&#8221; custom_margin_last_edited=&#8221;on|desktop&#8221;][et_pb_column type=&#8221;1_4&#8243; _builder_version=&#8221;4.9.2&#8243; _module_preset=&#8221;default&#8221;][\/et_pb_column][et_pb_column type=&#8221;3_4&#8243; _builder_version=&#8221;4.9.2&#8243; _module_preset=&#8221;default&#8221;][et_pb_image src=&#8221;https:\/\/dev.dancingcuba.com\/wp-content\/uploads\/2021\/08\/buenavista.jpg&#8221; title_text=&#8221;buenavista&#8221; _builder_version=&#8221;4.9.2&#8243; _module_preset=&#8221;default&#8221;][\/et_pb_image][\/et_pb_column][\/et_pb_row][et_pb_row column_structure=&#8221;1_2,1_2&#8243; _builder_version=&#8221;4.9.2&#8243; _module_preset=&#8221;default&#8221;][et_pb_column type=&#8221;1_2&#8243; _builder_version=&#8221;4.9.2&#8243; _module_preset=&#8221;default&#8221;][\/et_pb_column][et_pb_column type=&#8221;1_2&#8243; _builder_version=&#8221;4.9.2&#8243; _module_preset=&#8221;default&#8221;][et_pb_text _builder_version=&#8221;4.9.2&#8243; _module_preset=&#8221;default&#8221; text_font=&#8221;Lato||||||||&#8221; text_text_color=&#8221;#FFFFFF&#8221; text_font_size=&#8221;16px&#8221; text_font_size_tablet=&#8221;&#8221; text_font_size_phone=&#8221;&#8221; text_font_size_last_edited=&#8221;on|desktop&#8221;]<\/p>\n<p>El \u00e9xito del disco y la pel\u00edcula despertaron el inter\u00e9s internacional por la m\u00fasica tradicional cubana y la m\u00fasica latinoamericana en general. Algunos de los m\u00fasicos cubanos publicaron posteriormente discos en solitario que fueron bien recibidos y otros fueron grabados en colaboraci\u00f3n con varias estrellas de la m\u00fasica internacional de diferentes g\u00e9neros. El nombre \u201cBuena Vista Social Club\u201d se convirti\u00f3 en un t\u00e9rmino inclusivo para este tipo de presentaciones y lanzamientos colaborativos, adem\u00e1s de relacionarse con una etiqueta que engloba la \u201cEdad de Oro de la m\u00fasica cubana\u201d, entre las d\u00e9cadas de 1930 y 1950.<\/p>\n<p>Actualmente el club est\u00e1 ubicado en La Habana Vieja y algunos de los integrantes de esa legendaria agrupaci\u00f3n, como Omara Portuondo y Eliades Ochoa, tocan y cantan junto a una nueva generaci\u00f3n de talentosos m\u00fasicos amantes de este g\u00e9nero musical cubano.<\/p>\n<p>[\/et_pb_text][\/et_pb_column][\/et_pb_row][\/et_pb_section][et_pb_section fb_built=&#8221;1&#8243; fullwidth=&#8221;on&#8221; _builder_version=&#8221;4.9.2&#8243; _module_preset=&#8221;default&#8221;][et_pb_fullwidth_image src=&#8221;https:\/\/dev.dancingcuba.com\/wp-content\/uploads\/2021\/08\/buena-vista-social-club.jpg&#8221; title_text=&#8221;buena-vista-social-club&#8221; _builder_version=&#8221;4.9.2&#8243; _module_preset=&#8221;default&#8221;][\/et_pb_fullwidth_image][\/et_pb_section][et_pb_section fb_built=&#8221;1&#8243; disabled_on=&#8221;off|off|off&#8221; admin_label=&#8221;Footer&#8221; _builder_version=&#8221;4.9.2&#8243; background_color=&#8221;#fe0000&#8243; background_color_gradient_direction=&#8221;131deg&#8221; max_width=&#8221;100%&#8221; max_width_tablet=&#8221;&#8221; max_width_phone=&#8221;&#8221; max_width_last_edited=&#8221;on|phone&#8221; module_alignment=&#8221;center&#8221; custom_padding=&#8221;|0px||0px|false|false&#8221; animation_direction=&#8221;bottom&#8221; saved_tabs=&#8221;all&#8221; locked=&#8221;off&#8221;][et_pb_row column_structure=&#8221;1_3,1_3,1_3&#8243; make_equal=&#8221;on&#8221; _builder_version=&#8221;4.9.2&#8243; background_color_gradient_direction=&#8221;38deg&#8221; width=&#8221;100%&#8221; max_width=&#8221;85%&#8221; module_alignment=&#8221;center&#8221; custom_margin=&#8221;0px||-20px||false|false&#8221; custom_margin_tablet=&#8221;-50px||-50px||false|false&#8221; custom_margin_phone=&#8221;0px||||false|false&#8221; custom_margin_last_edited=&#8221;on|phone&#8221; custom_padding=&#8221;0px||0px||false|false&#8221; module_alignment_tablet=&#8221;&#8221; module_alignment_phone=&#8221;center&#8221; module_alignment_last_edited=&#8221;on|phone&#8221; locked=&#8221;off&#8221;][et_pb_column type=&#8221;1_3&#8243; _builder_version=&#8221;3.25&#8243; custom_padding=&#8221;|||&#8221; custom_padding__hover=&#8221;|||&#8221;][et_pb_text content_tablet=&#8221;<\/p>\n<h6> SERVICIOS <\/h6>\n<p><\/p>\n<p>LECCIONES DE BAILE<\/p>\n<p>TOUR DE BAILE<\/p>\n<p>HOTEL<\/p>\n<p>VIAJE \u201dcontent_phone =\u201d<\/p>\n<h4 style=\"%22text-align:\" center;%22>Servicios<\/h4>\n<p>\u201d content_last_edited=\u201doff|phone\u201d _builder_version=\u201d4.9.2\u2033 text_font=\u201dLato|300|||||||\u201d text_text_color=\u201d#FFFFFF\u201d text_font_size=\u201d16px\u201d text_line_height=\u201d1.8em\u201d header_font=\u201dLato||||||||\u201d header_line_height=\u201d0em\u201d header_4_font=\u201dLato|||on|||||\u201d header_4_font_size=\u201d20px\u201d header_4_letter_spacing=\u201d1px\u201d header_4_line_height=\u201d1.5em\u201d header_6_font=\u201dLato||||||||\u201d header_6_font_size=\u201d20px\u201d header_6_line_height=\u201d0px\u201d background_layout=\u201doscuro\u201d custom_margin=\u201d150px||||false|false\u201d custom_margin_tablet=\u201d\u201d custom_margin_phone=\u201d30px||10px||false|false\u201d custom_margin_last_edited=\u201don|phone \u201d header_4_font_size_tablet=\u201d\u201d header_4_font_size_phone=\u201d15px\u201d header_4_font_size_last_edited=\u201dencendido|tel\u00e9fono\u201d bloqueado=\u201dapagado\u201d]<\/p>\n<h4 style=\"text-align: center;\">INFORMACI\u00d3N<\/h4>\n<p>[\/ et_pb_text] [et_pb_text content_phone = \u201d<\/p>\n<h5 style=\"%22text-align:\" center;%22>LECCIONES DE BAILE<\/h5>\n<p>\u201d content_last_edited=\u201doff|phone\u201d _builder_version=\u201d4.9.2\u2033 text_font=\u201dPoppins||||||||\u201d text_text_color=\u201drgba(0,0,0,0.5)\u201d text_font_size=\u201d16px\u201d text_line_height=\u201d1.9em\u201d header_font=\u201d||||||||\u201d header_4_font=\u201d|700||en|||||\u201d header_4_font_size=\u201d16px\u201d header_4_letter_spacing=\u201d1px\u201d header_4_line_height=\u201d1.5em\u201d header_5_font=\u201dRoboto|300|||||||\u201d background_layout=\u201doscuro\u201d custom_margin=\u201d0px||20px||false|false\u201d custom_margin_tablet=\u201d\u201d custom_margin_phone=\u201d0px||10px||false|false\u201d custom_margin_last_edited=\u201den|tel\u00e9fono\u201d custom_padding=\u201d0px|||| falso|falso\u201d link_option_url=\u201dmailto:info@vapor156.com\u201d header_5_font_size_tablet=\u201d\u201d header_5_font_size_phone=\u201d14px\u201d header_5_font_size_last_edited=\u201den|tel\u00e9fono\u201d bloqueado=\u201dapagado\u201d]<\/p>\n<h5 style=\"text-align: center;\">CORREO ELECTR\u00d3NICO: info@dancingcuba.com<\/h5>\n<p>[\/et_pb_text][\/et_pb_column][et_pb_column type=\u201d1_3\u2033 _builder_version=\u201d3.25\u2033 custom_padding=\u201d|||\u201d custom_padding__hover=\u201d|||\u201d][et_pb_image src=\u201dhttps:\/\/dev.dancingcuba.com\/wp-content\/uploads\/2021\/08\/logoSmall.png\u201d title_text=\u201dlogoSmall\u201d _builder_version=\u201d4.9.2\u2033 _module_preset =\u201dpredeterminado\u201d custom_margin_tablet=\u201d\u201d custom_margin_phone=\u201d0px||0px||false|false\u201d custom_margin_last_edited=\u201don|phone\u201d custom_padding_tablet=\u201d\u201d custom_padding_phone=\u201d0px||0px||false|false\u201d custom_padding_last_edited=\u201don| tel\u00e9fono\u201d][\/et_pb_image][\/et_pb_column][et_pb_column type=\u201d1_3\u2033 _builder_version=\u201d3.25\u2033 custom_padding=\u201d|||\u201d custom_padding__hover=\u201d|||\u201d][et_pb_text content_tablet=\u201d<\/p>\n<h6> SERVICIOS <\/h6>\n<p><\/p>\n<p>LECCIONES DE BAILE<\/p>\n<p>TOUR DE BAILE<\/p>\n<p>HOTEL<\/p>\n<p>VIAJE \u201dcontent_phone =\u201d<\/p>\n<h4 style=\"%22text-align:\" center;%22>Servicios<\/h4>\n<p>\u201d content_last_edited=\u201doff|phone\u201d _builder_version=\u201d4.9.2\u2033 text_font=\u201dLato|300|||||||\u201d text_text_color=\u201d#FFFFFF\u201d text_font_size=\u201d16px\u201d text_line_height=\u201d1.8em\u201d header_font=\u201dLato||||||||\u201d header_line_height=\u201d0em\u201d header_4_font=\u201dLato|||on|||||\u201d header_4_font_size=\u201d20px\u201d header_4_letter_spacing=\u201d1px\u201d header_4_line_height=\u201d1.5em\u201d header_6_font=\u201dLato||||||||\u201d header_6_font_size=\u201d20px\u201d header_6_line_height=\u201d0px\u201d background_layout=\u201doscuro\u201d custom_margin=\u201d150px||||false|false\u201d custom_margin_tablet=\u201d\u201d custom_margin_phone=\u201d0px||10px||false|false\u201d custom_margin_last_edited=\u201don|phone \u201d header_4_font_size_tablet=\u201d\u201d header_4_font_size_phone=\u201d15px\u201d header_4_font_size_last_edited=\u201dencendido|tel\u00e9fono\u201d bloqueado=\u201dapagado\u201d]<\/p>\n<h4 style=\"text-align: center;\">SOBRE NOSOTROS<\/h4>\n<p>[\/ et_pb_text] [et_pb_text content_phone = \u201d<\/p>\n<h5 style=\"%22text-align:\" center;%22>LECCIONES DE BAILE<\/h5>\n<p>\u201d content_last_edited=\u201doff|phone\u201d _builder_version=\u201d4.9.2\u2033 text_font=\u201dPoppins||||||||\u201d text_text_color=\u201drgba(0,0,0,0.5)\u201d text_font_size=\u201d16px\u201d text_line_height=\u201d1.9em\u201d header_font=\u201d||||||||\u201d header_4_font=\u201d|700||en|||||\u201d header_4_font_size=\u201d16px\u201d header_4_letter_spacing=\u201d1px\u201d header_4_line_height=\u201d1.5em\u201d header_5_font=\u201dRoboto|300|||||||\u201d background_layout=\u201doscuro\u201d custom_margin=\u201d0px||20px||false|false\u201d custom_margin_tablet=\u201d\u201d custom_margin_phone=\u201d0px||10px||false|false\u201d custom_margin_last_edited=\u201den|tel\u00e9fono\u201d custom_padding=\u201d0px|||| false|false\u201d hover_enabled=\u201d0\u2033 header_5_font_size_tablet=\u201d\u201d header_5_font_size_phone=\u201d14px\u201d header_5_font_size_last_edited=\u201don|phone\u201d closed=\u201doff\u201d link_option_url=\u201dhttps:\/\/dev.dancingcuba.com\/contact-us-new\/\u201d sticky_enabled=\u201d0\u2033]<\/p>\n<h5 style=\"text-align: center;\">QUIENES SOMOS <\/h5>\n<p>[\/ et_pb_text] [et_pb_text content_phone = \u201d<\/p>\n<h5 style=\"%22text-align:\" center;%22>LECCIONES DE BAILE<\/h5>\n<p>\u201d content_last_edited=\u201doff|phone\u201d _builder_version=\u201d4.9.2\u2033 text_font=\u201dPoppins||||||||\u201d text_text_color=\u201drgba(0,0,0,0.5)\u201d text_font_size=\u201d16px\u201d text_line_height=\u201d1.9em\u201d header_font=\u201d||||||||\u201d header_4_font=\u201d|700||en|||||\u201d header_4_font_size=\u201d16px\u201d header_4_letter_spacing=\u201d1px\u201d header_4_line_height=\u201d1.5em\u201d header_5_font=\u201dRoboto|300|||||||\u201d background_layout=\u201doscuro\u201d custom_margin=\u201d0px||20px||false|false\u201d custom_margin_tablet=\u201d\u201d custom_margin_phone=\u201d0px||10px||false|false\u201d custom_margin_last_edited=\u201den|tel\u00e9fono\u201d custom_padding=\u201d0px|||| false|false\u201d link_option_url=\u201dhttps:\/\/vapor156.com\u201d header_5_font_size_tablet=\u201d\u201d header_5_font_size_phone=\u201d14px\u201d header_5_font_size_last_edited=\u201den|tel\u00e9fono\u201d bloqueado=\u201dapagado\u201d]<\/p>\n<h5 style=\"text-align: center;\">HOTEL BOUTIQUE VAPOR 156<\/h5>\n<p>[\/et_pb_text][\/et_pb_column][\/et_pb_row][et_pb_row column_structure=\u201d1_3,1_3,1_3\u2033 _builder_version=\u201d4.9.2\u2033 _module_preset=\u201ddefault\u201d custom_margin=\u201d50px||||false|false\u201d custom_margin_tablet=\u201d \u201d custom_margin_phone=\u201d\u201d custom_margin_last_edited=\u201don|desktop\u201d][et_pb_column type=\u201d1_3\u2033 _builder_version=\u201d4.9.2\u2033 _module_preset=\u201ddefault\u201d][et_pb_divider color=\u201d#FFFFFF\u201d divider_weight=\u201d2px\u201d _builder_version=\u201d4.9. 2\u2033 _module_preset=\u201dpredeterminado\u201d bloqueado=\u201ddesactivado\u201d][\/et_pb_divider][\/et_pb_column][et_pb_column type=\u201d1_3\u2033 _builder_version=\u201d4.9.2\u2033 _module_preset=\u201dpredeterminado\u201d][et_pb_social_media_follow icon_color=\u201d#FFFFFF\u201d use_icon_font_size= \u201don\u201d icon_font_size=\u201d40px\u201d icon_font_size_tablet=\u201d\u201d icon_font_size_phone=\u201d30px\u201d icon_font_size_last_edited=\u201don|phone\u201d _builder_version=\u201d4.9.2\u2033 _module_preset=\u201ddefault\u201d text_orientation=\u201dcenter\u201d custom_margin=\u201d-50px||0px| |falso|falso\u201d custom_margin_tablet=\u201d0px||||falso|falso\u201d custom_margin_phone=\u201d-25px||||falso|falso\u201d custom_margin_last_edited=\u201den|escritorio\u201d custom_padding=\u201d0 px||0px||falso|falso\u201d bloqueado=\u201dapagado\u201d][et_pb_social_media_follow_network social_network=\u201dfacebook\u201d url=\u201dhttps:\/\/www.facebook.com\/DancingCuba.Info\/\u201d icon_color=\u201d#FFFFFF\u201d _builder_version=\u201d4.9 .2\u2033 _module_preset=\u201ddefault\u201d background_enable_color=\u201doff\u201d follow_button=\u201doff\u201d url_new_window=\u201don\u201d]facebook[\/et_pb_social_media_follow_network][et_pb_social_media_follow_network social_network=\u201dinstagram\u201d url=\u201dhttps:\/\/instagram.com\/dancingcuba?utm_medium =copy_link\u201d _builder_version=\u201d4.9.2\u2033 _module_preset=\u201ddefault\u201d background_enable_color=\u201doff\u201d follow_button=\u201doff\u201d url_new_window=\u201don\u201d]instagram[\/et_pb_social_media_follow_network][et_pb_social_media_follow_network social_network=\u201dtwitter\u201d url=\u201dhttps:\/\/ twitter.com\/DancingCuba\u201d _builder_version=\u201d4.9.2\u2033 _module_preset=\u201ddefault\u201d background_enable_color=\u201doff\u201d follow_button=\u201doff\u201d url_new_window=\u201don\u201d]twitter[\/et_pb_social_media_follow_network][\/et_pb_social_media_follow][\/et_pb_column][et_pb_column type =\u201d1_3\u2033 _builder_version=\u201d4.9.2\u2033 _module_preset=\u201dpredeterminado\u201d ][et_pb_divider color=\u201d#FFFFFF\u201d divider_weight=\u201d2px\u201d _builder_version=\u201d4.9.2\u2033 _module_preset=\u201ddefault\u201d][\/et_pb_divider][\/et_pb_column][\/et_pb_row][\/et_pb_section]<\/p>","protected":false},"excerpt":{"rendered":"<p>Buena Vista Social Night ClubZULUETA 658. OLD HABANA The Buena Vista Social Club was a social club that was located in the populous\u00a0Marianao\u00a0neighborhood in Havana\u00a0city that gathered a group of members that practiced activities related to music and dance and that enjoyed wide popularity in Cuba.\u00a0It became an obligatory meeting place for the musicians of [&hellip;]<\/p>","protected":false},"author":3,"featured_media":0,"parent":0,"menu_order":0,"comment_status":"closed","ping_status":"closed","template":"","meta":{"_et_pb_use_builder":"on","_et_pb_old_content":"","_et_gb_content_width":"","_monsterinsights_skip_tracking":false,"_monsterinsights_sitenote_active":false,"_monsterinsights_sitenote_note":"","_monsterinsights_sitenote_category":0,"footnotes":""},"aioseo_notices":[],"_links":{"self":[{"href":"https:\/\/dancingcuba.com\/es\/wp-json\/wp\/v2\/pages\/2823"}],"collection":[{"href":"https:\/\/dancingcuba.com\/es\/wp-json\/wp\/v2\/pages"}],"about":[{"href":"https:\/\/dancingcuba.com\/es\/wp-json\/wp\/v2\/types\/page"}],"author":[{"embeddable":true,"href":"https:\/\/dancingcuba.com\/es\/wp-json\/wp\/v2\/users\/3"}],"replies":[{"embeddable":true,"href":"https:\/\/dancingcuba.com\/es\/wp-json\/wp\/v2\/comments?post=2823"}],"version-history":[{"count":0,"href":"https:\/\/dancingcuba.com\/es\/wp-json\/wp\/v2\/pages\/2823\/revisions"}],"wp:attachment":[{"href":"https:\/\/dancingcuba.com\/es\/wp-json\/wp\/v2\/media?parent=2823"}],"curies":[{"name":"wp","href":"https:\/\/api.w.org\/{rel}","templated":true}]}}