{"id":2674,"date":"2021-08-05T15:55:32","date_gmt":"2021-08-05T15:55:32","guid":{"rendered":"https:\/\/dev.dancingcuba.info\/?page_id=2674"},"modified":"2021-08-25T17:31:41","modified_gmt":"2021-08-25T17:31:41","slug":"tropicana-cabaret","status":"publish","type":"page","link":"https:\/\/dancingcuba.com\/es\/tropicana-cabaret\/","title":{"rendered":"Cabaret Tropicana"},"content":{"rendered":"<p>[et_pb_section fb_built=&#8221;1&#8243; fullwidth=&#8221;on&#8221; _builder_version=&#8221;4.9.2&#8243; _module_preset=&#8221;default&#8221;][et_pb_fullwidth_image src=&#8221;https:\/\/dancingcuba.com\/wp-content\/uploads\/2021\/08\/TROPICANA-1.jpeg&#8221; title_text=&#8221;TROPICANA&#8221; _builder_version=&#8221;4.9.2&#8243; _module_preset=&#8221;default&#8221; height_tablet=&#8221;&#8221; height_phone=&#8221;&#8221; height_last_edited=&#8221;on|phone&#8221; custom_margin=&#8221;||||false|false&#8221; custom_padding=&#8221;||||false|false&#8221;][\/et_pb_fullwidth_image][\/et_pb_section][et_pb_section fb_built=&#8221;1&#8243; _builder_version=&#8221;4.9.2&#8243; _module_preset=&#8221;default&#8221;][et_pb_row _builder_version=&#8221;4.9.2&#8243; _module_preset=&#8221;default&#8221; width=&#8221;85%&#8221; max_width=&#8221;85%&#8221;][et_pb_column type=&#8221;4_4&#8243; _builder_version=&#8221;4.9.2&#8243; _module_preset=&#8221;default&#8221;][et_pb_text _builder_version=&#8221;4.9.2&#8243; _module_preset=&#8221;default&#8221; text_font=&#8221;Tangerine|700|||||||&#8221; text_text_color=&#8221;#ff6b07&#8243; text_font_size=&#8221;130px&#8221; text_font_size_tablet=&#8221;&#8221; text_font_size_phone=&#8221;60px&#8221; text_font_size_last_edited=&#8221;on|desktop&#8221;]<\/p>\n<p>Cabaret Tropicana <\/p>\n<p>[\/et_pb_text][\/et_pb_column][\/et_pb_row][et_pb_row column_structure=\u201d2_3,1_3\u2033 _builder_version=\u201d4.9.2\u2033 _module_preset=\u201ddefault\u201d custom_margin=\u201d||-55px||false|false\u201d custom_margin_tablet=\u201d\u201d custom_margin_phone=\u201d\u201d custom_margin_last_edited=\u201don|desktop\u201d][et_pb_column type=\u201d2_3\u2033 _builder_version=\u201d4.9.2\u2033 _module_preset=\u201ddefault\u201d][et_pb_text _builder_version=\u201d4.9.2\u2033 _module_preset=\u201ddefault\u201d text_font=\u201dLato |300|||||||\u201d text_font_size=\u201d16px\u201d header_6_font=\u201d||||||||\u201d header_6_text_color=\u201d#f99c07\u2033 custom_margin=\u201d|50px||50px|false|false\u201d custom_margin_tablet=\u201d\u201d custom_margin_phone=\u201d|10px||10px|false|false\u201d custom_margin_last_edited=\u201den|escritorio\u201d custom_padding_tablet=\u201d\u201d custom_padding_phone=\u201d| 0px||0px|falso|falso\u201d custom_padding_last_edited=\u201den|tel\u00e9fono\u201d text_font_size_tablet=\u201d\u201d text_font_size_phone=\u201d\u201d text_font_size_last_edited=\u201den|escritorio\u201d]<\/p>\n<h6>CALLE 72 A. marianao<\/h6>\n<p>El cabaret cubano Tropicana, conocido como el\u00a0<em><i>Para\u00edso bajo las estrellas<\/i><\/em>, rompe con los esquemas tradicionales y se ubica al aire libre en una zona arbolada. Fue construido en 1939 en los antiguos terrenos de la hacienda Villa Mina, en la zona de Marianao, La Habana. En 1940 adopt\u00f3 el nombre actual por sugerencia del core\u00f3grafo y director de espect\u00e1culos Sergio Orta, inspir\u00e1ndose en la melod\u00eda del compositor y flautista Alfredo Brito, all\u00ed se estren\u00f3.<\/p>\n<p>Inicialmente un empresario instal\u00f3 en ese fabuloso lugar una especie de restaurante night club para unas 300 personas, con salas de juego, y lo convirti\u00f3 en uno de los casinos m\u00e1s concurridos del continente. Tambi\u00e9n mantuvo la arboleda con el ambiente tropical: palmas reales, mangos, cedros y otros. Las actuaciones de Tropicana han sido aclamadas en todo el mundo. Lugares tan diversos como el Royal Albert Hall de Londres, Monte Carlo Sporting Club Monaco, Friedrichstadt Palace Berlin y Broadway Beacon Theatre, Nueva York.\u00a0<\/p>\n<p>En 1954, el dise\u00f1ador franc\u00e9s Pierre Balmain present\u00f3 el\u00a0<em><i>El verano<\/i><\/em> colecci\u00f3n en \u00e9l. En el verano de 1996, la dise\u00f1adora de moda japonesa Junko Koshino, present\u00f3 su desfile de moda en el \u201cSal\u00f3n Bajo las Estrellas\u201d. En 1992, la Academia Norteamericana de la Industria de Restaurantes otorg\u00f3 al cabaret el premio Best of the Five Stars Diamond al mejor cabaret de Estados Unidos. El gran s\u00edmbolo de Tropicana es la escultura de una bailarina realizada por la artista cubana Rita Longa en 1950 y, en menor medida, la Fuente de las Musas, del italiano Aldo Gamba, instalada desde 1952 a la entrada del m\u00edtico cabaret.<\/p>\n<p>[\/et_pb_text][\/et_pb_column][et_pb_column type=&#8221;1_3&#8243; _builder_version=&#8221;4.9.2&#8243; _module_preset=&#8221;default&#8221;][\/et_pb_column][\/et_pb_row][\/et_pb_section][et_pb_section fb_built=&#8221;1&#8243; _builder_version=&#8221;4.9.2&#8243; _module_preset=&#8221;default&#8221; use_background_color_gradient=&#8221;on&#8221; background_color_gradient_start=&#8221;#ffffff&#8221; background_color_gradient_end=&#8221;#ffbf24&#8243; background_color_gradient_start_position=&#8221;40%&#8221; background_color_gradient_end_position=&#8221;40%&#8221;][et_pb_row column_structure=&#8221;1_4,3_4&#8243; _builder_version=&#8221;4.9.2&#8243; _module_preset=&#8221;default&#8221; custom_margin=&#8221;-55px||||false|false&#8221; custom_margin_tablet=&#8221;&#8221; custom_margin_phone=&#8221;&#8221; custom_margin_last_edited=&#8221;on|desktop&#8221;][et_pb_column type=&#8221;1_4&#8243; _builder_version=&#8221;4.9.2&#8243; _module_preset=&#8221;default&#8221;][\/et_pb_column][et_pb_column type=&#8221;3_4&#8243; _builder_version=&#8221;4.9.2&#8243; _module_preset=&#8221;default&#8221;][et_pb_image src=&#8221;https:\/\/dancingcuba.com\/wp-content\/uploads\/2021\/08\/tropicana2.jpg&#8221; title_text=&#8221;tropicana2&#8243; _builder_version=&#8221;4.9.2&#8243; _module_preset=&#8221;default&#8221;][\/et_pb_image][\/et_pb_column][\/et_pb_row][et_pb_row column_structure=&#8221;1_2,1_2&#8243; _builder_version=&#8221;4.9.2&#8243; _module_preset=&#8221;default&#8221;][et_pb_column type=&#8221;1_2&#8243; _builder_version=&#8221;4.9.2&#8243; _module_preset=&#8221;default&#8221;][\/et_pb_column][et_pb_column type=&#8221;1_2&#8243; _builder_version=&#8221;4.9.2&#8243; _module_preset=&#8221;default&#8221;][et_pb_text _builder_version=&#8221;4.9.2&#8243; _module_preset=&#8221;default&#8221; text_font=&#8221;Lato||||||||&#8221; text_text_color=&#8221;#FFFFFF&#8221; text_font_size=&#8221;16px&#8221; text_font_size_tablet=&#8221;&#8221; text_font_size_phone=&#8221;&#8221; text_font_size_last_edited=&#8221;on|desktop&#8221;]<\/p>\n<p>Este cabaret siempre se ha nutrido del ballet, el circo, el carnaval, los boleros, el chachach\u00e1, el danz\u00f3n, la salsa, la rumba y todos los bailes tradicionales cubanos para lograr su creativo espect\u00e1culo art\u00edstico, cuya fama ha recorrido el mundo.<\/p>\n<p>Por los escenarios de este cabaret han pasado innumerables estrellas cubanas e internacionales. Est\u00e1 matizado por el folclore cubano, por el colorido, la variedad de ritmos, la belleza y gracia de los bailarines y la calidad de los artistas. Algunos de los artistas m\u00e1s importantes son:<\/p>\n<p>Nat King Cole, Jos\u00e9phine Baker, Libertad Lamarque, Cheo Feliciano, Tongolele, Xavier Cugat, Los Chavales de Espa\u00f1a, Rita Montaner, Bola de Nieve, Elena Burke, Carmen Miranda, Liberace, Pedro Vargas, Norma Duval, Alejandra Guzm\u00e1n, Rosita Forn\u00e9s.<\/p>\n<p>[\/et_pb_text][\/et_pb_column][\/et_pb_row][\/et_pb_section][et_pb_section fb_built=&#8221;1&#8243; fullwidth=&#8221;on&#8221; _builder_version=&#8221;4.9.2&#8243; _module_preset=&#8221;default&#8221;][et_pb_fullwidth_image src=&#8221;https:\/\/dancingcuba.com\/wp-content\/uploads\/2021\/08\/excursion_cabaret_tropicana_travelnet_cuba_04.jpg&#8221; title_text=&#8221;excursion_cabaret_tropicana_travelnet_cuba_04&#8243; _builder_version=&#8221;4.9.2&#8243; _module_preset=&#8221;default&#8221;][\/et_pb_fullwidth_image][\/et_pb_section][et_pb_section fb_built=&#8221;1&#8243; disabled_on=&#8221;off|off|off&#8221; admin_label=&#8221;Footer&#8221; _builder_version=&#8221;4.9.2&#8243; background_color=&#8221;#fe0000&#8243; background_color_gradient_direction=&#8221;131deg&#8221; max_width=&#8221;100%&#8221; max_width_tablet=&#8221;&#8221; max_width_phone=&#8221;&#8221; max_width_last_edited=&#8221;on|phone&#8221; module_alignment=&#8221;center&#8221; custom_padding=&#8221;|0px||0px|false|false&#8221; animation_direction=&#8221;bottom&#8221; saved_tabs=&#8221;all&#8221; locked=&#8221;off&#8221;][et_pb_row column_structure=&#8221;1_3,1_3,1_3&#8243; make_equal=&#8221;on&#8221; _builder_version=&#8221;4.9.2&#8243; background_color_gradient_direction=&#8221;38deg&#8221; width=&#8221;100%&#8221; max_width=&#8221;85%&#8221; module_alignment=&#8221;center&#8221; custom_margin=&#8221;0px||-20px||false|false&#8221; custom_margin_tablet=&#8221;-50px||-50px||false|false&#8221; custom_margin_phone=&#8221;0px||||false|false&#8221; custom_margin_last_edited=&#8221;on|phone&#8221; custom_padding=&#8221;0px||0px||false|false&#8221; module_alignment_tablet=&#8221;&#8221; module_alignment_phone=&#8221;center&#8221; module_alignment_last_edited=&#8221;on|phone&#8221; locked=&#8221;off&#8221;][et_pb_column type=&#8221;1_3&#8243; _builder_version=&#8221;3.25&#8243; custom_padding=&#8221;|||&#8221; custom_padding__hover=&#8221;|||&#8221;][et_pb_text content_tablet=&#8221;<\/p>\n<h6> SERVICIOS <\/h6>\n<p><\/p>\n<p>LECCIONES DE BAILE<\/p>\n<p>TOUR DE BAILE<\/p>\n<p>HOTEL<\/p>\n<p>VIAJE \u201dcontent_phone =\u201d<\/p>\n<h4 style=\"%22text-align:\" center;%22>Servicios<\/h4>\n<p>\u201d content_last_edited=\u201doff|phone\u201d _builder_version=\u201d4.9.2\u2033 text_font=\u201dLato|300|||||||\u201d text_text_color=\u201d#FFFFFF\u201d text_font_size=\u201d16px\u201d text_line_height=\u201d1.8em\u201d header_font=\u201dLato||||||||\u201d header_line_height=\u201d0em\u201d header_4_font=\u201dLato|||on|||||\u201d header_4_font_size=\u201d20px\u201d header_4_letter_spacing=\u201d1px\u201d header_4_line_height=\u201d1.5em\u201d header_6_font=\u201dLato||||||||\u201d header_6_font_size=\u201d20px\u201d header_6_line_height=\u201d0px\u201d background_layout=\u201doscuro\u201d custom_margin=\u201d150px||||false|false\u201d custom_margin_tablet=\u201d\u201d custom_margin_phone=\u201d30px||10px||false|false\u201d custom_margin_last_edited=\u201don|phone \u201d header_4_font_size_tablet=\u201d\u201d header_4_font_size_phone=\u201d15px\u201d header_4_font_size_last_edited=\u201dencendido|tel\u00e9fono\u201d bloqueado=\u201dapagado\u201d]<\/p>\n<h4 style=\"text-align: center;\">INFORMACI\u00d3N<\/h4>\n<p>[\/ et_pb_text] [et_pb_text content_phone = \u201d<\/p>\n<h5 style=\"%22text-align:\" center;%22>LECCIONES DE BAILE<\/h5>\n<p>\u201d content_last_edited=\u201doff|phone\u201d _builder_version=\u201d4.9.2\u2033 text_font=\u201dPoppins||||||||\u201d text_text_color=\u201drgba(0,0,0,0.5)\u201d text_font_size=\u201d16px\u201d text_line_height=\u201d1.9em\u201d header_font=\u201d||||||||\u201d header_4_font=\u201d|700||en|||||\u201d header_4_font_size=\u201d16px\u201d header_4_letter_spacing=\u201d1px\u201d header_4_line_height=\u201d1.5em\u201d header_5_font=\u201dRoboto|300|||||||\u201d background_layout=\u201doscuro\u201d custom_margin=\u201d0px||20px||false|false\u201d custom_margin_tablet=\u201d\u201d custom_margin_phone=\u201d0px||10px||false|false\u201d custom_margin_last_edited=\u201den|tel\u00e9fono\u201d custom_padding=\u201d0px|||| falso|falso\u201d link_option_url=\u201dmailto:info@vapor156.com\u201d header_5_font_size_tablet=\u201d\u201d header_5_font_size_phone=\u201d14px\u201d header_5_font_size_last_edited=\u201den|tel\u00e9fono\u201d bloqueado=\u201dapagado\u201d]<\/p>\n<h5 style=\"text-align: center;\">CORREO ELECTR\u00d3NICO: info@dancingcuba.com<\/h5>\n<p>[\/et_pb_text][\/et_pb_column][et_pb_column type=&#8221;1_3&#8243; _builder_version=&#8221;3.25&#8243; custom_padding=&#8221;|||&#8221; custom_padding__hover=&#8221;|||&#8221;][et_pb_image src=&#8221;https:\/\/dancingcuba.com\/wp-content\/uploads\/2021\/08\/logoSmall.png&#8221; title_text=&#8221;logoSmall&#8221; _builder_version=&#8221;4.9.2&#8243; _module_preset=&#8221;default&#8221; custom_margin_tablet=&#8221;&#8221; custom_margin_phone=&#8221;0px||0px||false|false&#8221; custom_margin_last_edited=&#8221;on|phone&#8221; custom_padding_tablet=&#8221;&#8221; custom_padding_phone=&#8221;0px||0px||false|false&#8221; custom_padding_last_edited=&#8221;on|phone&#8221;][\/et_pb_image][\/et_pb_column][et_pb_column type=&#8221;1_3&#8243; _builder_version=&#8221;3.25&#8243; custom_padding=&#8221;|||&#8221; custom_padding__hover=&#8221;|||&#8221;][et_pb_text content_tablet=&#8221;<\/p>\n<h6> SERVICIOS <\/h6>\n<p><\/p>\n<p>LECCIONES DE BAILE<\/p>\n<p>TOUR DE BAILE<\/p>\n<p>HOTEL<\/p>\n<p>VIAJE \u201dcontent_phone =\u201d<\/p>\n<h4 style=\"%22text-align:\" center;%22>Servicios<\/h4>\n<p>\u201d content_last_edited=\u201doff|phone\u201d _builder_version=\u201d4.9.2\u2033 text_font=\u201dLato|300|||||||\u201d text_text_color=\u201d#FFFFFF\u201d text_font_size=\u201d16px\u201d text_line_height=\u201d1.8em\u201d header_font=\u201dLato||||||||\u201d header_line_height=\u201d0em\u201d header_4_font=\u201dLato|||on|||||\u201d header_4_font_size=\u201d20px\u201d header_4_letter_spacing=\u201d1px\u201d header_4_line_height=\u201d1.5em\u201d header_6_font=\u201dLato||||||||\u201d header_6_font_size=\u201d20px\u201d header_6_line_height=\u201d0px\u201d background_layout=\u201doscuro\u201d custom_margin=\u201d150px||||false|false\u201d custom_margin_tablet=\u201d\u201d custom_margin_phone=\u201d0px||10px||false|false\u201d custom_margin_last_edited=\u201don|phone \u201d header_4_font_size_tablet=\u201d\u201d header_4_font_size_phone=\u201d15px\u201d header_4_font_size_last_edited=\u201dencendido|tel\u00e9fono\u201d bloqueado=\u201dapagado\u201d]<\/p>\n<h4 style=\"text-align: center;\">SOBRE NOSOTROS<\/h4>\n<p>[\/ et_pb_text] [et_pb_text content_phone = \u201d<\/p>\n<h5 style=\"%22text-align:\" center;%22>LECCIONES DE BAILE<\/h5>\n<p>&#8221; content_last_edited=&#8221;off|phone&#8221; _builder_version=&#8221;4.9.2&#8243; text_font=&#8221;Poppins||||||||&#8221; text_text_color=&#8221;rgba(0,0,0,0.5)&#8221; text_font_size=&#8221;16px&#8221; text_line_height=&#8221;1.9em&#8221; header_font=&#8221;||||||||&#8221; header_4_font=&#8221;|700||on|||||&#8221; header_4_font_size=&#8221;16px&#8221; header_4_letter_spacing=&#8221;1px&#8221; header_4_line_height=&#8221;1.5em&#8221; header_5_font=&#8221;Roboto|300|||||||&#8221; background_layout=&#8221;dark&#8221; custom_margin=&#8221;0px||20px||false|false&#8221; custom_margin_tablet=&#8221;&#8221; custom_margin_phone=&#8221;0px||10px||false|false&#8221; custom_margin_last_edited=&#8221;on|phone&#8221; custom_padding=&#8221;0px||||false|false&#8221; hover_enabled=&#8221;0&#8243; header_5_font_size_tablet=&#8221;&#8221; header_5_font_size_phone=&#8221;14px&#8221; header_5_font_size_last_edited=&#8221;on|phone&#8221; locked=&#8221;off&#8221; link_option_url=&#8221;https:\/\/dancingcuba.com\/contact-us-new\/&#8221; sticky_enabled=&#8221;0&#8243;]<\/p>\n<h5 style=\"text-align: center;\">QUIENES SOMOS <\/h5>\n<p>[\/ et_pb_text] [et_pb_text content_phone = \u201d<\/p>\n<h5 style=\"%22text-align:\" center;%22>LECCIONES DE BAILE<\/h5>\n<p>\u201d content_last_edited=\u201doff|phone\u201d _builder_version=\u201d4.9.2\u2033 text_font=\u201dPoppins||||||||\u201d text_text_color=\u201drgba(0,0,0,0.5)\u201d text_font_size=\u201d16px\u201d text_line_height=\u201d1.9em\u201d header_font=\u201d||||||||\u201d header_4_font=\u201d|700||en|||||\u201d header_4_font_size=\u201d16px\u201d header_4_letter_spacing=\u201d1px\u201d header_4_line_height=\u201d1.5em\u201d header_5_font=\u201dRoboto|300|||||||\u201d background_layout=\u201doscuro\u201d custom_margin=\u201d0px||20px||false|false\u201d custom_margin_tablet=\u201d\u201d custom_margin_phone=\u201d0px||10px||false|false\u201d custom_margin_last_edited=\u201den|tel\u00e9fono\u201d custom_padding=\u201d0px|||| false|false\u201d link_option_url=\u201dhttps:\/\/vapor156.com\u201d header_5_font_size_tablet=\u201d\u201d header_5_font_size_phone=\u201d14px\u201d header_5_font_size_last_edited=\u201den|tel\u00e9fono\u201d bloqueado=\u201dapagado\u201d]<\/p>\n<h5 style=\"text-align: center;\">HOTEL BOUTIQUE VAPOR 156<\/h5>\n<p>[\/et_pb_text][\/et_pb_column][\/et_pb_row][et_pb_row column_structure=\u201d1_3,1_3,1_3\u2033 _builder_version=\u201d4.9.2\u2033 _module_preset=\u201ddefault\u201d custom_margin=\u201d50px||||false|false\u201d custom_margin_tablet=\u201d \u201d custom_margin_phone=\u201d\u201d custom_margin_last_edited=\u201don|desktop\u201d][et_pb_column type=\u201d1_3\u2033 _builder_version=\u201d4.9.2\u2033 _module_preset=\u201ddefault\u201d][et_pb_divider color=\u201d#FFFFFF\u201d divider_weight=\u201d2px\u201d _builder_version=\u201d4.9. 2\u2033 _module_preset=\u201dpredeterminado\u201d bloqueado=\u201ddesactivado\u201d][\/et_pb_divider][\/et_pb_column][et_pb_column type=\u201d1_3\u2033 _builder_version=\u201d4.9.2\u2033 _module_preset=\u201dpredeterminado\u201d][et_pb_social_media_follow icon_color=\u201d#FFFFFF\u201d use_icon_font_size= \u201don\u201d icon_font_size=\u201d40px\u201d icon_font_size_tablet=\u201d\u201d icon_font_size_phone=\u201d30px\u201d icon_font_size_last_edited=\u201don|phone\u201d _builder_version=\u201d4.9.2\u2033 _module_preset=\u201ddefault\u201d text_orientation=\u201dcenter\u201d custom_margin=\u201d-50px||0px| |falso|falso\u201d custom_margin_tablet=\u201d0px||||falso|falso\u201d custom_margin_phone=\u201d-25px||||falso|falso\u201d custom_margin_last_edited=\u201den|escritorio\u201d custom_padding=\u201d0 px||0px||falso|falso\u201d bloqueado=\u201dapagado\u201d][et_pb_social_media_follow_network social_network=\u201dfacebook\u201d url=\u201dhttps:\/\/www.facebook.com\/DancingCuba.Info\/\u201d icon_color=\u201d#FFFFFF\u201d _builder_version=\u201d4.9 .2\u2033 _module_preset=\u201ddefault\u201d background_enable_color=\u201doff\u201d follow_button=\u201doff\u201d url_new_window=\u201don\u201d]facebook[\/et_pb_social_media_follow_network][et_pb_social_media_follow_network social_network=\u201dinstagram\u201d url=\u201dhttps:\/\/instagram.com\/dancingcuba?utm_medium =copy_link\u201d _builder_version=\u201d4.9.2\u2033 _module_preset=\u201ddefault\u201d background_enable_color=\u201doff\u201d follow_button=\u201doff\u201d url_new_window=\u201don\u201d]instagram[\/et_pb_social_media_follow_network][et_pb_social_media_follow_network social_network=\u201dtwitter\u201d url=\u201dhttps:\/\/ twitter.com\/DancingCuba\u201d _builder_version=\u201d4.9.2\u2033 _module_preset=\u201ddefault\u201d background_enable_color=\u201doff\u201d follow_button=\u201doff\u201d url_new_window=\u201don\u201d]twitter[\/et_pb_social_media_follow_network][\/et_pb_social_media_follow][\/et_pb_column][et_pb_column type =\u201d1_3\u2033 _builder_version=\u201d4.9.2\u2033 _module_preset=\u201dpredeterminado\u201d ][et_pb_divider color=\u201d#FFFFFF\u201d divider_weight=\u201d2px\u201d _builder_version=\u201d4.9.2\u2033 _module_preset=\u201ddefault\u201d][\/et_pb_divider][\/et_pb_column][\/et_pb_row][\/et_pb_section]<\/p>","protected":false},"excerpt":{"rendered":"<p>Tropicana Cabaret 72 A STREET. MARIANAO Tropicana Cuban cabaret, known as the\u00a0Paradise under the stars, breaks with traditional schemes and is located outdoors in a wooded area.\u00a0It was built in\u00a01939\u00a0on the old land of the Villa Mina farm, in the\u00a0Marianao\u00a0area,\u00a0Havana.\u00a0In\u00a01940 it\u00a0adopted the current name when the choreographer and show director\u00a0Sergio Orta\u00a0suggested it, inspired by the [&hellip;]<\/p>","protected":false},"author":3,"featured_media":0,"parent":0,"menu_order":0,"comment_status":"closed","ping_status":"closed","template":"","meta":{"_et_pb_use_builder":"on","_et_pb_old_content":"","_et_gb_content_width":"","_monsterinsights_skip_tracking":false,"_monsterinsights_sitenote_active":false,"_monsterinsights_sitenote_note":"","_monsterinsights_sitenote_category":0,"footnotes":""},"aioseo_notices":[],"_links":{"self":[{"href":"https:\/\/dancingcuba.com\/es\/wp-json\/wp\/v2\/pages\/2674"}],"collection":[{"href":"https:\/\/dancingcuba.com\/es\/wp-json\/wp\/v2\/pages"}],"about":[{"href":"https:\/\/dancingcuba.com\/es\/wp-json\/wp\/v2\/types\/page"}],"author":[{"embeddable":true,"href":"https:\/\/dancingcuba.com\/es\/wp-json\/wp\/v2\/users\/3"}],"replies":[{"embeddable":true,"href":"https:\/\/dancingcuba.com\/es\/wp-json\/wp\/v2\/comments?post=2674"}],"version-history":[{"count":0,"href":"https:\/\/dancingcuba.com\/es\/wp-json\/wp\/v2\/pages\/2674\/revisions"}],"wp:attachment":[{"href":"https:\/\/dancingcuba.com\/es\/wp-json\/wp\/v2\/media?parent=2674"}],"curies":[{"name":"wp","href":"https:\/\/api.w.org\/{rel}","templated":true}]}}