{"id":2641,"date":"2021-08-04T17:58:10","date_gmt":"2021-08-04T17:58:10","guid":{"rendered":"https:\/\/dev.dancingcuba.info\/?page_id=2641"},"modified":"2021-08-25T17:38:15","modified_gmt":"2021-08-25T17:38:15","slug":"cabaret-parisien","status":"publish","type":"page","link":"https:\/\/dancingcuba.com\/es\/cabaret-parisien\/","title":{"rendered":"Cabaret parisino"},"content":{"rendered":"<p>[et_pb_section fb_built=&#8221;1&#8243; fullwidth=&#8221;on&#8221; _builder_version=&#8221;4.9.2&#8243; _module_preset=&#8221;default&#8221;][et_pb_fullwidth_image src=&#8221;https:\/\/dancingcuba.com\/wp-content\/uploads\/2020\/07\/excursion_cabaret_parisien_travelnet_cuba_16.jpg&#8221; title_text=&#8221;excursion_cabaret_parisien_travelnet_cuba_16&#8243; _builder_version=&#8221;4.9.2&#8243; _module_preset=&#8221;default&#8221; height_tablet=&#8221;&#8221; height_phone=&#8221;&#8221; height_last_edited=&#8221;on|phone&#8221; custom_margin=&#8221;||||false|false&#8221; custom_padding=&#8221;||||false|false&#8221;][\/et_pb_fullwidth_image][\/et_pb_section][et_pb_section fb_built=&#8221;1&#8243; _builder_version=&#8221;4.9.2&#8243; _module_preset=&#8221;default&#8221;][et_pb_row _builder_version=&#8221;4.9.2&#8243; _module_preset=&#8221;default&#8221; width=&#8221;85%&#8221; max_width=&#8221;85%&#8221;][et_pb_column type=&#8221;4_4&#8243; _builder_version=&#8221;4.9.2&#8243; _module_preset=&#8221;default&#8221;][et_pb_text _builder_version=&#8221;4.9.2&#8243; _module_preset=&#8221;default&#8221; text_font=&#8221;Tangerine|700|||||||&#8221; text_text_color=&#8221;#ff6b07&#8243; text_font_size=&#8221;130px&#8221; text_font_size_tablet=&#8221;&#8221; text_font_size_phone=&#8221;60px&#8221; text_font_size_last_edited=&#8221;on|desktop&#8221;]<\/p>\n<p>Cabaret Parisien.<\/p>\n<p>[\/et_pb_text][\/et_pb_column][\/et_pb_row][et_pb_row column_structure=\u201d2_3,1_3\u2033 _builder_version=\u201d4.9.2\u2033 _module_preset=\u201ddefault\u201d custom_margin=\u201d||-55px||false|false\u201d custom_margin_tablet=\u201d\u201d custom_margin_phone=\u201d\u201d custom_margin_last_edited=\u201don|desktop\u201d][et_pb_column type=\u201d2_3\u2033 _builder_version=\u201d4.9.2\u2033 _module_preset=\u201ddefault\u201d][et_pb_text _builder_version=\u201d4.9.2\u2033 _module_preset=\u201ddefault\u201d text_font=\u201dLato |300|||||||\u201d text_font_size=\u201d16px\u201d header_6_font=\u201d||||||||\u201d header_6_text_color=\u201d#f99c07\u2033 custom_margin=\u201d|50px||50px|false|false\u201d custom_margin_tablet=\u201d\u201d custom_margin_phone=\u201d|10px||10px|false|false\u201d custom_margin_last_edited=\u201den|escritorio\u201d custom_padding_tablet=\u201d\u201d custom_padding_phone=\u201d| 0px||0px|falso|falso\u201d custom_padding_last_edited=\u201den|tel\u00e9fono\u201d text_font_size_tablet=\u201d\u201d text_font_size_phone=\u201d\u201d text_font_size_last_edited=\u201den|escritorio\u201d]<\/p>\n<h6>CALLE 23. HABANA VIEJA<\/h6>\n<p>En Cabaret Parisien disfrutar\u00e1s de un gran espect\u00e1culo \u201cCubano, Cubano\u201d inspirado en la fusi\u00f3n de las culturas indoamericana, hispana y africana que desemboc\u00f3 en la cultura cubana.<\/p>\n<p>Podr\u00e1s visitar el Cabaret Parisien todos los d\u00edas de 9:00 pm a 2:00 am El espect\u00e1culo comienza a las 10:00 pm y luego a partir de las 12:00 am puedes aprender a bailar. El cabaret est\u00e1 dentro del Hotel Nacional. Este hotel fue dise\u00f1ado por el prestigioso estudio de arquitectura McKim, Mead &amp; White, que tambi\u00e9n dise\u00f1\u00f3 edificios tan ic\u00f3nicos como la Universidad de Columbia en la ciudad de Nueva York y la Biblioteca P\u00fablica de Boston. La arquitectura es similar a The Breakers en Palm Beach, Florida. Ambos hoteles lucen casi id\u00e9nticos desde el exterior, aunque la propiedad cubana est\u00e1 adornada con piezas de ajedrez en homenaje a un pasatiempo nacional y a Jos\u00e9 Ra\u00fal Capablanca, uno de los m\u00e1s grandes h\u00e9roes de Cuba, campe\u00f3n mundial de ajedrez entre 1921 y 1927.<\/p>\n<p>Muchos famosos han visitado el hotel, y por extensi\u00f3n tambi\u00e9n el cabaret. Entre ellos se encuentran Gary Cooper y Erroll Flynn en la d\u00e9cada de 1930, Fred Astaire y Rita Hayworth en la d\u00e9cada de 1940, y Marlon Brando, Frank Sinatra, Ava Gardner y Walt Disney en la d\u00e9cada de 1950, Yuri Gagarin, el primer hombre en el espacio, Gabriel Garc\u00eda M\u00e1rquez, autor de \u201cEl amor en los tiempos del c\u00f3lera\u201d. Los visitantes m\u00e1s recientes incluyen a Steven Spielberg, Leonardo DiCaprio, Danny Glover, Francis Ford Coppola, Michael Keaton y Paris Hilton.<\/p>\n<p>[\/et_pb_text][\/et_pb_column][et_pb_column type=&#8221;1_3&#8243; _builder_version=&#8221;4.9.2&#8243; _module_preset=&#8221;default&#8221;][\/et_pb_column][\/et_pb_row][\/et_pb_section][et_pb_section fb_built=&#8221;1&#8243; _builder_version=&#8221;4.9.2&#8243; _module_preset=&#8221;default&#8221; use_background_color_gradient=&#8221;on&#8221; background_color_gradient_start=&#8221;#ffffff&#8221; background_color_gradient_end=&#8221;#ffbf24&#8243; background_color_gradient_start_position=&#8221;40%&#8221; background_color_gradient_end_position=&#8221;40%&#8221;][et_pb_row column_structure=&#8221;1_4,3_4&#8243; _builder_version=&#8221;4.9.2&#8243; _module_preset=&#8221;default&#8221; custom_margin=&#8221;-55px||||false|false&#8221; custom_margin_tablet=&#8221;&#8221; custom_margin_phone=&#8221;&#8221; custom_margin_last_edited=&#8221;on|desktop&#8221;][et_pb_column type=&#8221;1_4&#8243; _builder_version=&#8221;4.9.2&#8243; _module_preset=&#8221;default&#8221;][\/et_pb_column][et_pb_column type=&#8221;3_4&#8243; _builder_version=&#8221;4.9.2&#8243; _module_preset=&#8221;default&#8221;][et_pb_image src=&#8221;https:\/\/dancingcuba.com\/wp-content\/uploads\/2021\/08\/excursion_cabaret_parisien_travelnet_cuba_22.jpg&#8221; title_text=&#8221;excursion_cabaret_parisien_travelnet_cuba_22&#8243; _builder_version=&#8221;4.9.2&#8243; _module_preset=&#8221;default&#8221;][\/et_pb_image][\/et_pb_column][\/et_pb_row][et_pb_row column_structure=&#8221;1_2,1_2&#8243; _builder_version=&#8221;4.9.2&#8243; _module_preset=&#8221;default&#8221;][et_pb_column type=&#8221;1_2&#8243; _builder_version=&#8221;4.9.2&#8243; _module_preset=&#8221;default&#8221;][\/et_pb_column][et_pb_column type=&#8221;1_2&#8243; _builder_version=&#8221;4.9.2&#8243; _module_preset=&#8221;default&#8221;][et_pb_text _builder_version=&#8221;4.9.2&#8243; _module_preset=&#8221;default&#8221; text_font=&#8221;Lato||||||||&#8221; text_text_color=&#8221;#FFFFFF&#8221; text_font_size=&#8221;16px&#8221; text_font_size_tablet=&#8221;&#8221; text_font_size_phone=&#8221;&#8221; text_font_size_last_edited=&#8221;on|desktop&#8221;]<\/p>\n<p>Diplom\u00e1ticos y l\u00edderes mundiales, incluidos el presidente ruso Vladimir Putin, el presidente boliviano Evo Morales, el expresidente iran\u00ed Mahmoud Ahmadinejad y el presidente chino Xi Jinping, el expresidente estadounidense Jimmy Carter y el secretario de Estado John Kerry se encuentran entre la lista. La mafia tambi\u00e9n tuvo una gran presencia en Cuba, y el antiguo casino del hotel sirvi\u00f3 de escenario para la Conferencia de La Habana, una reuni\u00f3n entre la mafia estadounidense y siciliana en 1946. Esta reuni\u00f3n se describe en la pel\u00edcula \u201cEl Padrino II\u201d, aunque las escenas reales fueron filmadas en la Rep\u00fablica Dominicana.<\/p>\n<p>[\/et_pb_text][\/et_pb_column][\/et_pb_row][\/et_pb_section][et_pb_section fb_built=&#8221;1&#8243; fullwidth=&#8221;on&#8221; _builder_version=&#8221;4.9.2&#8243; _module_preset=&#8221;default&#8221;][et_pb_fullwidth_image src=&#8221;https:\/\/dancingcuba.com\/wp-content\/uploads\/2021\/08\/cabaret-parisien.jpg&#8221; title_text=&#8221;cabaret-parisien&#8221; _builder_version=&#8221;4.9.2&#8243; _module_preset=&#8221;default&#8221;][\/et_pb_fullwidth_image][\/et_pb_section][et_pb_section fb_built=&#8221;1&#8243; disabled_on=&#8221;off|off|off&#8221; admin_label=&#8221;Footer&#8221; _builder_version=&#8221;4.9.2&#8243; background_color=&#8221;#fe0000&#8243; background_color_gradient_direction=&#8221;131deg&#8221; max_width=&#8221;100%&#8221; max_width_tablet=&#8221;&#8221; max_width_phone=&#8221;&#8221; max_width_last_edited=&#8221;on|phone&#8221; module_alignment=&#8221;center&#8221; custom_padding=&#8221;|0px||0px|false|false&#8221; animation_direction=&#8221;bottom&#8221; saved_tabs=&#8221;all&#8221; locked=&#8221;off&#8221;][et_pb_row column_structure=&#8221;1_3,1_3,1_3&#8243; make_equal=&#8221;on&#8221; _builder_version=&#8221;4.9.2&#8243; background_color_gradient_direction=&#8221;38deg&#8221; width=&#8221;100%&#8221; max_width=&#8221;85%&#8221; module_alignment=&#8221;center&#8221; custom_margin=&#8221;0px||-20px||false|false&#8221; custom_margin_tablet=&#8221;-50px||-50px||false|false&#8221; custom_margin_phone=&#8221;0px||||false|false&#8221; custom_margin_last_edited=&#8221;on|phone&#8221; custom_padding=&#8221;0px||0px||false|false&#8221; module_alignment_tablet=&#8221;&#8221; module_alignment_phone=&#8221;center&#8221; module_alignment_last_edited=&#8221;on|phone&#8221; locked=&#8221;off&#8221;][et_pb_column type=&#8221;1_3&#8243; _builder_version=&#8221;3.25&#8243; custom_padding=&#8221;|||&#8221; custom_padding__hover=&#8221;|||&#8221;][et_pb_text content_tablet=&#8221;<\/p>\n<h6> SERVICIOS <\/h6>\n<p><\/p>\n<p>LECCIONES DE BAILE<\/p>\n<p>TOUR DE BAILE<\/p>\n<p>HOTEL<\/p>\n<p>VIAJE \u201dcontent_phone =\u201d<\/p>\n<h4 style=\"%22text-align:\" center;%22>Servicios<\/h4>\n<p>\u201d content_last_edited=\u201doff|phone\u201d _builder_version=\u201d4.9.2\u2033 text_font=\u201dLato|300|||||||\u201d text_text_color=\u201d#FFFFFF\u201d text_font_size=\u201d16px\u201d text_line_height=\u201d1.8em\u201d header_font=\u201dLato||||||||\u201d header_line_height=\u201d0em\u201d header_4_font=\u201dLato|||on|||||\u201d header_4_font_size=\u201d20px\u201d header_4_letter_spacing=\u201d1px\u201d header_4_line_height=\u201d1.5em\u201d header_6_font=\u201dLato||||||||\u201d header_6_font_size=\u201d20px\u201d header_6_line_height=\u201d0px\u201d background_layout=\u201doscuro\u201d custom_margin=\u201d150px||||false|false\u201d custom_margin_tablet=\u201d\u201d custom_margin_phone=\u201d30px||10px||false|false\u201d custom_margin_last_edited=\u201don|phone \u201d header_4_font_size_tablet=\u201d\u201d header_4_font_size_phone=\u201d15px\u201d header_4_font_size_last_edited=\u201dencendido|tel\u00e9fono\u201d bloqueado=\u201dapagado\u201d]<\/p>\n<h4 style=\"text-align: center;\">INFORMACI\u00d3N<\/h4>\n<p>[\/ et_pb_text] [et_pb_text content_phone = \u201d<\/p>\n<h5 style=\"%22text-align:\" center;%22>LECCIONES DE BAILE<\/h5>\n<p>\u201d content_last_edited=\u201doff|phone\u201d _builder_version=\u201d4.9.2\u2033 text_font=\u201dPoppins||||||||\u201d text_text_color=\u201drgba(0,0,0,0.5)\u201d text_font_size=\u201d16px\u201d text_line_height=\u201d1.9em\u201d header_font=\u201d||||||||\u201d header_4_font=\u201d|700||en|||||\u201d header_4_font_size=\u201d16px\u201d header_4_letter_spacing=\u201d1px\u201d header_4_line_height=\u201d1.5em\u201d header_5_font=\u201dRoboto|300|||||||\u201d background_layout=\u201doscuro\u201d custom_margin=\u201d0px||20px||false|false\u201d custom_margin_tablet=\u201d\u201d custom_margin_phone=\u201d0px||10px||false|false\u201d custom_margin_last_edited=\u201den|tel\u00e9fono\u201d custom_padding=\u201d0px|||| falso|falso\u201d link_option_url=\u201dmailto:info@vapor156.com\u201d header_5_font_size_tablet=\u201d\u201d header_5_font_size_phone=\u201d14px\u201d header_5_font_size_last_edited=\u201den|tel\u00e9fono\u201d bloqueado=\u201dapagado\u201d]<\/p>\n<h5 style=\"text-align: center;\">CORREO ELECTR\u00d3NICO: info@dancingcuba.com<\/h5>\n<p>[\/et_pb_text][\/et_pb_column][et_pb_column type=&#8221;1_3&#8243; _builder_version=&#8221;3.25&#8243; custom_padding=&#8221;|||&#8221; custom_padding__hover=&#8221;|||&#8221;][et_pb_image src=&#8221;https:\/\/dancingcuba.com\/wp-content\/uploads\/2021\/08\/logoSmall.png&#8221; title_text=&#8221;logoSmall&#8221; _builder_version=&#8221;4.9.2&#8243; _module_preset=&#8221;default&#8221; custom_margin_tablet=&#8221;&#8221; custom_margin_phone=&#8221;0px||0px||false|false&#8221; custom_margin_last_edited=&#8221;on|phone&#8221; custom_padding_tablet=&#8221;&#8221; custom_padding_phone=&#8221;0px||0px||false|false&#8221; custom_padding_last_edited=&#8221;on|phone&#8221;][\/et_pb_image][\/et_pb_column][et_pb_column type=&#8221;1_3&#8243; _builder_version=&#8221;3.25&#8243; custom_padding=&#8221;|||&#8221; custom_padding__hover=&#8221;|||&#8221;][et_pb_text content_tablet=&#8221;<\/p>\n<h6> SERVICIOS <\/h6>\n<p><\/p>\n<p>LECCIONES DE BAILE<\/p>\n<p>TOUR DE BAILE<\/p>\n<p>HOTEL<\/p>\n<p>VIAJE \u201dcontent_phone =\u201d<\/p>\n<h4 style=\"%22text-align:\" center;%22>Servicios<\/h4>\n<p>\u201d content_last_edited=\u201doff|phone\u201d _builder_version=\u201d4.9.2\u2033 text_font=\u201dLato|300|||||||\u201d text_text_color=\u201d#FFFFFF\u201d text_font_size=\u201d16px\u201d text_line_height=\u201d1.8em\u201d header_font=\u201dLato||||||||\u201d header_line_height=\u201d0em\u201d header_4_font=\u201dLato|||on|||||\u201d header_4_font_size=\u201d20px\u201d header_4_letter_spacing=\u201d1px\u201d header_4_line_height=\u201d1.5em\u201d header_6_font=\u201dLato||||||||\u201d header_6_font_size=\u201d20px\u201d header_6_line_height=\u201d0px\u201d background_layout=\u201doscuro\u201d custom_margin=\u201d150px||||false|false\u201d custom_margin_tablet=\u201d\u201d custom_margin_phone=\u201d0px||10px||false|false\u201d custom_margin_last_edited=\u201don|phone \u201d header_4_font_size_tablet=\u201d\u201d header_4_font_size_phone=\u201d15px\u201d header_4_font_size_last_edited=\u201dencendido|tel\u00e9fono\u201d bloqueado=\u201dapagado\u201d]<\/p>\n<h4 style=\"text-align: center;\">SOBRE NOSOTROS<\/h4>\n<p>[\/ et_pb_text] [et_pb_text content_phone = \u201d<\/p>\n<h5 style=\"%22text-align:\" center;%22>LECCIONES DE BAILE<\/h5>\n<p>&#8221; content_last_edited=&#8221;off|phone&#8221; _builder_version=&#8221;4.9.2&#8243; text_font=&#8221;Poppins||||||||&#8221; text_text_color=&#8221;rgba(0,0,0,0.5)&#8221; text_font_size=&#8221;16px&#8221; text_line_height=&#8221;1.9em&#8221; header_font=&#8221;||||||||&#8221; header_4_font=&#8221;|700||on|||||&#8221; header_4_font_size=&#8221;16px&#8221; header_4_letter_spacing=&#8221;1px&#8221; header_4_line_height=&#8221;1.5em&#8221; header_5_font=&#8221;Roboto|300|||||||&#8221; background_layout=&#8221;dark&#8221; custom_margin=&#8221;0px||20px||false|false&#8221; custom_margin_tablet=&#8221;&#8221; custom_margin_phone=&#8221;0px||10px||false|false&#8221; custom_margin_last_edited=&#8221;on|phone&#8221; custom_padding=&#8221;0px||||false|false&#8221; hover_enabled=&#8221;0&#8243; header_5_font_size_tablet=&#8221;&#8221; header_5_font_size_phone=&#8221;14px&#8221; header_5_font_size_last_edited=&#8221;on|phone&#8221; locked=&#8221;off&#8221; link_option_url=&#8221;https:\/\/dancingcuba.com\/contact-us-new\/&#8221; sticky_enabled=&#8221;0&#8243;]<\/p>\n<h5 style=\"text-align: center;\">QUIENES SOMOS <\/h5>\n<p>[\/ et_pb_text] [et_pb_text content_phone = \u201d<\/p>\n<h5 style=\"%22text-align:\" center;%22>LECCIONES DE BAILE<\/h5>\n<p>\u201d content_last_edited=\u201doff|phone\u201d _builder_version=\u201d4.9.2\u2033 text_font=\u201dPoppins||||||||\u201d text_text_color=\u201drgba(0,0,0,0.5)\u201d text_font_size=\u201d16px\u201d text_line_height=\u201d1.9em\u201d header_font=\u201d||||||||\u201d header_4_font=\u201d|700||en|||||\u201d header_4_font_size=\u201d16px\u201d header_4_letter_spacing=\u201d1px\u201d header_4_line_height=\u201d1.5em\u201d header_5_font=\u201dRoboto|300|||||||\u201d background_layout=\u201doscuro\u201d custom_margin=\u201d0px||20px||false|false\u201d custom_margin_tablet=\u201d\u201d custom_margin_phone=\u201d0px||10px||false|false\u201d custom_margin_last_edited=\u201den|tel\u00e9fono\u201d custom_padding=\u201d0px|||| false|false\u201d link_option_url=\u201dhttps:\/\/vapor156.com\u201d header_5_font_size_tablet=\u201d\u201d header_5_font_size_phone=\u201d14px\u201d header_5_font_size_last_edited=\u201den|tel\u00e9fono\u201d bloqueado=\u201dapagado\u201d]<\/p>\n<h5 style=\"text-align: center;\">HOTEL BOUTIQUE VAPOR 156<\/h5>\n<p>[\/et_pb_text][\/et_pb_column][\/et_pb_row][et_pb_row column_structure=\u201d1_3,1_3,1_3\u2033 _builder_version=\u201d4.9.2\u2033 _module_preset=\u201ddefault\u201d custom_margin=\u201d50px||||false|false\u201d custom_margin_tablet=\u201d \u201d custom_margin_phone=\u201d\u201d custom_margin_last_edited=\u201don|desktop\u201d][et_pb_column type=\u201d1_3\u2033 _builder_version=\u201d4.9.2\u2033 _module_preset=\u201ddefault\u201d][et_pb_divider color=\u201d#FFFFFF\u201d divider_weight=\u201d2px\u201d _builder_version=\u201d4.9. 2\u2033 _module_preset=\u201dpredeterminado\u201d bloqueado=\u201ddesactivado\u201d][\/et_pb_divider][\/et_pb_column][et_pb_column type=\u201d1_3\u2033 _builder_version=\u201d4.9.2\u2033 _module_preset=\u201dpredeterminado\u201d][et_pb_social_media_follow icon_color=\u201d#FFFFFF\u201d use_icon_font_size= \u201don\u201d icon_font_size=\u201d40px\u201d icon_font_size_tablet=\u201d\u201d icon_font_size_phone=\u201d30px\u201d icon_font_size_last_edited=\u201don|phone\u201d _builder_version=\u201d4.9.2\u2033 _module_preset=\u201ddefault\u201d text_orientation=\u201dcenter\u201d custom_margin=\u201d-50px||0px| |falso|falso\u201d custom_margin_tablet=\u201d0px||||falso|falso\u201d custom_margin_phone=\u201d-25px||||falso|falso\u201d custom_margin_last_edited=\u201den|escritorio\u201d custom_padding=\u201d0 px||0px||falso|falso\u201d bloqueado=\u201dapagado\u201d][et_pb_social_media_follow_network social_network=\u201dfacebook\u201d url=\u201dhttps:\/\/www.facebook.com\/DancingCuba.Info\/\u201d icon_color=\u201d#FFFFFF\u201d _builder_version=\u201d4.9 .2\u2033 _module_preset=\u201ddefault\u201d background_enable_color=\u201doff\u201d follow_button=\u201doff\u201d url_new_window=\u201don\u201d]facebook[\/et_pb_social_media_follow_network][et_pb_social_media_follow_network social_network=\u201dinstagram\u201d url=\u201dhttps:\/\/instagram.com\/dancingcuba?utm_medium =copy_link\u201d _builder_version=\u201d4.9.2\u2033 _module_preset=\u201ddefault\u201d background_enable_color=\u201doff\u201d follow_button=\u201doff\u201d url_new_window=\u201don\u201d]instagram[\/et_pb_social_media_follow_network][et_pb_social_media_follow_network social_network=\u201dtwitter\u201d url=\u201dhttps:\/\/ twitter.com\/DancingCuba\u201d _builder_version=\u201d4.9.2\u2033 _module_preset=\u201ddefault\u201d background_enable_color=\u201doff\u201d follow_button=\u201doff\u201d url_new_window=\u201don\u201d]twitter[\/et_pb_social_media_follow_network][\/et_pb_social_media_follow][\/et_pb_column][et_pb_column type =\u201d1_3\u2033 _builder_version=\u201d4.9.2\u2033 _module_preset=\u201dpredeterminado\u201d ][et_pb_divider color=\u201d#FFFFFF\u201d divider_weight=\u201d2px\u201d _builder_version=\u201d4.9.2\u2033 _module_preset=\u201ddefault\u201d][\/et_pb_divider][\/et_pb_column][\/et_pb_row][\/et_pb_section]<\/p>","protected":false},"excerpt":{"rendered":"<p>Cabaret Parisien.23 STREET. OLD HABANA In Cabaret Parisien you\u2019ll enjoy a great show \u201cCubano, Cubano\u201d inspired in the fusion of Indo-American, Hispanic and African cultures that led to the Cuban culture. You\u2019ll be able to visit the Cabaret Parisien every day from 9:00 p.m. to 2:00 a.m. The show starts at 10:00 p.m. and afterwards [&hellip;]<\/p>","protected":false},"author":3,"featured_media":0,"parent":0,"menu_order":0,"comment_status":"closed","ping_status":"closed","template":"","meta":{"_et_pb_use_builder":"on","_et_pb_old_content":"","_et_gb_content_width":"","_monsterinsights_skip_tracking":false,"_monsterinsights_sitenote_active":false,"_monsterinsights_sitenote_note":"","_monsterinsights_sitenote_category":0,"footnotes":""},"aioseo_notices":[],"_links":{"self":[{"href":"https:\/\/dancingcuba.com\/es\/wp-json\/wp\/v2\/pages\/2641"}],"collection":[{"href":"https:\/\/dancingcuba.com\/es\/wp-json\/wp\/v2\/pages"}],"about":[{"href":"https:\/\/dancingcuba.com\/es\/wp-json\/wp\/v2\/types\/page"}],"author":[{"embeddable":true,"href":"https:\/\/dancingcuba.com\/es\/wp-json\/wp\/v2\/users\/3"}],"replies":[{"embeddable":true,"href":"https:\/\/dancingcuba.com\/es\/wp-json\/wp\/v2\/comments?post=2641"}],"version-history":[{"count":0,"href":"https:\/\/dancingcuba.com\/es\/wp-json\/wp\/v2\/pages\/2641\/revisions"}],"wp:attachment":[{"href":"https:\/\/dancingcuba.com\/es\/wp-json\/wp\/v2\/media?parent=2641"}],"curies":[{"name":"wp","href":"https:\/\/api.w.org\/{rel}","templated":true}]}}