{"id":2625,"date":"2021-08-04T15:48:16","date_gmt":"2021-08-04T15:48:16","guid":{"rendered":"https:\/\/dev.dancingcuba.info\/?page_id=2625"},"modified":"2021-10-24T20:18:36","modified_gmt":"2021-10-24T20:18:36","slug":"dance-clubs-new","status":"publish","type":"page","link":"https:\/\/dancingcuba.com\/es\/dance-clubs-new\/","title":{"rendered":"Discotecas Nuevo"},"content":{"rendered":"<p>[et_pb_section fb_built=&#8221;1&#8243; fullwidth=&#8221;on&#8221; _builder_version=&#8221;4.9.2&#8243; _module_preset=&#8221;default&#8221; global_colors_info=&#8221;{}&#8221;][et_pb_fullwidth_header title=&#8221;Come and visit the best dance clubs in Havana&#8221; text_orientation=&#8221;center&#8221; header_scroll_down=&#8221;on&#8221; scroll_down_icon=&#8221;%%1%%&#8221; scroll_down_icon_size_tablet=&#8221;&#8221; scroll_down_icon_size_phone=&#8221;60px&#8221; scroll_down_icon_size_last_edited=&#8221;on|phone&#8221; _builder_version=&#8221;4.9.2&#8243; _module_preset=&#8221;default&#8221; title_font=&#8221;Tangerine||||||||&#8221; title_text_color=&#8221;#FFFFFF&#8221; title_font_size=&#8221;130px&#8221; content_font=&#8221;|300|||||||&#8221; background_color=&#8221;#ffbf24&#8243; title_font_size_tablet=&#8221;&#8221; title_font_size_phone=&#8221;65px&#8221; title_font_size_last_edited=&#8221;on|phone&#8221; global_colors_info=&#8221;{}&#8221;]<\/p>\n<p>&nbsp;<\/p>\n<p>MAPA<\/p>\n<p>[\/et_pb_fullwidth_header][\/et_pb_section][et_pb_section fb_built=&#8221;1&#8243; fullwidth=&#8221;on&#8221; _builder_version=&#8221;4.9.2&#8243; _module_preset=&#8221;default&#8221; global_colors_info=&#8221;{}&#8221;][et_pb_fullwidth_code _builder_version=&#8221;4.9.2&#8243; _module_preset=&#8221;default&#8221; hover_enabled=&#8221;0&#8243; global_colors_info=&#8221;{}&#8221; sticky_enabled=&#8221;0&#8243;]<div id=\"travelersmap-container-69e0944b96e31\" class=\"travelersmap-container\" style=\"z-index: 1; min-height: 10px; min-width:10px; height:600px;width:100%; max-width:; max-height:; position:relative;\"><div style=\"position:absolute; z-index:-1;top: 50%;text-align: center;display: block;left: 50%;transform: translate(-50%,-50%);\">El mapa de viajeros se est\u00e1 cargando ... <br> Si ve esto despu\u00e9s de que su p\u00e1gina se carg\u00f3 por completo, faltan los archivos leafletJS.<\/div><\/div>[\/et_pb_fullwidth_code][\/et_pb_section][et_pb_section fb_built=&#8221;1&#8243; fullwidth=&#8221;on&#8221; _builder_version=&#8221;4.9.2&#8243; _module_preset=&#8221;default&#8221; global_colors_info=&#8221;{}&#8221;][et_pb_fullwidth_header header_scroll_down=&#8221;on&#8221; scroll_down_icon=&#8221;%%1%%&#8221; scroll_down_icon_color=&#8221;#fe0000&#8243; scroll_down_icon_size=&#8221;100px&#8221; _builder_version=&#8221;4.9.2&#8243; _module_preset=&#8221;default&#8221; background_color=&#8221;#ffbf24&#8243; global_colors_info=&#8221;{}&#8221;][\/et_pb_fullwidth_header][\/et_pb_section][et_pb_section fb_built=&#8221;1&#8243; disabled_on=&#8221;off|off|off&#8221; admin_label=&#8221;Footer&#8221; _builder_version=&#8221;4.9.2&#8243; background_color=&#8221;#fe0000&#8243; background_color_gradient_direction=&#8221;131deg&#8221; max_width=&#8221;100%&#8221; max_width_tablet=&#8221;&#8221; max_width_phone=&#8221;&#8221; max_width_last_edited=&#8221;on|phone&#8221; module_alignment=&#8221;center&#8221; custom_padding=&#8221;|0px||0px|false|false&#8221; animation_direction=&#8221;bottom&#8221; saved_tabs=&#8221;all&#8221; locked=&#8221;off&#8221; global_colors_info=&#8221;{}&#8221;][et_pb_row column_structure=&#8221;1_3,1_3,1_3&#8243; make_equal=&#8221;on&#8221; _builder_version=&#8221;4.9.2&#8243; background_color_gradient_direction=&#8221;38deg&#8221; width=&#8221;100%&#8221; max_width=&#8221;85%&#8221; module_alignment=&#8221;center&#8221; custom_margin=&#8221;0px||-20px||false|false&#8221; custom_margin_tablet=&#8221;-50px||-50px||false|false&#8221; custom_margin_phone=&#8221;0px||||false|false&#8221; custom_margin_last_edited=&#8221;on|phone&#8221; custom_padding=&#8221;0px||0px||false|false&#8221; module_alignment_tablet=&#8221;&#8221; module_alignment_phone=&#8221;center&#8221; module_alignment_last_edited=&#8221;on|phone&#8221; locked=&#8221;off&#8221; global_colors_info=&#8221;{}&#8221;][et_pb_column type=&#8221;1_3&#8243; _builder_version=&#8221;3.25&#8243; custom_padding=&#8221;|||&#8221; global_colors_info=&#8221;{}&#8221; custom_padding__hover=&#8221;|||&#8221;][et_pb_text content_tablet=&#8221;<\/p>\n<h6> SERVICIOS <\/h6>\n<p><\/p>\n<p>LECCIONES DE BAILE<\/p>\n<p>TOUR DE BAILE<\/p>\n<p>HOTEL<\/p>\n<p>VIAJE \u201dcontent_phone =\u201d<\/p>\n<h4 style=\"%22text-align:\" center;%22>Servicios<\/h4>\n<p>\u201dContent_last_edited =\u201d off | phone \u201d_builder_version =\u201d 4.9.2 \u2033 text_font = \u201dLato | 300 |||||||\u201d text_text_color = \u201d#FFFFFF\u201d text_font_size = \u201d16px\u201d text_line_height = \u201d1.8em\u201d header_font = \u201dLato |||||||||\u201d header_line_height = \u201d0em\u201d header_4_font = \u201dLato ||| en |||||\u201d header_4_font_size = \u201d20px\u201d header_4_letter_spacing = \u201d1px\u201d header_4_line_height = \u201d1.5em\u201d header_6_font = \u201dLato ||||||||\u201d header_6_font_size = \u201d20px\u201d header_6_line_height = \u201d0px\u201d background_layout = \u201ddark\u201d custom_margin = \u201d150px |||| false | false\u201d custom_margin_tablet = \u201d\u201d custom_margin_phone = \u201d30px || 10px || false | false\u201d custom_margin_last_edited = \u201den | tel\u00e9fono \u201dHeader_4_font_size_tablet =\u201d \u201dheader_4_font_size_phone =\u201d 15px \u201dheader_4_font_size_last_edited =\u201d en | tel\u00e9fono \u201dbloqueado =\u201d apagado \u201dglobal_colors_info =\u201d {} \u201d]<\/p>\n<h4 style=\"text-align: center;\">INFORMACI\u00d3N<\/h4>\n<p>[\/ et_pb_text] [et_pb_text content_phone = \u201d<\/p>\n<h5 style=\"%22text-align:\" center;%22>LECCIONES DE BAILE<\/h5>\n<p>\u201dContent_last_edited =\u201d off | phone \u201d_builder_version =\u201d 4.10.7 \u2033 text_font = \u201dPoppins ||||||||\u201d text_text_color = \u201drgba (0,0,0,0.5)\u201d text_font_size = \u201d16px\u201d text_line_height = \u201d1.9em\u201d header_font = \u201d|||||||||\u201d header_4_font = \u201d| 700 || en |||||\u201d header_4_font_size = \u201d16px\u201d header_4_letter_spacing = \u201d1px\u201d header_4_line_height = \u201d1.5em\u201d header_5_font = \u201dRoboto | 300 |||||||\u201d background_layout = \u201doscuro\u201d custom_margin = \u201d0px || 20px || falso | falso\u201d custom_margin_tablet = \u201d\u201d custom_margin_phone = \u201d0px || 10px || falso | falso\u201d custom_margin_last_edited = \u201den | tel\u00e9fono\u201d custom_padding = \u201d0px |||| false | false \u201dlink_option_url =\u201d mailto: info@dancingcuba.com \u201dheader_5_font_size_tablet =\u201d \u201dheader_5_font_size_phone =\u201d 14px \u201dheader_5_font_size_last_edited =\u201d en | tel\u00e9fono \u201dbloqueado =\u201d apagado \u201dglobal_colors_info =\u201d {} \u201d]<\/p>\n<h5 style=\"text-align: center;\">CORREO ELECTR\u00d3NICO: info@dancingcuba.com<\/h5>\n<p>[\/ et_pb_text] [\/ et_pb_column] [et_pb_column type = \u201d1_3 \u2033 _builder_version =\u201d 3.25 \u2033 custom_padding = \u201d|||\u201d global_colors_info = \u201d{}\u201d custom_padding__hover = \u201d|||\u201d] [et_pb_image src = \u201dhttps:\/\/dancingcuba.com\/wp-content\/uploads\/2021\/08\/logoSmall.png\u201d title_text = \u201dlogoSmall\u201d _builder_version = \u201d4.9 .2 \u2033 _module_preset = \u201dpredeterminado\u201d custom_margin_tablet = \u201d\u201d custom_margin_phone = \u201d0px || 0px || falso | falso\u201d custom_margin_last_edited = \u201den | tel\u00e9fono\u201d custom_padding_tablet = \u201d\u201d custom_padding_phone = \u201d0px || 0px || falso | falso\u201d customedited_padding_last = \u201dEn | tel\u00e9fono\u201d global_colors_info = \u201d{}\u201d] [\/ et_pb_image] [\/ et_pb_column] [et_pb_column type = \u201d1_3 \u2033 _builder_version =\u201d 3.25 \u2033 custom_padding = \u201d|||\u201d global_colors_info = \u201d{}\u201d custom_padding__hover = \u201d|||\u201d] [et_pb_text content_tablet = \u201d<\/p>\n<h6> SERVICIOS <\/h6>\n<p><\/p>\n<p>LECCIONES DE BAILE<\/p>\n<p>TOUR DE BAILE<\/p>\n<p>HOTEL<\/p>\n<p>VIAJE \u201dcontent_phone =\u201d<\/p>\n<h4 style=\"%22text-align:\" center;%22>Servicios<\/h4>\n<p>\u201dContent_last_edited =\u201d off | phone \u201d_builder_version =\u201d 4.9.2 \u2033 text_font = \u201dLato | 300 |||||||\u201d text_text_color = \u201d#FFFFFF\u201d text_font_size = \u201d16px\u201d text_line_height = \u201d1.8em\u201d header_font = \u201dLato |||||||||\u201d header_line_height = \u201d0em\u201d header_4_font = \u201dLato ||| en |||||\u201d header_4_font_size = \u201d20px\u201d header_4_letter_spacing = \u201d1px\u201d header_4_line_height = \u201d1.5em\u201d header_6_font = \u201dLato ||||||||\u201d header_6_font_size = \u201d20px\u201d header_6_line_height = \u201d0px\u201d background_layout = \u201ddark\u201d custom_margin = \u201d150px |||| false | false\u201d custom_margin_tablet = \u201d\u201d custom_margin_phone = \u201d0px || 10px || false | false\u201d custom_margin_last_edited = \u201den | tel\u00e9fono \u201dHeader_4_font_size_tablet =\u201d \u201dheader_4_font_size_phone =\u201d 15px \u201dheader_4_font_size_last_edited =\u201d en | tel\u00e9fono \u201dbloqueado =\u201d apagado \u201dglobal_colors_info =\u201d {} \u201d]<\/p>\n<h4 style=\"text-align: center;\">SOBRE NOSOTROS<\/h4>\n<p>[\/ et_pb_text] [et_pb_text content_phone = \u201d<\/p>\n<h5 style=\"%22text-align:\" center;%22>LECCIONES DE BAILE<\/h5>\n<p>\u201dContent_last_edited =\u201d off | phone \u201d_builder_version =\u201d 4.9.2 \u2033 text_font = \u201dPoppins ||||||||\u201d text_text_color = \u201drgba (0,0,0,0.5)\u201d text_font_size = \u201d16px\u201d text_line_height = \u201d1.9em\u201d header_font = \u201d|||||||||\u201d header_4_font = \u201d| 700 || en |||||\u201d header_4_font_size = \u201d16px\u201d header_4_letter_spacing = \u201d1px\u201d header_4_line_height = \u201d1.5em\u201d header_5_font = \u201dRoboto | 300 |||||||\u201d background_layout = \u201doscuro\u201d custom_margin = \u201d0px || 20px || falso | falso\u201d custom_margin_tablet = \u201d\u201d custom_margin_phone = \u201d0px || 10px || falso | falso\u201d custom_margin_last_edited = \u201den | tel\u00e9fono\u201d custom_padding = \u201d0px |||| false | false \u201dlink_option_url =\u201d https:\/\/dancingcuba.com\/contact-us-new\/ \u201dheader_5_font_size_tablet =\u201d \u201dheader_5_font_size_phone =\u201d 14px \u201dheader_5_font_size_last_edited =\u201d en | tel\u00e9fono \u201dbloqueado =\u201d apagado \u201dglobal_colors_info =\u201d {} \u201d]<\/p>\n<h5 style=\"text-align: center;\">QUIENES SOMOS <\/h5>\n<p>[\/ et_pb_text] [et_pb_text content_phone = \u201d<\/p>\n<h5 style=\"%22text-align:\" center;%22>LECCIONES DE BAILE<\/h5>\n<p>\u201dContent_last_edited =\u201d off | phone \u201d_builder_version =\u201d 4.9.2 \u2033 text_font = \u201dPoppins ||||||||\u201d text_text_color = \u201drgba (0,0,0,0.5)\u201d text_font_size = \u201d16px\u201d text_line_height = \u201d1.9em\u201d header_font = \u201d|||||||||\u201d header_4_font = \u201d| 700 || en |||||\u201d header_4_font_size = \u201d16px\u201d header_4_letter_spacing = \u201d1px\u201d header_4_line_height = \u201d1.5em\u201d header_5_font = \u201dRoboto | 300 |||||||\u201d background_layout = \u201doscuro\u201d custom_margin = \u201d0px || 20px || falso | falso\u201d custom_margin_tablet = \u201d\u201d custom_margin_phone = \u201d0px || 10px || falso | falso\u201d custom_margin_last_edited = \u201den | tel\u00e9fono\u201d custom_padding = \u201d0px |||| false | false \u201dlink_option_url =\u201d https:\/\/vapor156.com \u201dheader_5_font_size_tablet =\u201d \u201dheader_5_font_size_phone =\u201d 14px \u201dheader_5_font_size_last_edited =\u201d en | tel\u00e9fono \u201dbloqueado =\u201d off \u201dglobal_colors_info =\u201d {} \u201d]<\/p>\n<h5 style=\"text-align: center;\">HOTEL BOUTIQUE VAPOR 156<\/h5>\n<p>[\/ et_pb_text] [\/ et_pb_column] [\/ et_pb_row] [et_pb_row column_structure = \u201d1_3,1_3,1_3 \u2033 _builder_version =\u201d 4.9.2 \u2033 _module_preset = \u201ddefault\u201d custom_margin = \u201d50px |||| falso | falso\u201d custom_margin_tablet \u201dCustom_margin_phone =\u201d \u201dcustom_margin_last_edited =\u201d en | escritorio \u201dglobal_colors_info =\u201d {} \u201d] [et_pb_column type =\u201d 1_3 \u2033 _builder_version = \u201d4.9.2 \u2033 _module_preset =\u201d default \u201dglobal_colors_info =\u201d {} \u201d] [et_pb_divider color #FFFFFF \u201ddivider_weight =\u201d 2px \u201d_builder_version =\u201d 4.9.2 \u2033 _module_preset = \u201dpredeterminado\u201d bloqueado = \u201ddesactivado\u201d global_colors_info = \u201d{}\u201d] [\/ et_pb_divider] [\/ et_pb_column] [et_pb_column type = \u201d1_3 \u2033 _builder .2 \u2033 _module_preset = \u201dpredeterminado\u201d global_colors_info = \u201d{}\u201d] [et_pb_social_media_follow icon_color = \u201d#FFFFFF\u201d use_icon_font_size = \u201den\u201d icon_font_size = \u201d40px\u201d icon_font_size_tablet = \u201d\u201d icon_font_size \u201d_phone | \u201d4.9.2 \u2033 _module_preset =\u201d default \u201dtext_orientation =\u201d centro \u201dcustom_margin =\u201d - 50px || 0px || falso | falso \u201dcustom_margin_tablet =\u201d 0px |||| falso | falso \u201dcus tom_margin_phone = \u201d- 25px |||| false | false\u201d custom_margin_last_edited = \u201den | escritorio\u201d custom_padding = \u201d0px || 0px || false | false\u201d bloqueado = \u201ddesactivado\u201d global_colors_info = \u201d{}\u201d] [et_pb_social_media_follow_network social_network = \u201d facebook \u201durl =\u201d https:\/\/www.facebook.com\/DancingCuba.Info\/ \u201dicon_color =\u201d #FFFFFF \u201d_builder_version =\u201d 4.9.2 \u2033 _module_preset = \u201dpredeterminado\u201d background_enable_color = \u201doff\u201d global_colors_info = \u201d{}\u201d follow_button = \u201dOff\u201d url_new_window = \u201den\u201d] facebook [\/ et_pb_social_media_follow_network] [et_pb_social_media_follow_network social_network = \u201dinstagram\u201d url = \u201dhttps:\/\/instagram.com\/dancingcuba?utm_medium=copy_link\u201d _builder_version = \u201d4.9.2 \u2033 default_module\u201d background_enable_color = \u201doff\u201d global_colors_info = \u201d{}\u201d follow_button = \u201doff\u201d url_new_window = \u201den\u201d] instagram [\/ et_pb_social_media_follow_network] [et_pb_social_media_follow_network social_network = \u201dtwitter\u201d url = \u201dhttps:\/\/twitterba.com\u201d 4.9.2 \u2033 _module_preset = \u201dpredeterminado\u201d background_enable_color = \u201doff\u201d global_colors_info = \u201d{}\u201d follow_b utton = \u201doff\u201d url_new_window = \u201don\u201d] twitter [\/ et_pb_social_media_follow_network] [\/ et_pb_social_media_follow] [\/ et_pb_column] [et_pb_column type = \u201d1_3 \u2033 _builder_version =\u201d 4.9.2 \u2033 _colors_info} \u201d [et_pb_divider color = \u201d#FFFFFF\u201d divider_weight = \u201d2px\u201d _builder_version = \u201d4.9.2 \u2033 _module_preset =\u201d predeterminado \u201dglobal_colors_info =\u201d {} \u201d] [\/ et_pb_divider] [\/ et_pb_column] [\/ et_pb_rowb] [\/ et_pb_pb_section<\/p>","protected":false},"excerpt":{"rendered":"<p>Buena Vista Social Night ClubZULUETA 658. OLD HABANA The Buena Vista Social Club was a social club that was located in the populous\u00a0Marianao\u00a0neighborhood in Havana\u00a0city that gathered a group of members that practiced activities related to music and dance and that enjoyed wide popularity in Cuba.\u00a0It became an obligatory meeting place for the musicians of [&hellip;]<\/p>","protected":false},"author":3,"featured_media":0,"parent":0,"menu_order":0,"comment_status":"closed","ping_status":"closed","template":"","meta":{"_et_pb_use_builder":"on","_et_pb_old_content":"","_et_gb_content_width":"","_monsterinsights_skip_tracking":false,"_monsterinsights_sitenote_active":false,"_monsterinsights_sitenote_note":"","_monsterinsights_sitenote_category":0,"footnotes":""},"aioseo_notices":[],"_links":{"self":[{"href":"https:\/\/dancingcuba.com\/es\/wp-json\/wp\/v2\/pages\/2625"}],"collection":[{"href":"https:\/\/dancingcuba.com\/es\/wp-json\/wp\/v2\/pages"}],"about":[{"href":"https:\/\/dancingcuba.com\/es\/wp-json\/wp\/v2\/types\/page"}],"author":[{"embeddable":true,"href":"https:\/\/dancingcuba.com\/es\/wp-json\/wp\/v2\/users\/3"}],"replies":[{"embeddable":true,"href":"https:\/\/dancingcuba.com\/es\/wp-json\/wp\/v2\/comments?post=2625"}],"version-history":[{"count":1,"href":"https:\/\/dancingcuba.com\/es\/wp-json\/wp\/v2\/pages\/2625\/revisions"}],"predecessor-version":[{"id":3892,"href":"https:\/\/dancingcuba.com\/es\/wp-json\/wp\/v2\/pages\/2625\/revisions\/3892"}],"wp:attachment":[{"href":"https:\/\/dancingcuba.com\/es\/wp-json\/wp\/v2\/media?parent=2625"}],"curies":[{"name":"wp","href":"https:\/\/api.w.org\/{rel}","templated":true}]}}