{"id":171,"date":"2020-07-19T17:31:20","date_gmt":"2020-07-19T17:31:20","guid":{"rendered":"https:\/\/dancingcuba.info\/?page_id=171"},"modified":"2020-07-19T17:31:22","modified_gmt":"2020-07-19T17:31:22","slug":"origins-of-ballroom-dancing-in-cuba","status":"publish","type":"page","link":"https:\/\/dancingcuba.com\/es\/origins-of-ballroom-dancing-in-cuba\/","title":{"rendered":"Or\u00edgenes de los bailes de sal\u00f3n en Cuba"},"content":{"rendered":"<p>Dentro del extenso acervo danc\u00edstico que hoy tiene Cuba, se pueden encontrar diferentes clasificaciones de las manifestaciones m\u00fasica-danzarias, pertenecientes a las tres ra\u00edces principales del folclor cubano: hisp\u00e1nica, africana y franco-haitiana. Entre ellas podemos mencionar las danzas populares tradicionales de contenido ritual, y las danzas populares tradicionales laicas o profanas. Intr\u00ednsecamente a estos \u00faltimos, se distinguen a su vez los bailes sociales o de sal\u00f3n.<\/p>\n\n\n\n<p>Los bailes sociales cubanos o bailes de sal\u00f3n son aquellos que se relacionan fundamentalmente con los n\u00facleos sociales de los centros urbanos y que se realizan, en su mayor\u00eda, en espacios destinados a la recreaci\u00f3n, tales como: sociedades recreativas, clubes sociales, cabarets, salas de residencias y plazas. Si bien este tipo de manifestaci\u00f3n bailable es un producto inmediato de la ciudad, ese hecho no excluye que tambi\u00e9n se cultive en las zonas rurales.<\/p>\n\n\n\n<p>Los bailes de sal\u00f3n est\u00e1n \u00edntimamente ligados a los eventos sociales donde, aunque existen otras actividades, el baile como tal es el atractivo decisivo de la ocasi\u00f3n. Es el caso de las fiestas populares, carnavales, parrandas, charangas y todo tipo de fiestas p\u00fablicas o privadas. En estos contextos se dan las circunstancias favorables para el baile de pareja, que permite no s\u00f3lo el libre acercamiento er\u00f3tico de las parejas, sino tambi\u00e9n la solidaridad colectiva sin distinci\u00f3n de clases sociales, edades, sexos y razas.<\/p>\n\n\n\n<p>Desde el siglo XVIII, y probablemente antes; los m\u00e1s diversos bailes de sal\u00f3n que surgieron en otros pa\u00edses se introdujeron en Cuba por distintas v\u00edas, y que constituyeron la moda del momento (Baile Country, Minuet, Rigodon, Lanceros, Quadrille, Waltz). Luego de llegar a la Isla y alcanzar su apogeo, pasaron por un proceso de adaptaci\u00f3n a las nuevas condiciones socioculturales y geogr\u00e1ficas. Esto proporcion\u00f3 en muchos casos la criollizaci\u00f3n tanto de la m\u00fasica como de la danza. En otros casos, se produjo el surgimiento de nuevos bailes de sal\u00f3n (Danza Criolla Campesina, la Danza, la Habanera, el Danz\u00f3n) a partir de la selecci\u00f3n y combinaci\u00f3n de formas realizadas por los bailarines, a partir de elementos recibidos con aportes realizados en correspondencia con el levantamiento cubano. identidad cultural.&nbsp;<\/p>\n\n\n\n<p>Durante los siglos XIX y XX se inici\u00f3 en los salones de baile la g\u00e9nesis de los diferentes bailes de sal\u00f3n cubanos, que luego se expandieron por todo el pa\u00eds, con car\u00e1cter urbano o suburbano. Las Sociedades de Espect\u00e1culos, junto con las Academias de Danza, los salones de residencias particulares y otros lugares destinados al esparcimiento, influyeron en el gusto por la danza de la poblaci\u00f3n cubana en diferentes \u00e9pocas.&nbsp;&nbsp;<\/p>\n\n\n\n<p>Los antecedentes de los bailes de sal\u00f3n cubanos se encuentran en el Country-dance, g\u00e9nero musical bailable catalogado dentro de los llamados c\u00f3digos de baile, que se origin\u00f3 en Inglaterra y Normand\u00eda.&nbsp;&nbsp;<\/p>\n\n\n\n<p>La Contradanza es introducida en Cuba por Espa\u00f1a que, como colonia, impuso sus h\u00e1bitos y costumbres en la Isla; por Inglaterra, cuando los brit\u00e1nicos se apoderaron de La Habana en 1762; y por Francia, como consecuencia de las sucesivas migraciones franco-haitianas hacia el oriente del pa\u00eds durante la Revoluci\u00f3n Haitiana de 1791.<\/p>\n\n\n\n<p>Fue interpretado en Cuba desde el siglo XVIII, pero no fue hasta principios del siglo XIX cuando alcanz\u00f3 un notable auge, y adopt\u00f3 caracter\u00edsticas muy especiales que lo convirtieron en un baile-pa\u00eds criollo. El baile criollo m\u00e1s antiguo que se conoce es \u201cSan Pascual bail\u00f3n\u201d, el cual es an\u00f3nimo y fue publicado en 1803.&nbsp;<\/p>\n\n\n\n<p>Entre sus principales particularidades se encuentra el llamado ritmo de tango, figuraci\u00f3n proveniente de la m\u00fasica africana, que la danza campesina, primer eslab\u00f3n de la cadena de los bailes de sal\u00f3n cubanos, asimil\u00f3 junto con ciertos movimientos corporales. Los elementos de la m\u00fasica africana ingresaron a este g\u00e9nero de danza a trav\u00e9s de los m\u00fasicos que la tocaban, quienes formaban parte de las bandas de negros que tocaban en bailes p\u00fablicos, escuelas de baile, fiestas de pesebre, fiestas patronales y fiestas de la clase aristocr\u00e1tica.&nbsp;<\/p>\n\n\n\n<p>De la danza-pa\u00eds nacieron los g\u00e9neros de La Clave, La Habanera, La Criolla y Danz\u00f3n. El elemento sustancial m\u00e1s importante que aport\u00f3 el baile-pa\u00eds a los bailes de sal\u00f3n cubanos fue su paso b\u00e1sico. Este consiste en avanzar o retroceder alternando los pies, en cuatro tiempos musicales. En esencia, esta forma b\u00e1sica se mantuvo en <strong>danza<\/strong>, <strong><a href=\"#Danz\u00f3n\">danz\u00f3n<\/a><\/strong>, <strong>hijo<\/strong> y <strong>casino<\/strong>, aunque evolucion\u00f3 en diferentes \u00e9pocas con ciertos cambios en los acentos corporales y el ritmo, y algunas otras variaciones menores u ornamentos en los pies, especialmente en los desplazamientos y la ejecuci\u00f3n de nuevas figuras.&nbsp;<\/p>\n\n\n\n<p>El reinado del country-dance dur\u00f3 casi 30 a\u00f1os. En la primera mitad del siglo XIX tuvo un gran apogeo en toda la poblaci\u00f3n, pero hubo muchos matices en relaci\u00f3n al lugar y la gente que lo bailaba. Mostr\u00f3 mayor libertad corporal cuando fue ejecutado por plebeyos. La forma de ejecuci\u00f3n de los movimientos seguramente fue influenciada por los esclavos, ya que ellos tambi\u00e9n ense\u00f1aban a bailar a las se\u00f1oritas.&nbsp;<\/p>\n\n\n\n<p>Si bien el baile tiene una forma musical similar a la del country-dance, presenta modificaciones considerables desde el punto de vista coreogr\u00e1fico con respecto al mismo. La danza tiene como caracter\u00edstica muy especial el ser por primera vez en los bailes de sal\u00f3n cubanos; los hombres toman a las mujeres en posiciones cerradas de baile social. Este arreglo entre las parejas se utiliz\u00f3 en danz\u00f3n, danzonete, <strong>cha-cha<\/strong>, hijo y finalmente el casino.<\/p>","protected":false},"excerpt":{"rendered":"<p>Different classifications of the music-dance manifestations can be found within the extensive dance heritage that Cuba has today, belonging to the three main roots of Cuban folklore: Hispanic, African and Franco-Haitian. Among them we can mention the traditional folk dances of ritual content, and the secular or profane traditional folk dances. Intrinsically to the latter, [&hellip;]<\/p>","protected":false},"author":5,"featured_media":0,"parent":0,"menu_order":0,"comment_status":"closed","ping_status":"closed","template":"","meta":{"_et_pb_use_builder":"","_et_pb_old_content":"","_et_gb_content_width":"","_monsterinsights_skip_tracking":false,"_monsterinsights_sitenote_active":false,"_monsterinsights_sitenote_note":"","_monsterinsights_sitenote_category":0,"footnotes":""},"aioseo_notices":[],"_links":{"self":[{"href":"https:\/\/dancingcuba.com\/es\/wp-json\/wp\/v2\/pages\/171"}],"collection":[{"href":"https:\/\/dancingcuba.com\/es\/wp-json\/wp\/v2\/pages"}],"about":[{"href":"https:\/\/dancingcuba.com\/es\/wp-json\/wp\/v2\/types\/page"}],"author":[{"embeddable":true,"href":"https:\/\/dancingcuba.com\/es\/wp-json\/wp\/v2\/users\/5"}],"replies":[{"embeddable":true,"href":"https:\/\/dancingcuba.com\/es\/wp-json\/wp\/v2\/comments?post=171"}],"version-history":[{"count":0,"href":"https:\/\/dancingcuba.com\/es\/wp-json\/wp\/v2\/pages\/171\/revisions"}],"wp:attachment":[{"href":"https:\/\/dancingcuba.com\/es\/wp-json\/wp\/v2\/media?parent=171"}],"curies":[{"name":"wp","href":"https:\/\/api.w.org\/{rel}","templated":true}]}}